{"id":1845,"date":"2016-09-14T10:50:51","date_gmt":"2016-09-14T08:50:51","guid":{"rendered":"http:\/\/studio-zebre.com\/site\/?page_id=1845"},"modified":"2024-12-31T01:13:50","modified_gmt":"2024-12-30T23:13:50","slug":"live","status":"publish","type":"page","link":"https:\/\/studio-zebre.com\/site\/live\/","title":{"rendered":"LA R\u00c9GIE MOBILE"},"content":{"rendered":"\n<h2 class=\"wp-block-heading\">LA R\u00c9GIE MOBILE<\/h2>\n\n\n\n<p class=\"has-text-align-center\"><mark style=\"background-color:rgba(0, 0, 0, 0)\" class=\"has-inline-color has-foreground-color\">La captation et la diffusion du son en ligne fait appel \u00e0 des outils et des comp\u00e9tences directement li\u00e9es au monde du studio. Que votre \u00e9v\u00e9nement soit en direct ou en diff\u00e9r\u00e9, que vous soyez \u00e0 la recherche d&rsquo;une simple optimisation avant l&rsquo;antenne ou d&rsquo;une prestation compl\u00e8te (enregistrement, mix, mastering live), nous sommes \u00e0 m\u00eame de vous proposer diff\u00e9rentes solutions.&nbsp;<\/mark><\/p>\n\n\n\n<p class=\"has-text-align-center\" style=\"padding-top:var(--wp--preset--spacing--x-small);padding-bottom:var(--wp--preset--spacing--x-small)\"><strong><mark style=\"background-color:rgba(0, 0, 0, 0)\" class=\"has-inline-color has-foreground-color\">\u00c9COUTEZ LA DIFF\u00c9RENCE :<\/mark><\/strong><\/p>\n\n\n\n<figure class=\"wp-block-embed is-type-video is-provider-youtube wp-block-embed-youtube wp-embed-aspect-16-9 wp-has-aspect-ratio\" style=\"margin-top:0;margin-bottom:0\"><div class=\"wp-block-embed__wrapper\">\n<iframe loading=\"lazy\" title=\"Studio Le Z\u00e8bre : en Live\" width=\"950\" height=\"534\" src=\"https:\/\/www.youtube.com\/embed\/SH0m7UKO0KI?feature=oembed\" frameborder=\"0\" allow=\"accelerometer; autoplay; clipboard-write; encrypted-media; gyroscope; picture-in-picture; web-share\" referrerpolicy=\"strict-origin-when-cross-origin\" allowfullscreen><\/iframe>\n<\/div><\/figure>\n\n\n\n<div style=\"height:var(--wp--preset--spacing--x-small)\" aria-hidden=\"true\" class=\"wp-block-spacer\"><\/div>\n\n\n\n<h2 class=\"wp-block-heading\"><strong>EN LIVE<\/strong><\/h2>\n\n\n\n<div class=\"wp-block-media-text has-media-on-the-right is-stacked-on-mobile\" style=\"grid-template-columns:auto 30%\"><div class=\"wp-block-media-text__content\">\n<p style=\"padding-top:var(--wp--preset--spacing--x-small);padding-bottom:var(--wp--preset--spacing--x-small)\"><mark style=\"background-color:#000\" class=\"has-inline-color has-white-color\"><strong>POUR UNE SALLE \u00c9QUIP\u00c9E<\/strong><\/mark><br \/><strong>&#8211; R\u00e9gie streaming :<\/strong> mixage et mastering en direct avec son d&rsquo;ambiance.<br \/>Vous fournissez les micros, pieds, retours et nous fournissons le flux audio.<br \/>C&rsquo;est la solution id\u00e9ale pour contourner les inconv\u00e9nients d\u2019une simple copie du mixage destin\u00e9e \u00e0 la sonorisation, qui est ind\u00e9niablement alt\u00e9r\u00e9e par la compensation du son direct du plateau, du syst\u00e8me d&rsquo;\u00e9coute, ou encore par l&rsquo;acoustique du lieu.<\/p>\n\n\n\n<p><strong>&#8211; Mastering live :<\/strong> optimisation de votre mixage de sonorisation pour un rendu optimal sur les diff\u00e9rents syst\u00e8mes d\u2019\u00e9coute (t\u00e9l\u00e9phone, Tv, Hi-Fi, voiture&#8230;). Adaptat\u00e9 aux normes des plateformes de diffusion.<br \/><\/p>\n\n\n\n<p><strong><mark style=\"background-color:#000\" class=\"has-inline-color has-white-color\">POUR UN LIEU SANS \u00c9QUIPEMENT<\/mark><br \/>&#8211; R\u00e9gie multipistes<\/strong> : enregistrement, mixage, mastering, encodage et diffusion. Plateau fourni (retours de sc\u00e8ne, c\u00e2blage, micros et pieds).<\/p>\n<\/div><figure class=\"wp-block-media-text__media\"><img loading=\"lazy\" decoding=\"async\" width=\"1024\" height=\"684\" src=\"https:\/\/studio-zebre.com\/site\/wp-content\/uploads\/2021\/02\/37985193_2180086398891386_3226459589729845248_n-1024x684.jpg\" alt=\"R\u00e9gie streaming au Festival de la Paille\" class=\"wp-image-2291 size-large\" srcset=\"https:\/\/studio-zebre.com\/site\/wp-content\/uploads\/2021\/02\/37985193_2180086398891386_3226459589729845248_n-1024x684.jpg 1024w, https:\/\/studio-zebre.com\/site\/wp-content\/uploads\/2021\/02\/37985193_2180086398891386_3226459589729845248_n-300x200.jpg 300w, https:\/\/studio-zebre.com\/site\/wp-content\/uploads\/2021\/02\/37985193_2180086398891386_3226459589729845248_n-768x513.jpg 768w, https:\/\/studio-zebre.com\/site\/wp-content\/uploads\/2021\/02\/37985193_2180086398891386_3226459589729845248_n-1536x1026.jpg 1536w, https:\/\/studio-zebre.com\/site\/wp-content\/uploads\/2021\/02\/37985193_2180086398891386_3226459589729845248_n-2048x1367.jpg 2048w\" sizes=\"auto, (max-width: 1024px) 100vw, 1024px\" \/><\/figure><\/div>\n\n\n\n<div style=\"height:20px\" aria-hidden=\"true\" class=\"wp-block-spacer\"><\/div>\n\n\n\n<h2 class=\"wp-block-heading\"><strong>EN DIFF\u00c9R\u00c9<\/strong><\/h2>\n\n\n\n<div class=\"wp-block-media-text has-media-on-the-right is-stacked-on-mobile\" style=\"grid-template-columns:auto 30%\"><div class=\"wp-block-media-text__content\">\n<p style=\"padding-top:var(--wp--preset--spacing--x-small);padding-bottom:var(--wp--preset--spacing--x-small)\"><strong><mark style=\"background-color:#000\" class=\"has-inline-color has-white-color\">\u00c0 L\u2019EXT\u00c9RIEUR<\/mark><\/strong><br \/><strong>&#8211; Enregistrement :<\/strong> jusqu\u2019\u00e0 128 pistes avec redondance.<br \/>Plateau fourni (retours de sc\u00e8ne, c\u00e2blage, micros et pieds).<\/p>\n\n\n\n<p><strong><mark style=\"background-color:#000\" class=\"has-inline-color has-white-color\">AU STUDIO<\/mark><\/strong><br \/><strong>&#8211; Post Production :<\/strong> mixage et mastering studio d\u2019un enregistrement r\u00e9alis\u00e9 par vos soins, possibilit\u00e9 de mix \u00e0 l\u2019image.<\/p>\n\n\n\n<p><strong>&#8211; Mastering :<\/strong> optimisation d\u2019un mixage r\u00e9alis\u00e9 par vos soins, adapt\u00e9 aux normes des plateformes de diffusion.<\/p>\n\n\n\n<p><strong>&#8211; Restauration audio :<\/strong> nettoyage des bruits ind\u00e9sirables comme click, crack, buzz, souffle, porteuse, wow et flutter, d\u00e9t\u00e9rioration du spectre, r\u00e9verb\u00e9ration excessive, isolation de la voix et r\u00e9ajustement des volumes par groupe d\u2019instrument \u00e0 partir d\u2019un mixage (sous r\u00e9serve de faisabilit\u00e9).<\/p>\n\n\n\n<p>Pour toute demande d&rsquo;information&nbsp;<a href=\"https:\/\/studio-zebre.com\/site\/a-propos\/\">contactez&nbsp;nous<\/a> !<\/p>\n<\/div><figure class=\"wp-block-media-text__media\"><img loading=\"lazy\" decoding=\"async\" width=\"1024\" height=\"1022\" src=\"https:\/\/studio-zebre.com\/site\/wp-content\/uploads\/2021\/02\/LUFS-2-1024x1022.jpg\" alt=\"Normes LUFS\" class=\"wp-image-2292 size-full\" srcset=\"https:\/\/studio-zebre.com\/site\/wp-content\/uploads\/2021\/02\/LUFS-2-1024x1022.jpg 1024w, https:\/\/studio-zebre.com\/site\/wp-content\/uploads\/2021\/02\/LUFS-2-300x300.jpg 300w, https:\/\/studio-zebre.com\/site\/wp-content\/uploads\/2021\/02\/LUFS-2-150x150.jpg 150w, https:\/\/studio-zebre.com\/site\/wp-content\/uploads\/2021\/02\/LUFS-2-768x767.jpg 768w, https:\/\/studio-zebre.com\/site\/wp-content\/uploads\/2021\/02\/LUFS-2.jpg 1320w\" sizes=\"auto, (max-width: 1024px) 100vw, 1024px\" \/><\/figure><\/div>\n\n\n\n<h2 class=\"wp-block-heading\">R\u00c9F\u00c9RENCES<br \/><\/h2>\n\n\n\n<p><iframe loading=\"lazy\" src=\"https:\/\/www.youtube.com\/embed\/Y3CxAE7PXaU?start=10\" width=\"560\" height=\"315\" frameborder=\"0\" allowfullscreen=\"allowfullscreen\"><\/iframe><iframe loading=\"lazy\" src=\"https:\/\/www.youtube.com\/embed\/2xxQSqHT0js\" width=\"560\" height=\"315\" frameborder=\"0\" allowfullscreen=\"allowfullscreen\"><\/iframe><iframe loading=\"lazy\" src=\"https:\/\/www.youtube.com\/embed\/IMV_FrY1-s4\" width=\"560\" height=\"315\" frameborder=\"0\" allowfullscreen=\"allowfullscreen\"><\/iframe><iframe loading=\"lazy\" src=\"https:\/\/www.youtube.com\/embed\/nJIX__Q5W9s?start=10\" width=\"560\" height=\"315\" frameborder=\"0\" allowfullscreen=\"allowfullscreen\"><\/iframe><iframe loading=\"lazy\" src=\"https:\/\/www.youtube.com\/embed\/BYcl2XpOP0M\" width=\"560\" height=\"315\" frameborder=\"0\" allowfullscreen=\"allowfullscreen\"><\/iframe><\/p>\n","protected":false},"excerpt":{"rendered":"<p>LA R\u00c9GIE MOBILE La captation et la diffusion du son en ligne fait appel \u00e0 des outils et des comp\u00e9tences directement li\u00e9es au monde du studio. Que votre \u00e9v\u00e9nement soit en direct ou en diff\u00e9r\u00e9, que vous soyez \u00e0 la recherche d&rsquo;une simple optimisation avant l&rsquo;antenne ou d&rsquo;une prestation compl\u00e8te (enregistrement, mix, mastering live), nous &hellip; <\/p>\n<p class=\"link-more\"><a href=\"https:\/\/studio-zebre.com\/site\/live\/\" class=\"more-link\">Lire la suite de<span class=\"screen-reader-text\">\u00ab\u00a0LA R\u00c9GIE MOBILE\u00a0\u00bb<\/span><\/a><\/p>\n","protected":false},"author":1,"featured_media":2293,"parent":0,"menu_order":0,"comment_status":"closed","ping_status":"closed","template":"","meta":{"footnotes":""},"class_list":["post-1845","page","type-page","status-publish","has-post-thumbnail","hentry"],"yoast_head":"<!-- This site is optimized with the Yoast SEO plugin v27.6 - https:\/\/yoast.com\/product\/yoast-seo-wordpress\/ -->\n<title>LA R\u00c9GIE MOBILE - Studio Le Z\u00e8bre<\/title>\n<meta name=\"description\" content=\"Studio mobile pour l&#039;enregistrement, le mixage et le mastering du son de vos \u00e9v\u00e9nements retransmis en direct, streaming, radio, tv...\" \/>\n<meta name=\"robots\" content=\"index, follow, max-snippet:-1, max-image-preview:large, max-video-preview:-1\" \/>\n<link rel=\"canonical\" href=\"https:\/\/studio-zebre.com\/site\/live\/\" \/>\n<meta property=\"og:locale\" content=\"fr_FR\" \/>\n<meta property=\"og:type\" content=\"article\" \/>\n<meta property=\"og:title\" content=\"LA R\u00c9GIE MOBILE - Studio Le Z\u00e8bre\" \/>\n<meta property=\"og:description\" content=\"Studio mobile pour l&#039;enregistrement, le mixage et le mastering du son de vos \u00e9v\u00e9nements retransmis en direct, streaming, radio, tv...\" \/>\n<meta property=\"og:url\" content=\"https:\/\/studio-zebre.com\/site\/live\/\" \/>\n<meta property=\"og:site_name\" content=\"Studio Le Z\u00e8bre\" \/>\n<meta property=\"article:publisher\" content=\"https:\/\/www.facebook.com\/studiolezebre\" \/>\n<meta property=\"article:modified_time\" content=\"2024-12-30T23:13:50+00:00\" \/>\n<meta property=\"og:image\" content=\"https:\/\/studio-zebre.com\/site\/wp-content\/uploads\/2021\/02\/37997481_2180086362224723_5682636856714330112_n.jpg\" \/>\n\t<meta property=\"og:image:width\" content=\"2362\" \/>\n\t<meta property=\"og:image:height\" content=\"1577\" \/>\n\t<meta property=\"og:image:type\" content=\"image\/jpeg\" \/>\n<meta name=\"twitter:label1\" content=\"Dur\u00e9e de lecture estim\u00e9e\" \/>\n\t<meta name=\"twitter:data1\" content=\"3 minutes\" \/>\n<script type=\"application\/ld+json\" class=\"yoast-schema-graph\">{\"@context\":\"https:\\\/\\\/schema.org\",\"@graph\":[{\"@type\":\"WebPage\",\"@id\":\"https:\\\/\\\/studio-zebre.com\\\/site\\\/live\\\/\",\"url\":\"https:\\\/\\\/studio-zebre.com\\\/site\\\/live\\\/\",\"name\":\"LA R\u00c9GIE MOBILE - Studio Le Z\u00e8bre\",\"isPartOf\":{\"@id\":\"https:\\\/\\\/studio-zebre.com\\\/site\\\/#website\"},\"primaryImageOfPage\":{\"@id\":\"https:\\\/\\\/studio-zebre.com\\\/site\\\/live\\\/#primaryimage\"},\"image\":{\"@id\":\"https:\\\/\\\/studio-zebre.com\\\/site\\\/live\\\/#primaryimage\"},\"thumbnailUrl\":\"https:\\\/\\\/studio-zebre.com\\\/site\\\/wp-content\\\/uploads\\\/2021\\\/02\\\/37997481_2180086362224723_5682636856714330112_n.jpg\",\"datePublished\":\"2016-09-14T08:50:51+00:00\",\"dateModified\":\"2024-12-30T23:13:50+00:00\",\"description\":\"Studio mobile pour l'enregistrement, le mixage et le mastering du son de vos \u00e9v\u00e9nements retransmis en direct, streaming, radio, tv...\",\"breadcrumb\":{\"@id\":\"https:\\\/\\\/studio-zebre.com\\\/site\\\/live\\\/#breadcrumb\"},\"inLanguage\":\"fr-FR\",\"potentialAction\":[{\"@type\":\"ReadAction\",\"target\":[\"https:\\\/\\\/studio-zebre.com\\\/site\\\/live\\\/\"]}]},{\"@type\":\"ImageObject\",\"inLanguage\":\"fr-FR\",\"@id\":\"https:\\\/\\\/studio-zebre.com\\\/site\\\/live\\\/#primaryimage\",\"url\":\"https:\\\/\\\/studio-zebre.com\\\/site\\\/wp-content\\\/uploads\\\/2021\\\/02\\\/37997481_2180086362224723_5682636856714330112_n.jpg\",\"contentUrl\":\"https:\\\/\\\/studio-zebre.com\\\/site\\\/wp-content\\\/uploads\\\/2021\\\/02\\\/37997481_2180086362224723_5682636856714330112_n.jpg\",\"width\":2362,\"height\":1577,\"caption\":\"R\u00e9gie Festival de la Paille\"},{\"@type\":\"BreadcrumbList\",\"@id\":\"https:\\\/\\\/studio-zebre.com\\\/site\\\/live\\\/#breadcrumb\",\"itemListElement\":[{\"@type\":\"ListItem\",\"position\":1,\"name\":\"Home\",\"item\":\"https:\\\/\\\/studio-zebre.com\\\/site\\\/\"},{\"@type\":\"ListItem\",\"position\":2,\"name\":\"LA R\u00c9GIE MOBILE\"}]},{\"@type\":\"WebSite\",\"@id\":\"https:\\\/\\\/studio-zebre.com\\\/site\\\/#website\",\"url\":\"https:\\\/\\\/studio-zebre.com\\\/site\\\/\",\"name\":\"Studio Le Z\u00e8bre\",\"description\":\"Sp\u00e9cialis\u00e9 dans l&#039;enregistrement musical depuis 1999 \u00e0 Besan\u00e7on.\",\"potentialAction\":[{\"@type\":\"SearchAction\",\"target\":{\"@type\":\"EntryPoint\",\"urlTemplate\":\"https:\\\/\\\/studio-zebre.com\\\/site\\\/?s={search_term_string}\"},\"query-input\":{\"@type\":\"PropertyValueSpecification\",\"valueRequired\":true,\"valueName\":\"search_term_string\"}}],\"inLanguage\":\"fr-FR\"}]}<\/script>\n<!-- \/ Yoast SEO plugin. -->","yoast_head_json":{"title":"LA R\u00c9GIE MOBILE - Studio Le Z\u00e8bre","description":"Studio mobile pour l'enregistrement, le mixage et le mastering du son de vos \u00e9v\u00e9nements retransmis en direct, streaming, radio, tv...","robots":{"index":"index","follow":"follow","max-snippet":"max-snippet:-1","max-image-preview":"max-image-preview:large","max-video-preview":"max-video-preview:-1"},"canonical":"https:\/\/studio-zebre.com\/site\/live\/","og_locale":"fr_FR","og_type":"article","og_title":"LA R\u00c9GIE MOBILE - Studio Le Z\u00e8bre","og_description":"Studio mobile pour l'enregistrement, le mixage et le mastering du son de vos \u00e9v\u00e9nements retransmis en direct, streaming, radio, tv...","og_url":"https:\/\/studio-zebre.com\/site\/live\/","og_site_name":"Studio Le Z\u00e8bre","article_publisher":"https:\/\/www.facebook.com\/studiolezebre","article_modified_time":"2024-12-30T23:13:50+00:00","og_image":[{"width":2362,"height":1577,"url":"https:\/\/studio-zebre.com\/site\/wp-content\/uploads\/2021\/02\/37997481_2180086362224723_5682636856714330112_n.jpg","type":"image\/jpeg"}],"twitter_misc":{"Dur\u00e9e de lecture estim\u00e9e":"3 minutes"},"schema":{"@context":"https:\/\/schema.org","@graph":[{"@type":"WebPage","@id":"https:\/\/studio-zebre.com\/site\/live\/","url":"https:\/\/studio-zebre.com\/site\/live\/","name":"LA R\u00c9GIE MOBILE - Studio Le Z\u00e8bre","isPartOf":{"@id":"https:\/\/studio-zebre.com\/site\/#website"},"primaryImageOfPage":{"@id":"https:\/\/studio-zebre.com\/site\/live\/#primaryimage"},"image":{"@id":"https:\/\/studio-zebre.com\/site\/live\/#primaryimage"},"thumbnailUrl":"https:\/\/studio-zebre.com\/site\/wp-content\/uploads\/2021\/02\/37997481_2180086362224723_5682636856714330112_n.jpg","datePublished":"2016-09-14T08:50:51+00:00","dateModified":"2024-12-30T23:13:50+00:00","description":"Studio mobile pour l'enregistrement, le mixage et le mastering du son de vos \u00e9v\u00e9nements retransmis en direct, streaming, radio, tv...","breadcrumb":{"@id":"https:\/\/studio-zebre.com\/site\/live\/#breadcrumb"},"inLanguage":"fr-FR","potentialAction":[{"@type":"ReadAction","target":["https:\/\/studio-zebre.com\/site\/live\/"]}]},{"@type":"ImageObject","inLanguage":"fr-FR","@id":"https:\/\/studio-zebre.com\/site\/live\/#primaryimage","url":"https:\/\/studio-zebre.com\/site\/wp-content\/uploads\/2021\/02\/37997481_2180086362224723_5682636856714330112_n.jpg","contentUrl":"https:\/\/studio-zebre.com\/site\/wp-content\/uploads\/2021\/02\/37997481_2180086362224723_5682636856714330112_n.jpg","width":2362,"height":1577,"caption":"R\u00e9gie Festival de la Paille"},{"@type":"BreadcrumbList","@id":"https:\/\/studio-zebre.com\/site\/live\/#breadcrumb","itemListElement":[{"@type":"ListItem","position":1,"name":"Home","item":"https:\/\/studio-zebre.com\/site\/"},{"@type":"ListItem","position":2,"name":"LA R\u00c9GIE MOBILE"}]},{"@type":"WebSite","@id":"https:\/\/studio-zebre.com\/site\/#website","url":"https:\/\/studio-zebre.com\/site\/","name":"Studio Le Z\u00e8bre","description":"Sp\u00e9cialis\u00e9 dans l&#039;enregistrement musical depuis 1999 \u00e0 Besan\u00e7on.","potentialAction":[{"@type":"SearchAction","target":{"@type":"EntryPoint","urlTemplate":"https:\/\/studio-zebre.com\/site\/?s={search_term_string}"},"query-input":{"@type":"PropertyValueSpecification","valueRequired":true,"valueName":"search_term_string"}}],"inLanguage":"fr-FR"}]}},"featured_media_urls":{"thumbnail":["https:\/\/studio-zebre.com\/site\/wp-content\/uploads\/2021\/02\/37997481_2180086362224723_5682636856714330112_n-150x150.jpg",150,150,true],"medium":["https:\/\/studio-zebre.com\/site\/wp-content\/uploads\/2021\/02\/37997481_2180086362224723_5682636856714330112_n-300x200.jpg",300,200,true],"medium_large":["https:\/\/studio-zebre.com\/site\/wp-content\/uploads\/2021\/02\/37997481_2180086362224723_5682636856714330112_n-768x513.jpg",768,513,true],"large":["https:\/\/studio-zebre.com\/site\/wp-content\/uploads\/2021\/02\/37997481_2180086362224723_5682636856714330112_n-1024x684.jpg",950,635,true],"1536x1536":["https:\/\/studio-zebre.com\/site\/wp-content\/uploads\/2021\/02\/37997481_2180086362224723_5682636856714330112_n-1536x1026.jpg",1536,1026,true],"2048x2048":["https:\/\/studio-zebre.com\/site\/wp-content\/uploads\/2021\/02\/37997481_2180086362224723_5682636856714330112_n-2048x1367.jpg",2048,1367,true],"inspiro-featured-image":["https:\/\/studio-zebre.com\/site\/wp-content\/uploads\/2021\/02\/37997481_2180086362224723_5682636856714330112_n-2000x1335.jpg",2000,1335,true],"inspiro-loop":["https:\/\/studio-zebre.com\/site\/wp-content\/uploads\/2021\/02\/37997481_2180086362224723_5682636856714330112_n-950x320.jpg",950,320,true],"inspiro-loop@2x":["https:\/\/studio-zebre.com\/site\/wp-content\/uploads\/2021\/02\/37997481_2180086362224723_5682636856714330112_n-1900x640.jpg",1900,640,true],"portfolio_item-thumbnail":["https:\/\/studio-zebre.com\/site\/wp-content\/uploads\/2021\/02\/37997481_2180086362224723_5682636856714330112_n-600x400.jpg",600,400,true],"portfolio_item-thumbnail@2x":["https:\/\/studio-zebre.com\/site\/wp-content\/uploads\/2021\/02\/37997481_2180086362224723_5682636856714330112_n-1200x800.jpg",1200,800,true],"portfolio_item-masonry":["https:\/\/studio-zebre.com\/site\/wp-content\/uploads\/2021\/02\/37997481_2180086362224723_5682636856714330112_n-600x401.jpg",600,401,true],"portfolio_item-masonry@2x":["https:\/\/studio-zebre.com\/site\/wp-content\/uploads\/2021\/02\/37997481_2180086362224723_5682636856714330112_n-1200x801.jpg",1200,801,true],"portfolio_item-thumbnail_cinema":["https:\/\/studio-zebre.com\/site\/wp-content\/uploads\/2021\/02\/37997481_2180086362224723_5682636856714330112_n-800x335.jpg",800,335,true],"portfolio_item-thumbnail_portrait":["https:\/\/studio-zebre.com\/site\/wp-content\/uploads\/2021\/02\/37997481_2180086362224723_5682636856714330112_n-600x900.jpg",600,900,true],"portfolio_item-thumbnail_portrait@2x":["https:\/\/studio-zebre.com\/site\/wp-content\/uploads\/2021\/02\/37997481_2180086362224723_5682636856714330112_n-1200x1577.jpg",1200,1577,true],"portfolio_item-thumbnail_square":["https:\/\/studio-zebre.com\/site\/wp-content\/uploads\/2021\/02\/37997481_2180086362224723_5682636856714330112_n-800x800.jpg",800,800,true]},"_links":{"self":[{"href":"https:\/\/studio-zebre.com\/site\/wp-json\/wp\/v2\/pages\/1845","targetHints":{"allow":["GET"]}}],"collection":[{"href":"https:\/\/studio-zebre.com\/site\/wp-json\/wp\/v2\/pages"}],"about":[{"href":"https:\/\/studio-zebre.com\/site\/wp-json\/wp\/v2\/types\/page"}],"author":[{"embeddable":true,"href":"https:\/\/studio-zebre.com\/site\/wp-json\/wp\/v2\/users\/1"}],"replies":[{"embeddable":true,"href":"https:\/\/studio-zebre.com\/site\/wp-json\/wp\/v2\/comments?post=1845"}],"version-history":[{"count":0,"href":"https:\/\/studio-zebre.com\/site\/wp-json\/wp\/v2\/pages\/1845\/revisions"}],"wp:featuredmedia":[{"embeddable":true,"href":"https:\/\/studio-zebre.com\/site\/wp-json\/wp\/v2\/media\/2293"}],"wp:attachment":[{"href":"https:\/\/studio-zebre.com\/site\/wp-json\/wp\/v2\/media?parent=1845"}],"curies":[{"name":"wp","href":"https:\/\/api.w.org\/{rel}","templated":true}]}}