{"id":1850,"date":"2016-09-14T10:53:22","date_gmt":"2016-09-14T08:53:22","guid":{"rendered":"http:\/\/studio-zebre.com\/site\/?page_id=1850"},"modified":"2024-12-30T15:49:54","modified_gmt":"2024-12-30T13:49:54","slug":"location","status":"publish","type":"page","link":"https:\/\/studio-zebre.com\/site\/location\/","title":{"rendered":"LOCATION"},"content":{"rendered":"\n<h2 class=\"wp-block-heading\">LOCATION<\/h2>\n\n\n\n<div class=\"wp-block-media-text has-media-on-the-right is-stacked-on-mobile\" style=\"grid-template-columns:auto 30%\"><div class=\"wp-block-media-text__content\">\n<p style=\"padding-top:var(--wp--preset--spacing--x-small);padding-bottom:var(--wp--preset--spacing--x-small)\"><strong><mark style=\"background-color:#000\" class=\"has-inline-color has-white-color\">STUDIO :<\/mark><\/strong><br \/><br \/><mark style=\"background-color:rgba(0, 0, 0, 0)\" class=\"has-inline-color has-foreground-color\">La r\u00e9gie et la salle de prise sont louables ensemble ou ind\u00e9pendamment pour tous vos besoins de r\u00e9p\u00e9tition, pr\u00e9-production, production, mixage, avec ou sans technicien.<\/mark><\/p>\n\n\n\n<p style=\"border-style:none;border-width:0px;padding-top:0;padding-bottom:0\"><strong><mark style=\"background-color:#000\" class=\"has-inline-color has-white-color\">MATERIEL :<\/mark><\/strong><\/p>\n\n\n\n<details class=\"wp-block-details is-layout-flow wp-block-details-is-layout-flow\" open><summary><strong>MICRO<\/strong> &amp; <strong>CARTE SON<\/strong><\/summary>\n<p>&#8211; MICRO : <a href=\"https:\/\/fr.audiofanzine.com\/micro-statique-a-transistors-a-large-membrane\/united-studio-technologies\/ut-fet-47\/\" target=\"_blank\" rel=\"noreferrer noopener\">United UT FET47<\/a>&nbsp;(50\u20ac\/jour) <br \/>&#8211; CARTE SON : <a href=\"https:\/\/fr.audiofanzine.com\/interface-audionumerique-usb\/rme-audio\/babyface-pro\/\" target=\"_blank\" rel=\"noreferrer noopener\">RME BABYFACE PRO <\/a>(45\u20ac\/jour)<br \/>&#8211; LE PACK&nbsp;:&nbsp;micro + carte son + <a href=\"http:\/\/fr.audiofanzine.com\/accessoire-microphone-divers\/se-electronics\/reflexion-filter-pro\/\" target=\"_blank\" rel=\"noreferrer noopener\">Se reflexion filter<\/a> +<a href=\"http:\/\/fr.audiofanzine.com\/antipop\/se-electronics\/Filtres-Anti-pops-pop-screen\/\" target=\"_blank\" rel=\"noreferrer noopener\"> Se Filter anti pop<\/a> (85\u20ac\/jour)<\/p>\n\n\n\n<div style=\"height:20px\" aria-hidden=\"true\" class=\"wp-block-spacer\"><\/div>\n<\/details>\n\n\n\n<details class=\"wp-block-details is-layout-flow wp-block-details-is-layout-flow\" open><summary><strong>CONSOLE<\/strong><\/summary>\n<p>&#8211; CONSOLE : <a href=\"https:\/\/fr.audiofanzine.com\/console-numerique\/behringer\/wing-compact\/\" target=\"_blank\" rel=\"noreferrer noopener\">Wing Compact<\/a> (125\u20ac\/jour)24in\/8out avec carte son Usb.<br \/>&#8211; STAGE BOX :&nbsp;32in\/16out avec 2x&nbsp;<a href=\"https:\/\/fr.audiofanzine.com\/patch\/midas\/dl-16\/\" target=\"_blank\" rel=\"noreferrer noopener\">DL16<\/a> + touret 50M (+75\u20ac\/jour)<br \/>&#8211; LE PACK -10% : console + stage + touret (180\u20ac\/jour)<\/p>\n\n\n\n<div style=\"height:20px\" aria-hidden=\"true\" class=\"wp-block-spacer\"><\/div>\n<\/details>\n\n\n\n<details class=\"wp-block-details is-layout-flow wp-block-details-is-layout-flow\" open><summary><strong>IN EAR MONITOR&nbsp;HF <\/strong><\/summary>\n<p>&#8211; <a href=\"https:\/\/fr.audiofanzine.com\/systeme-de-retour-hf\/shure\/psm-900\/\" target=\"_blank\" rel=\"noreferrer noopener\">SHURE&nbsp;PSM 900&nbsp;<\/a><br \/>80\u20ac la liaison, 140\u20ac les deux, 210\u20ac les trois.<br \/>(Comprend un \u00e9metteur <a href=\"https:\/\/fr.audiofanzine.com\/systeme-de-retour-hf\/shure\/psm-900\/\" target=\"_blank\" rel=\"noreferrer noopener\">PSM900<\/a>, un r\u00e9cepteur de poche&nbsp;<a href=\"https:\/\/fr.audiofanzine.com\/emetteur-ou-recepteur\/shure\/p9ra\/\" target=\"_blank\" rel=\"noreferrer noopener\">P9RA<\/a>, des \u00e9couteurs <a href=\"https:\/\/fr.audiofanzine.com\/ecouteur-in-ear-monitor\/shure\/se215\/\" target=\"_blank\" rel=\"noreferrer noopener\">SE215<\/a>, des accus avec chargeur, un&nbsp;combineur d&rsquo;antenne et son antenne d\u00e9port\u00e9e cardio\u00efde).<\/p>\n\n\n\n<div style=\"height:20px\" aria-hidden=\"true\" class=\"wp-block-spacer\"><\/div>\n<\/details>\n\n\n\n<p><strong>Retrouvez la liste compl\u00e8te du mat\u00e9riel disponible <a href=\"https:\/\/studio-zebre.com\/site\/wp-content\/uploads\/2024\/12\/Studio-Le-Zebre-Liste-backline.pdf\" target=\"_blank\" rel=\"noreferrer noopener\">ICI<\/a>.<\/strong><\/p>\n<\/div><figure class=\"wp-block-media-text__media\"><img loading=\"lazy\" decoding=\"async\" width=\"650\" height=\"650\" src=\"https:\/\/studio-zebre.com\/site\/wp-content\/uploads\/2024\/12\/u47.jpg\" alt=\"\" class=\"wp-image-3476 size-full\" srcset=\"https:\/\/studio-zebre.com\/site\/wp-content\/uploads\/2024\/12\/u47.jpg 650w, https:\/\/studio-zebre.com\/site\/wp-content\/uploads\/2024\/12\/u47-300x300.jpg 300w, https:\/\/studio-zebre.com\/site\/wp-content\/uploads\/2024\/12\/u47-150x150.jpg 150w\" sizes=\"auto, (max-width: 650px) 100vw, 650px\" \/><\/figure><\/div>\n\n\n\n<div style=\"height:30px\" aria-hidden=\"true\" class=\"wp-block-spacer\"><\/div>\n\n\n\n<p><mark style=\"background-color:rgba(0, 0, 0, 0)\" class=\"has-inline-color has-foreground-color\">Tarif d\u00e9gressif pour plusieurs jours, une caution sera demand\u00e9e pour toute location<\/mark>, tout les prix sont affich\u00e9s en net.<mark style=\"background-color:rgba(0, 0, 0, 0)\" class=\"has-inline-color has-foreground-color\"><br \/><a href=\"http:\/\/www.studio-zebre.com\/site\/a-propos\/\"><mark style=\"background-color:rgba(0, 0, 0, 0)\" class=\"has-inline-color has-foreground-color\">Pour en savoir plu<\/mark>s <mark style=\"background-color:rgba(0, 0, 0, 0)\" class=\"has-inline-color has-foreground-color\">contactez nous<\/mark><\/a>.<\/mark><\/p>\n","protected":false},"excerpt":{"rendered":"<p>LOCATION Tarif d\u00e9gressif pour plusieurs jours, une caution sera demand\u00e9e pour toute location, tout les prix sont affich\u00e9s en net.Pour en savoir plus contactez nous.<\/p>\n","protected":false},"author":1,"featured_media":2724,"parent":0,"menu_order":0,"comment_status":"closed","ping_status":"closed","template":"","meta":{"footnotes":""},"class_list":["post-1850","page","type-page","status-publish","has-post-thumbnail","hentry"],"yoast_head":"<!-- This site is optimized with the Yoast SEO plugin v27.5 - https:\/\/yoast.com\/product\/yoast-seo-wordpress\/ -->\n<title>LOCATION - Studio Le Z\u00e8bre<\/title>\n<meta name=\"description\" content=\"Studio Le Z\u00e8bre, Besan\u00e7on, enregistrement, mixage, mastering\" \/>\n<meta name=\"robots\" content=\"index, follow, max-snippet:-1, max-image-preview:large, max-video-preview:-1\" \/>\n<link rel=\"canonical\" href=\"https:\/\/studio-zebre.com\/site\/location\/\" \/>\n<meta property=\"og:locale\" content=\"fr_FR\" \/>\n<meta property=\"og:type\" content=\"article\" \/>\n<meta property=\"og:title\" content=\"LOCATION - Studio Le Z\u00e8bre\" \/>\n<meta property=\"og:description\" content=\"Studio Le Z\u00e8bre, Besan\u00e7on, enregistrement, mixage, mastering\" \/>\n<meta property=\"og:url\" content=\"https:\/\/studio-zebre.com\/site\/location\/\" \/>\n<meta property=\"og:site_name\" content=\"Studio Le Z\u00e8bre\" \/>\n<meta property=\"article:publisher\" content=\"https:\/\/www.facebook.com\/studiolezebre\" \/>\n<meta property=\"article:modified_time\" content=\"2024-12-30T13:49:54+00:00\" \/>\n<meta property=\"og:image\" content=\"https:\/\/studio-zebre.com\/site\/wp-content\/uploads\/2024\/08\/0014_23-11-0715-27STUDIO_M17506_WEB.jpg\" \/>\n\t<meta property=\"og:image:width\" content=\"1280\" \/>\n\t<meta property=\"og:image:height\" content=\"1920\" \/>\n\t<meta property=\"og:image:type\" content=\"image\/jpeg\" \/>\n<meta name=\"twitter:label1\" content=\"Dur\u00e9e de lecture estim\u00e9e\" \/>\n\t<meta name=\"twitter:data1\" content=\"2 minutes\" \/>\n<script type=\"application\/ld+json\" class=\"yoast-schema-graph\">{\"@context\":\"https:\\\/\\\/schema.org\",\"@graph\":[{\"@type\":\"WebPage\",\"@id\":\"https:\\\/\\\/studio-zebre.com\\\/site\\\/location\\\/\",\"url\":\"https:\\\/\\\/studio-zebre.com\\\/site\\\/location\\\/\",\"name\":\"LOCATION - Studio Le Z\u00e8bre\",\"isPartOf\":{\"@id\":\"https:\\\/\\\/studio-zebre.com\\\/site\\\/#website\"},\"primaryImageOfPage\":{\"@id\":\"https:\\\/\\\/studio-zebre.com\\\/site\\\/location\\\/#primaryimage\"},\"image\":{\"@id\":\"https:\\\/\\\/studio-zebre.com\\\/site\\\/location\\\/#primaryimage\"},\"thumbnailUrl\":\"https:\\\/\\\/studio-zebre.com\\\/site\\\/wp-content\\\/uploads\\\/2024\\\/08\\\/0014_23-11-0715-27STUDIO_M17506_WEB.jpg\",\"datePublished\":\"2016-09-14T08:53:22+00:00\",\"dateModified\":\"2024-12-30T13:49:54+00:00\",\"description\":\"Studio Le Z\u00e8bre, Besan\u00e7on, enregistrement, mixage, mastering\",\"breadcrumb\":{\"@id\":\"https:\\\/\\\/studio-zebre.com\\\/site\\\/location\\\/#breadcrumb\"},\"inLanguage\":\"fr-FR\",\"potentialAction\":[{\"@type\":\"ReadAction\",\"target\":[\"https:\\\/\\\/studio-zebre.com\\\/site\\\/location\\\/\"]}]},{\"@type\":\"ImageObject\",\"inLanguage\":\"fr-FR\",\"@id\":\"https:\\\/\\\/studio-zebre.com\\\/site\\\/location\\\/#primaryimage\",\"url\":\"https:\\\/\\\/studio-zebre.com\\\/site\\\/wp-content\\\/uploads\\\/2024\\\/08\\\/0014_23-11-0715-27STUDIO_M17506_WEB.jpg\",\"contentUrl\":\"https:\\\/\\\/studio-zebre.com\\\/site\\\/wp-content\\\/uploads\\\/2024\\\/08\\\/0014_23-11-0715-27STUDIO_M17506_WEB.jpg\",\"width\":1280,\"height\":1920},{\"@type\":\"BreadcrumbList\",\"@id\":\"https:\\\/\\\/studio-zebre.com\\\/site\\\/location\\\/#breadcrumb\",\"itemListElement\":[{\"@type\":\"ListItem\",\"position\":1,\"name\":\"Home\",\"item\":\"https:\\\/\\\/studio-zebre.com\\\/site\\\/\"},{\"@type\":\"ListItem\",\"position\":2,\"name\":\"LOCATION\"}]},{\"@type\":\"WebSite\",\"@id\":\"https:\\\/\\\/studio-zebre.com\\\/site\\\/#website\",\"url\":\"https:\\\/\\\/studio-zebre.com\\\/site\\\/\",\"name\":\"Studio Le Z\u00e8bre\",\"description\":\"Sp\u00e9cialis\u00e9 dans l&#039;enregistrement musical depuis 1999 \u00e0 Besan\u00e7on.\",\"potentialAction\":[{\"@type\":\"SearchAction\",\"target\":{\"@type\":\"EntryPoint\",\"urlTemplate\":\"https:\\\/\\\/studio-zebre.com\\\/site\\\/?s={search_term_string}\"},\"query-input\":{\"@type\":\"PropertyValueSpecification\",\"valueRequired\":true,\"valueName\":\"search_term_string\"}}],\"inLanguage\":\"fr-FR\"}]}<\/script>\n<!-- \/ Yoast SEO plugin. -->","yoast_head_json":{"title":"LOCATION - Studio Le Z\u00e8bre","description":"Studio Le Z\u00e8bre, Besan\u00e7on, enregistrement, mixage, mastering","robots":{"index":"index","follow":"follow","max-snippet":"max-snippet:-1","max-image-preview":"max-image-preview:large","max-video-preview":"max-video-preview:-1"},"canonical":"https:\/\/studio-zebre.com\/site\/location\/","og_locale":"fr_FR","og_type":"article","og_title":"LOCATION - Studio Le Z\u00e8bre","og_description":"Studio Le Z\u00e8bre, Besan\u00e7on, enregistrement, mixage, mastering","og_url":"https:\/\/studio-zebre.com\/site\/location\/","og_site_name":"Studio Le Z\u00e8bre","article_publisher":"https:\/\/www.facebook.com\/studiolezebre","article_modified_time":"2024-12-30T13:49:54+00:00","og_image":[{"width":1280,"height":1920,"url":"https:\/\/studio-zebre.com\/site\/wp-content\/uploads\/2024\/08\/0014_23-11-0715-27STUDIO_M17506_WEB.jpg","type":"image\/jpeg"}],"twitter_misc":{"Dur\u00e9e de lecture estim\u00e9e":"2 minutes"},"schema":{"@context":"https:\/\/schema.org","@graph":[{"@type":"WebPage","@id":"https:\/\/studio-zebre.com\/site\/location\/","url":"https:\/\/studio-zebre.com\/site\/location\/","name":"LOCATION - Studio Le Z\u00e8bre","isPartOf":{"@id":"https:\/\/studio-zebre.com\/site\/#website"},"primaryImageOfPage":{"@id":"https:\/\/studio-zebre.com\/site\/location\/#primaryimage"},"image":{"@id":"https:\/\/studio-zebre.com\/site\/location\/#primaryimage"},"thumbnailUrl":"https:\/\/studio-zebre.com\/site\/wp-content\/uploads\/2024\/08\/0014_23-11-0715-27STUDIO_M17506_WEB.jpg","datePublished":"2016-09-14T08:53:22+00:00","dateModified":"2024-12-30T13:49:54+00:00","description":"Studio Le Z\u00e8bre, Besan\u00e7on, enregistrement, mixage, mastering","breadcrumb":{"@id":"https:\/\/studio-zebre.com\/site\/location\/#breadcrumb"},"inLanguage":"fr-FR","potentialAction":[{"@type":"ReadAction","target":["https:\/\/studio-zebre.com\/site\/location\/"]}]},{"@type":"ImageObject","inLanguage":"fr-FR","@id":"https:\/\/studio-zebre.com\/site\/location\/#primaryimage","url":"https:\/\/studio-zebre.com\/site\/wp-content\/uploads\/2024\/08\/0014_23-11-0715-27STUDIO_M17506_WEB.jpg","contentUrl":"https:\/\/studio-zebre.com\/site\/wp-content\/uploads\/2024\/08\/0014_23-11-0715-27STUDIO_M17506_WEB.jpg","width":1280,"height":1920},{"@type":"BreadcrumbList","@id":"https:\/\/studio-zebre.com\/site\/location\/#breadcrumb","itemListElement":[{"@type":"ListItem","position":1,"name":"Home","item":"https:\/\/studio-zebre.com\/site\/"},{"@type":"ListItem","position":2,"name":"LOCATION"}]},{"@type":"WebSite","@id":"https:\/\/studio-zebre.com\/site\/#website","url":"https:\/\/studio-zebre.com\/site\/","name":"Studio Le Z\u00e8bre","description":"Sp\u00e9cialis\u00e9 dans l&#039;enregistrement musical depuis 1999 \u00e0 Besan\u00e7on.","potentialAction":[{"@type":"SearchAction","target":{"@type":"EntryPoint","urlTemplate":"https:\/\/studio-zebre.com\/site\/?s={search_term_string}"},"query-input":{"@type":"PropertyValueSpecification","valueRequired":true,"valueName":"search_term_string"}}],"inLanguage":"fr-FR"}]}},"featured_media_urls":{"thumbnail":["https:\/\/studio-zebre.com\/site\/wp-content\/uploads\/2024\/08\/0014_23-11-0715-27STUDIO_M17506_WEB-150x150.jpg",150,150,true],"medium":["https:\/\/studio-zebre.com\/site\/wp-content\/uploads\/2024\/08\/0014_23-11-0715-27STUDIO_M17506_WEB-200x300.jpg",200,300,true],"medium_large":["https:\/\/studio-zebre.com\/site\/wp-content\/uploads\/2024\/08\/0014_23-11-0715-27STUDIO_M17506_WEB.jpg",768,1152,false],"large":["https:\/\/studio-zebre.com\/site\/wp-content\/uploads\/2024\/08\/0014_23-11-0715-27STUDIO_M17506_WEB-683x1024.jpg",683,1024,true],"1536x1536":["https:\/\/studio-zebre.com\/site\/wp-content\/uploads\/2024\/08\/0014_23-11-0715-27STUDIO_M17506_WEB-1024x1536.jpg",1024,1536,true],"2048x2048":["https:\/\/studio-zebre.com\/site\/wp-content\/uploads\/2024\/08\/0014_23-11-0715-27STUDIO_M17506_WEB.jpg",1280,1920,false],"inspiro-featured-image":["https:\/\/studio-zebre.com\/site\/wp-content\/uploads\/2024\/08\/0014_23-11-0715-27STUDIO_M17506_WEB.jpg",1280,1920,false],"inspiro-loop":["https:\/\/studio-zebre.com\/site\/wp-content\/uploads\/2024\/08\/0014_23-11-0715-27STUDIO_M17506_WEB-950x320.jpg",950,320,true],"inspiro-loop@2x":["https:\/\/studio-zebre.com\/site\/wp-content\/uploads\/2024\/08\/0014_23-11-0715-27STUDIO_M17506_WEB-1280x640.jpg",1280,640,true],"portfolio_item-thumbnail":["https:\/\/studio-zebre.com\/site\/wp-content\/uploads\/2024\/08\/0014_23-11-0715-27STUDIO_M17506_WEB-600x400.jpg",600,400,true],"portfolio_item-thumbnail@2x":["https:\/\/studio-zebre.com\/site\/wp-content\/uploads\/2024\/08\/0014_23-11-0715-27STUDIO_M17506_WEB-1200x800.jpg",1200,800,true],"portfolio_item-masonry":["https:\/\/studio-zebre.com\/site\/wp-content\/uploads\/2024\/08\/0014_23-11-0715-27STUDIO_M17506_WEB-600x900.jpg",600,900,true],"portfolio_item-masonry@2x":["https:\/\/studio-zebre.com\/site\/wp-content\/uploads\/2024\/08\/0014_23-11-0715-27STUDIO_M17506_WEB-1200x1800.jpg",1200,1800,true],"portfolio_item-thumbnail_cinema":["https:\/\/studio-zebre.com\/site\/wp-content\/uploads\/2024\/08\/0014_23-11-0715-27STUDIO_M17506_WEB-800x335.jpg",800,335,true],"portfolio_item-thumbnail_portrait":["https:\/\/studio-zebre.com\/site\/wp-content\/uploads\/2024\/08\/0014_23-11-0715-27STUDIO_M17506_WEB-600x900.jpg",600,900,true],"portfolio_item-thumbnail_portrait@2x":["https:\/\/studio-zebre.com\/site\/wp-content\/uploads\/2024\/08\/0014_23-11-0715-27STUDIO_M17506_WEB-1200x1800.jpg",1200,1800,true],"portfolio_item-thumbnail_square":["https:\/\/studio-zebre.com\/site\/wp-content\/uploads\/2024\/08\/0014_23-11-0715-27STUDIO_M17506_WEB-800x800.jpg",800,800,true]},"_links":{"self":[{"href":"https:\/\/studio-zebre.com\/site\/wp-json\/wp\/v2\/pages\/1850","targetHints":{"allow":["GET"]}}],"collection":[{"href":"https:\/\/studio-zebre.com\/site\/wp-json\/wp\/v2\/pages"}],"about":[{"href":"https:\/\/studio-zebre.com\/site\/wp-json\/wp\/v2\/types\/page"}],"author":[{"embeddable":true,"href":"https:\/\/studio-zebre.com\/site\/wp-json\/wp\/v2\/users\/1"}],"replies":[{"embeddable":true,"href":"https:\/\/studio-zebre.com\/site\/wp-json\/wp\/v2\/comments?post=1850"}],"version-history":[{"count":0,"href":"https:\/\/studio-zebre.com\/site\/wp-json\/wp\/v2\/pages\/1850\/revisions"}],"wp:featuredmedia":[{"embeddable":true,"href":"https:\/\/studio-zebre.com\/site\/wp-json\/wp\/v2\/media\/2724"}],"wp:attachment":[{"href":"https:\/\/studio-zebre.com\/site\/wp-json\/wp\/v2\/media?parent=1850"}],"curies":[{"name":"wp","href":"https:\/\/api.w.org\/{rel}","templated":true}]}}