{"id":1852,"date":"2016-09-14T10:53:38","date_gmt":"2016-09-14T08:53:38","guid":{"rendered":"http:\/\/studio-zebre.com\/site\/?page_id=1852"},"modified":"2026-02-18T10:36:25","modified_gmt":"2026-02-18T08:36:25","slug":"formation","status":"publish","type":"page","link":"https:\/\/studio-zebre.com\/site\/formation\/","title":{"rendered":"FORMATION"},"content":{"rendered":"\n<div class=\"wp-block-columns is-layout-flex wp-container-core-columns-is-layout-28f84493 wp-block-columns-is-layout-flex\">\n<div class=\"wp-block-column is-layout-flow wp-block-column-is-layout-flow\">\n<h2 class=\"wp-block-heading\">FORMATION<\/h2>\n\n\n\n<p><strong>&#8211; <a href=\"https:\/\/studio-zebre.com\/site\/enregistrer-une-guitare-electrique\/\">ENREGISTRER UNE GUITARE ELECTRIQUE<\/a><br \/>&#8211; <a href=\"https:\/\/studio-zebre.com\/site\/enregistrer-une-batterie\/\" type=\"link\" id=\"https:\/\/studio-zebre.com\/site\/enregistrer-une-batterie\/\">ENREGISTRER UNE BATTERIE<\/a><\/strong><\/p>\n<\/div>\n\n\n\n<div class=\"wp-block-column is-layout-flow wp-block-column-is-layout-flow\">\n<div class=\"wp-block-columns is-layout-flex wp-container-core-columns-is-layout-28f84493 wp-block-columns-is-layout-flex\">\n<div class=\"wp-block-column is-layout-flow wp-block-column-is-layout-flow\">\n<figure data-wp-context=\"{&quot;imageId&quot;:&quot;69e06016dd603&quot;}\" data-wp-interactive=\"core\/image\" class=\"wp-block-image size-large wp-lightbox-container\"><img loading=\"lazy\" decoding=\"async\" width=\"819\" height=\"1024\" data-wp-class--hide=\"state.isContentHidden\" data-wp-class--show=\"state.isContentVisible\" data-wp-init=\"callbacks.setButtonStyles\" data-wp-on-async--click=\"actions.showLightbox\" data-wp-on-async--load=\"callbacks.setButtonStyles\" data-wp-on-async-window--resize=\"callbacks.setButtonStyles\" src=\"https:\/\/studio-zebre.com\/site\/wp-content\/uploads\/2026\/02\/LE_ZEBRE_GTE_WEB-819x1024.png\" alt=\"\" class=\"wp-image-4278\" srcset=\"https:\/\/studio-zebre.com\/site\/wp-content\/uploads\/2026\/02\/LE_ZEBRE_GTE_WEB-819x1024.png 819w, https:\/\/studio-zebre.com\/site\/wp-content\/uploads\/2026\/02\/LE_ZEBRE_GTE_WEB-240x300.png 240w, https:\/\/studio-zebre.com\/site\/wp-content\/uploads\/2026\/02\/LE_ZEBRE_GTE_WEB.png 1080w\" sizes=\"auto, (max-width: 819px) 100vw, 819px\" \/><button\n\t\t\tclass=\"lightbox-trigger\"\n\t\t\ttype=\"button\"\n\t\t\taria-haspopup=\"dialog\"\n\t\t\taria-label=\"Agrandir\"\n\t\t\tdata-wp-init=\"callbacks.initTriggerButton\"\n\t\t\tdata-wp-on-async--click=\"actions.showLightbox\"\n\t\t\tdata-wp-style--right=\"state.imageButtonRight\"\n\t\t\tdata-wp-style--top=\"state.imageButtonTop\"\n\t\t>\n\t\t\t<svg xmlns=\"http:\/\/www.w3.org\/2000\/svg\" width=\"12\" height=\"12\" fill=\"none\" viewBox=\"0 0 12 12\">\n\t\t\t\t<path fill=\"#fff\" d=\"M2 0a2 2 0 0 0-2 2v2h1.5V2a.5.5 0 0 1 .5-.5h2V0H2Zm2 10.5H2a.5.5 0 0 1-.5-.5V8H0v2a2 2 0 0 0 2 2h2v-1.5ZM8 12v-1.5h2a.5.5 0 0 0 .5-.5V8H12v2a2 2 0 0 1-2 2H8Zm2-12a2 2 0 0 1 2 2v2h-1.5V2a.5.5 0 0 0-.5-.5H8V0h2Z\" \/>\n\t\t\t<\/svg>\n\t\t<\/button><\/figure>\n<\/div>\n\n\n\n<div class=\"wp-block-column is-layout-flow wp-block-column-is-layout-flow\">\n<figure data-wp-context=\"{&quot;imageId&quot;:&quot;69e06016ddb3a&quot;}\" data-wp-interactive=\"core\/image\" class=\"wp-block-image size-large wp-lightbox-container\"><img loading=\"lazy\" decoding=\"async\" width=\"819\" height=\"1024\" data-wp-class--hide=\"state.isContentHidden\" data-wp-class--show=\"state.isContentVisible\" data-wp-init=\"callbacks.setButtonStyles\" data-wp-on-async--click=\"actions.showLightbox\" data-wp-on-async--load=\"callbacks.setButtonStyles\" data-wp-on-async-window--resize=\"callbacks.setButtonStyles\" src=\"https:\/\/studio-zebre.com\/site\/wp-content\/uploads\/2025\/10\/LEZEBRE_RESEAUX-819x1024.png\" alt=\"\" class=\"wp-image-4205\" srcset=\"https:\/\/studio-zebre.com\/site\/wp-content\/uploads\/2025\/10\/LEZEBRE_RESEAUX-819x1024.png 819w, https:\/\/studio-zebre.com\/site\/wp-content\/uploads\/2025\/10\/LEZEBRE_RESEAUX-240x300.png 240w, https:\/\/studio-zebre.com\/site\/wp-content\/uploads\/2025\/10\/LEZEBRE_RESEAUX.png 1080w\" sizes=\"auto, (max-width: 819px) 100vw, 819px\" \/><button\n\t\t\tclass=\"lightbox-trigger\"\n\t\t\ttype=\"button\"\n\t\t\taria-haspopup=\"dialog\"\n\t\t\taria-label=\"Agrandir\"\n\t\t\tdata-wp-init=\"callbacks.initTriggerButton\"\n\t\t\tdata-wp-on-async--click=\"actions.showLightbox\"\n\t\t\tdata-wp-style--right=\"state.imageButtonRight\"\n\t\t\tdata-wp-style--top=\"state.imageButtonTop\"\n\t\t>\n\t\t\t<svg xmlns=\"http:\/\/www.w3.org\/2000\/svg\" width=\"12\" height=\"12\" fill=\"none\" viewBox=\"0 0 12 12\">\n\t\t\t\t<path fill=\"#fff\" d=\"M2 0a2 2 0 0 0-2 2v2h1.5V2a.5.5 0 0 1 .5-.5h2V0H2Zm2 10.5H2a.5.5 0 0 1-.5-.5V8H0v2a2 2 0 0 0 2 2h2v-1.5ZM8 12v-1.5h2a.5.5 0 0 0 .5-.5V8H12v2a2 2 0 0 1-2 2H8Zm2-12a2 2 0 0 1 2 2v2h-1.5V2a.5.5 0 0 0-.5-.5H8V0h2Z\" \/>\n\t\t\t<\/svg>\n\t\t<\/button><\/figure>\n<\/div>\n<\/div>\n<\/div>\n<\/div>\n","protected":false},"excerpt":{"rendered":"<p>FORMATION &#8211; ENREGISTRER UNE GUITARE ELECTRIQUE&#8211; ENREGISTRER UNE BATTERIE<\/p>\n","protected":false},"author":1,"featured_media":3285,"parent":0,"menu_order":0,"comment_status":"closed","ping_status":"closed","template":"","meta":{"footnotes":""},"class_list":["post-1852","page","type-page","status-publish","has-post-thumbnail","hentry"],"yoast_head":"<!-- This site is optimized with the Yoast SEO plugin v27.4 - https:\/\/yoast.com\/product\/yoast-seo-wordpress\/ -->\n<title>FORMATION - Studio Le Z\u00e8bre<\/title>\n<meta name=\"description\" content=\"Studio Le Z\u00e8bre, Besan\u00e7on, enregistrement, mixage, mastering\" \/>\n<meta name=\"robots\" content=\"noindex, follow\" \/>\n<meta property=\"og:locale\" content=\"fr_FR\" \/>\n<meta property=\"og:type\" content=\"article\" \/>\n<meta property=\"og:title\" content=\"FORMATION - Studio Le Z\u00e8bre\" \/>\n<meta property=\"og:description\" content=\"Studio Le Z\u00e8bre, Besan\u00e7on, enregistrement, mixage, mastering\" \/>\n<meta property=\"og:url\" content=\"https:\/\/studio-zebre.com\/site\/formation\/\" \/>\n<meta property=\"og:site_name\" content=\"Studio Le Z\u00e8bre\" \/>\n<meta property=\"article:publisher\" content=\"https:\/\/www.facebook.com\/studiolezebre\" \/>\n<meta property=\"article:modified_time\" content=\"2026-02-18T08:36:25+00:00\" \/>\n<meta property=\"og:image\" content=\"https:\/\/studio-zebre.com\/site\/wp-content\/uploads\/2024\/12\/pro-tools-11598-3.jpg\" \/>\n\t<meta property=\"og:image:width\" content=\"1024\" \/>\n\t<meta property=\"og:image:height\" content=\"612\" \/>\n\t<meta property=\"og:image:type\" content=\"image\/jpeg\" \/>\n<meta name=\"twitter:label1\" content=\"Dur\u00e9e de lecture estim\u00e9e\" \/>\n\t<meta name=\"twitter:data1\" content=\"1 minute\" \/>\n<script type=\"application\/ld+json\" class=\"yoast-schema-graph\">{\"@context\":\"https:\\\/\\\/schema.org\",\"@graph\":[{\"@type\":\"WebPage\",\"@id\":\"https:\\\/\\\/studio-zebre.com\\\/site\\\/formation\\\/\",\"url\":\"https:\\\/\\\/studio-zebre.com\\\/site\\\/formation\\\/\",\"name\":\"FORMATION - Studio Le Z\u00e8bre\",\"isPartOf\":{\"@id\":\"https:\\\/\\\/studio-zebre.com\\\/site\\\/#website\"},\"primaryImageOfPage\":{\"@id\":\"https:\\\/\\\/studio-zebre.com\\\/site\\\/formation\\\/#primaryimage\"},\"image\":{\"@id\":\"https:\\\/\\\/studio-zebre.com\\\/site\\\/formation\\\/#primaryimage\"},\"thumbnailUrl\":\"https:\\\/\\\/studio-zebre.com\\\/site\\\/wp-content\\\/uploads\\\/2024\\\/12\\\/pro-tools-11598-3.jpg\",\"datePublished\":\"2016-09-14T08:53:38+00:00\",\"dateModified\":\"2026-02-18T08:36:25+00:00\",\"description\":\"Studio Le Z\u00e8bre, Besan\u00e7on, enregistrement, mixage, mastering\",\"breadcrumb\":{\"@id\":\"https:\\\/\\\/studio-zebre.com\\\/site\\\/formation\\\/#breadcrumb\"},\"inLanguage\":\"fr-FR\",\"potentialAction\":[{\"@type\":\"ReadAction\",\"target\":[\"https:\\\/\\\/studio-zebre.com\\\/site\\\/formation\\\/\"]}]},{\"@type\":\"ImageObject\",\"inLanguage\":\"fr-FR\",\"@id\":\"https:\\\/\\\/studio-zebre.com\\\/site\\\/formation\\\/#primaryimage\",\"url\":\"https:\\\/\\\/studio-zebre.com\\\/site\\\/wp-content\\\/uploads\\\/2024\\\/12\\\/pro-tools-11598-3.jpg\",\"contentUrl\":\"https:\\\/\\\/studio-zebre.com\\\/site\\\/wp-content\\\/uploads\\\/2024\\\/12\\\/pro-tools-11598-3.jpg\",\"width\":1024,\"height\":612},{\"@type\":\"BreadcrumbList\",\"@id\":\"https:\\\/\\\/studio-zebre.com\\\/site\\\/formation\\\/#breadcrumb\",\"itemListElement\":[{\"@type\":\"ListItem\",\"position\":1,\"name\":\"Home\",\"item\":\"https:\\\/\\\/studio-zebre.com\\\/site\\\/\"},{\"@type\":\"ListItem\",\"position\":2,\"name\":\"FORMATION\"}]},{\"@type\":\"WebSite\",\"@id\":\"https:\\\/\\\/studio-zebre.com\\\/site\\\/#website\",\"url\":\"https:\\\/\\\/studio-zebre.com\\\/site\\\/\",\"name\":\"Studio Le Z\u00e8bre\",\"description\":\"Sp\u00e9cialis\u00e9 dans l&#039;enregistrement musical depuis 1999 \u00e0 Besan\u00e7on.\",\"potentialAction\":[{\"@type\":\"SearchAction\",\"target\":{\"@type\":\"EntryPoint\",\"urlTemplate\":\"https:\\\/\\\/studio-zebre.com\\\/site\\\/?s={search_term_string}\"},\"query-input\":{\"@type\":\"PropertyValueSpecification\",\"valueRequired\":true,\"valueName\":\"search_term_string\"}}],\"inLanguage\":\"fr-FR\"}]}<\/script>\n<!-- \/ Yoast SEO plugin. -->","yoast_head_json":{"title":"FORMATION - Studio Le Z\u00e8bre","description":"Studio Le Z\u00e8bre, Besan\u00e7on, enregistrement, mixage, mastering","robots":{"index":"noindex","follow":"follow"},"og_locale":"fr_FR","og_type":"article","og_title":"FORMATION - Studio Le Z\u00e8bre","og_description":"Studio Le Z\u00e8bre, Besan\u00e7on, enregistrement, mixage, mastering","og_url":"https:\/\/studio-zebre.com\/site\/formation\/","og_site_name":"Studio Le Z\u00e8bre","article_publisher":"https:\/\/www.facebook.com\/studiolezebre","article_modified_time":"2026-02-18T08:36:25+00:00","og_image":[{"width":1024,"height":612,"url":"https:\/\/studio-zebre.com\/site\/wp-content\/uploads\/2024\/12\/pro-tools-11598-3.jpg","type":"image\/jpeg"}],"twitter_misc":{"Dur\u00e9e de lecture estim\u00e9e":"1 minute"},"schema":{"@context":"https:\/\/schema.org","@graph":[{"@type":"WebPage","@id":"https:\/\/studio-zebre.com\/site\/formation\/","url":"https:\/\/studio-zebre.com\/site\/formation\/","name":"FORMATION - Studio Le Z\u00e8bre","isPartOf":{"@id":"https:\/\/studio-zebre.com\/site\/#website"},"primaryImageOfPage":{"@id":"https:\/\/studio-zebre.com\/site\/formation\/#primaryimage"},"image":{"@id":"https:\/\/studio-zebre.com\/site\/formation\/#primaryimage"},"thumbnailUrl":"https:\/\/studio-zebre.com\/site\/wp-content\/uploads\/2024\/12\/pro-tools-11598-3.jpg","datePublished":"2016-09-14T08:53:38+00:00","dateModified":"2026-02-18T08:36:25+00:00","description":"Studio Le Z\u00e8bre, Besan\u00e7on, enregistrement, mixage, mastering","breadcrumb":{"@id":"https:\/\/studio-zebre.com\/site\/formation\/#breadcrumb"},"inLanguage":"fr-FR","potentialAction":[{"@type":"ReadAction","target":["https:\/\/studio-zebre.com\/site\/formation\/"]}]},{"@type":"ImageObject","inLanguage":"fr-FR","@id":"https:\/\/studio-zebre.com\/site\/formation\/#primaryimage","url":"https:\/\/studio-zebre.com\/site\/wp-content\/uploads\/2024\/12\/pro-tools-11598-3.jpg","contentUrl":"https:\/\/studio-zebre.com\/site\/wp-content\/uploads\/2024\/12\/pro-tools-11598-3.jpg","width":1024,"height":612},{"@type":"BreadcrumbList","@id":"https:\/\/studio-zebre.com\/site\/formation\/#breadcrumb","itemListElement":[{"@type":"ListItem","position":1,"name":"Home","item":"https:\/\/studio-zebre.com\/site\/"},{"@type":"ListItem","position":2,"name":"FORMATION"}]},{"@type":"WebSite","@id":"https:\/\/studio-zebre.com\/site\/#website","url":"https:\/\/studio-zebre.com\/site\/","name":"Studio Le Z\u00e8bre","description":"Sp\u00e9cialis\u00e9 dans l&#039;enregistrement musical depuis 1999 \u00e0 Besan\u00e7on.","potentialAction":[{"@type":"SearchAction","target":{"@type":"EntryPoint","urlTemplate":"https:\/\/studio-zebre.com\/site\/?s={search_term_string}"},"query-input":{"@type":"PropertyValueSpecification","valueRequired":true,"valueName":"search_term_string"}}],"inLanguage":"fr-FR"}]}},"featured_media_urls":{"thumbnail":["https:\/\/studio-zebre.com\/site\/wp-content\/uploads\/2024\/12\/pro-tools-11598-3-150x150.jpg",150,150,true],"medium":["https:\/\/studio-zebre.com\/site\/wp-content\/uploads\/2024\/12\/pro-tools-11598-3-300x179.jpg",300,179,true],"medium_large":["https:\/\/studio-zebre.com\/site\/wp-content\/uploads\/2024\/12\/pro-tools-11598-3.jpg",768,459,false],"large":["https:\/\/studio-zebre.com\/site\/wp-content\/uploads\/2024\/12\/pro-tools-11598-3.jpg",950,568,false],"1536x1536":["https:\/\/studio-zebre.com\/site\/wp-content\/uploads\/2024\/12\/pro-tools-11598-3.jpg",1024,612,false],"2048x2048":["https:\/\/studio-zebre.com\/site\/wp-content\/uploads\/2024\/12\/pro-tools-11598-3.jpg",1024,612,false],"inspiro-featured-image":["https:\/\/studio-zebre.com\/site\/wp-content\/uploads\/2024\/12\/pro-tools-11598-3.jpg",1024,612,false],"inspiro-loop":["https:\/\/studio-zebre.com\/site\/wp-content\/uploads\/2024\/12\/pro-tools-11598-3-950x320.jpg",950,320,true],"inspiro-loop@2x":["https:\/\/studio-zebre.com\/site\/wp-content\/uploads\/2024\/12\/pro-tools-11598-3.jpg",1024,612,false],"portfolio_item-thumbnail":["https:\/\/studio-zebre.com\/site\/wp-content\/uploads\/2024\/12\/pro-tools-11598-3-600x400.jpg",600,400,true],"portfolio_item-thumbnail@2x":["https:\/\/studio-zebre.com\/site\/wp-content\/uploads\/2024\/12\/pro-tools-11598-3.jpg",1024,612,false],"portfolio_item-masonry":["https:\/\/studio-zebre.com\/site\/wp-content\/uploads\/2024\/12\/pro-tools-11598-3-600x359.jpg",600,359,true],"portfolio_item-masonry@2x":["https:\/\/studio-zebre.com\/site\/wp-content\/uploads\/2024\/12\/pro-tools-11598-3.jpg",1024,612,false],"portfolio_item-thumbnail_cinema":["https:\/\/studio-zebre.com\/site\/wp-content\/uploads\/2024\/12\/pro-tools-11598-3-800x335.jpg",800,335,true],"portfolio_item-thumbnail_portrait":["https:\/\/studio-zebre.com\/site\/wp-content\/uploads\/2024\/12\/pro-tools-11598-3-600x612.jpg",600,612,true],"portfolio_item-thumbnail_portrait@2x":["https:\/\/studio-zebre.com\/site\/wp-content\/uploads\/2024\/12\/pro-tools-11598-3.jpg",1024,612,false],"portfolio_item-thumbnail_square":["https:\/\/studio-zebre.com\/site\/wp-content\/uploads\/2024\/12\/pro-tools-11598-3-800x612.jpg",800,612,true]},"_links":{"self":[{"href":"https:\/\/studio-zebre.com\/site\/wp-json\/wp\/v2\/pages\/1852","targetHints":{"allow":["GET"]}}],"collection":[{"href":"https:\/\/studio-zebre.com\/site\/wp-json\/wp\/v2\/pages"}],"about":[{"href":"https:\/\/studio-zebre.com\/site\/wp-json\/wp\/v2\/types\/page"}],"author":[{"embeddable":true,"href":"https:\/\/studio-zebre.com\/site\/wp-json\/wp\/v2\/users\/1"}],"replies":[{"embeddable":true,"href":"https:\/\/studio-zebre.com\/site\/wp-json\/wp\/v2\/comments?post=1852"}],"version-history":[{"count":69,"href":"https:\/\/studio-zebre.com\/site\/wp-json\/wp\/v2\/pages\/1852\/revisions"}],"predecessor-version":[{"id":4290,"href":"https:\/\/studio-zebre.com\/site\/wp-json\/wp\/v2\/pages\/1852\/revisions\/4290"}],"wp:featuredmedia":[{"embeddable":true,"href":"https:\/\/studio-zebre.com\/site\/wp-json\/wp\/v2\/media\/3285"}],"wp:attachment":[{"href":"https:\/\/studio-zebre.com\/site\/wp-json\/wp\/v2\/media?parent=1852"}],"curies":[{"name":"wp","href":"https:\/\/api.w.org\/{rel}","templated":true}]}}