{"id":1876,"date":"2016-09-28T10:11:42","date_gmt":"2016-09-28T08:11:42","guid":{"rendered":"http:\/\/studio-zebre.com\/site\/?page_id=1876"},"modified":"2025-08-18T10:45:11","modified_gmt":"2025-08-18T08:45:11","slug":"hardware","status":"publish","type":"page","link":"https:\/\/studio-zebre.com\/site\/hardware\/","title":{"rendered":"HARDWARE"},"content":{"rendered":"\n<h2 class=\"wp-block-heading\">HARDWARE<\/h2>\n\n\n\n<p><span style=\"color: #000000;\">Apr\u00e8s avoir travaill\u00e9 plus de 20 ans avec notre embl\u00e9matique console <a href=\"https:\/\/studio-zebre.com\/site\/lafont-producer\/\" target=\"_blank\" rel=\"noreferrer noopener\">LAFONT<\/a>, nous avons souhait\u00e9 faire \u00e9voluer notre r\u00e9gie autour d\u2019une surface de travail&nbsp;hybride sur mesure o\u00f9 le meilleur de l\u2019analogique et du num\u00e9rique cohabitent dans des conditions optimales.<\/span><\/p>\n\n\n\n<div class=\"wp-block-media-text has-media-on-the-right is-stacked-on-mobile\" style=\"grid-template-columns:auto 20%\"><div class=\"wp-block-media-text__content\">\n<p style=\"padding-top:var(--wp--preset--spacing--x-small);padding-bottom:var(--wp--preset--spacing--x-small)\">&#8211; <span style=\"color: #000000;\"><strong>Syst\u00e8me d\u2019enregistrement 96kHz <\/strong>(32 entr\u00e9es\/sorties analog)<em style=\"line-height: 1.5em;\"><br \/><\/em>&#8211; <strong>Carte son<span style=\"color: #000000;\"><strong> <\/strong><\/span>:<\/strong> <a href=\"https:\/\/fr.audiofanzine.com\/interface-audionumerique-usb\/rme-audio\/madiface-usb\/\" target=\"_blank\" rel=\"noreferrer noopener\">RME MADIface USB<\/a><\/span><br \/><span style=\"color: #000000;\">&#8211; <strong>C<span style=\"color: #000000;\"><strong>onvertisseur<\/strong><\/span><\/strong> <strong>:<\/strong> <a href=\"https:\/\/fr.audiofanzine.com\/can-cna\/ferrofish\/a32pro\/\" target=\"_blank\" rel=\"noreferrer noopener\">Ferrofish A32 Pro MM<\/a><br \/>&#8211; <strong>Interface midi : <\/strong><a style=\"color: #000000;\" href=\"https:\/\/www.m-audio.com\/products\/view\/midisport-4x4-anniversary-edition\" target=\"_blank\" rel=\"noopener noreferrer\">M-Audio MIDISport 4X4 AS USB<\/a><br \/>&#8211; <strong>Surface de contr\u00f4le :&nbsp;<\/strong><a style=\"color: #000000;\" href=\"https:\/\/fr.audiofanzine.com\/surface-de-controle-motorisee\/avid\/artist-series-artist-mix\/\" target=\"_blank\" rel=\"noopener noreferrer\">Avid Artist Mix<\/a> + <a style=\"color: #000000;\" href=\"https:\/\/fr.audiofanzine.com\/autre-surface-de-controle\/avid\/artist-transport\/\" target=\"_blank\" rel=\"noopener noreferrer\">Avid Artist Transport<\/a><br \/><strong>&#8211; STAN :<\/strong> <a style=\"color: #000000;\" href=\"https:\/\/www.apple.com\/fr\/mac-mini\/\" target=\"_blank\" rel=\"noopener noreferrer\">MAC MINI M4 2025<\/a> (16Go\/2To)<\/span><\/p>\n<\/div><figure class=\"wp-block-media-text__media\"><img loading=\"lazy\" decoding=\"async\" width=\"1024\" height=\"442\" src=\"https:\/\/studio-zebre.com\/site\/wp-content\/uploads\/2025\/05\/Capture-decran-2025-05-13-a-9.46.07-AM-1024x442.png\" alt=\"\" class=\"wp-image-3868 size-full\" srcset=\"https:\/\/studio-zebre.com\/site\/wp-content\/uploads\/2025\/05\/Capture-decran-2025-05-13-a-9.46.07-AM-1024x442.png 1024w, https:\/\/studio-zebre.com\/site\/wp-content\/uploads\/2025\/05\/Capture-decran-2025-05-13-a-9.46.07-AM-300x129.png 300w, https:\/\/studio-zebre.com\/site\/wp-content\/uploads\/2025\/05\/Capture-decran-2025-05-13-a-9.46.07-AM.png 1187w\" sizes=\"auto, (max-width: 1024px) 100vw, 1024px\" \/><\/figure><\/div>\n\n\n\n<div class=\"wp-block-media-text is-stacked-on-mobile is-vertically-aligned-center\" style=\"grid-template-columns:20% auto\"><figure class=\"wp-block-media-text__media\"><img loading=\"lazy\" decoding=\"async\" width=\"1024\" height=\"1024\" src=\"https:\/\/studio-zebre.com\/site\/wp-content\/uploads\/2024\/12\/Dynaudio-Core-59-04_1200x1200px-1024x1024.webp\" alt=\"\" class=\"wp-image-3245 size-full\" srcset=\"https:\/\/studio-zebre.com\/site\/wp-content\/uploads\/2024\/12\/Dynaudio-Core-59-04_1200x1200px-1024x1024.webp 1024w, https:\/\/studio-zebre.com\/site\/wp-content\/uploads\/2024\/12\/Dynaudio-Core-59-04_1200x1200px-300x300.webp 300w, https:\/\/studio-zebre.com\/site\/wp-content\/uploads\/2024\/12\/Dynaudio-Core-59-04_1200x1200px-150x150.webp 150w, https:\/\/studio-zebre.com\/site\/wp-content\/uploads\/2024\/12\/Dynaudio-Core-59-04_1200x1200px.webp 1200w\" sizes=\"auto, (max-width: 1024px) 100vw, 1024px\" \/><\/figure><div class=\"wp-block-media-text__content\">\n<p class=\"has-text-align-left\" style=\"padding-top:var(--wp--preset--spacing--x-small);padding-bottom:var(--wp--preset--spacing--x-small)\"><span style=\"color: #000000;\"><strong>\u00c9COUTES REGIE :<br \/><\/strong>&#8211; <a style=\"color: #000000;\" href=\"https:\/\/fr.audiofanzine.com\/enceinte-active\/dynaudio\/core-59\/\" target=\"_blank\" rel=\"noopener noreferrer\">DYNAUDIO CORE 59 (2)<\/a><br \/>&#8211; <a style=\"color: #000000;\" href=\"https:\/\/fr.audiofanzine.com\/caisson-de-basse-pour-le-monitoring\/dynaudio\/core-sub\/news\/a.play,n.45921.html\" target=\"_blank\" rel=\"noopener noreferrer\">DYNAUDIO CORE SUB<\/a><br \/>&#8211; <a style=\"color: #000000;\" href=\"http:\/\/www.dv2.fr\/carac.php?nom=4+series+Audio+Management&amp;marque=xta\" target=\"_blank\" rel=\"noopener noreferrer\">XTA DP 444<\/a><br \/>&#8211; <a style=\"color: #000000;\" href=\"https:\/\/technologicmusicplaymao.fr\/auratone-5c\/\" target=\"_blank\" rel=\"noopener noreferrer\">Auratone 5c vintage<\/a><br \/>&#8211; <a style=\"color: #000000;\" href=\"https:\/\/olloaudio.com\" target=\"_blank\" rel=\"noopener\">Ollo X1<\/a><br \/>&#8211; <a style=\"color: #000000;\" href=\"https:\/\/fr.audiofanzine.com\/controleur-monitoring\/heritage-audio\/ram-system-2000\/\" target=\"_blank\" rel=\"noopener noreferrer\">Heritage Audio RAM System 2000<\/a><\/span><\/p>\n<\/div><\/div>\n\n\n\n<div style=\"height:var(--wp--preset--spacing--x-small)\" aria-hidden=\"true\" class=\"wp-block-spacer\"><\/div>\n\n\n\n<div class=\"wp-block-media-text has-media-on-the-right is-stacked-on-mobile is-vertically-aligned-center\" style=\"grid-template-columns:auto 20%\"><div class=\"wp-block-media-text__content\">\n<p class=\"has-text-align-left\" style=\"padding-top:var(--wp--preset--spacing--x-small);padding-bottom:var(--wp--preset--spacing--x-small)\"><span style=\"color: #000000;\"><strong>RETOURS CASQUE :<br \/><\/strong><\/span>&#8211; <a href=\"https:\/\/fr.audiofanzine.com\/console-numerique\/behringer\/powerplay-p16-i\/\" target=\"_blank\" rel=\"noreferrer noopener\">Powerplay P16-I<\/a><br \/>&#8211; <a href=\"https:\/\/fr.audiofanzine.com\/materiel-informatique-divers\/behringer\/powerplay-p16-d\/\" target=\"_blank\" rel=\"noreferrer noopener\">Powerplay P16-D<\/a><br \/><span style=\"color: #000000;\">&#8211; <a href=\"https:\/\/fr.audiofanzine.com\/console-numerique\/behringer\/powerplay-16-p16-m\/\" target=\"_blank\" rel=\"noreferrer noopener\">Powerplay P16-M<\/a> (6)<\/span><br \/><span style=\"color: #000000;\">&#8211; <a style=\"color: #000000;\" href=\"https:\/\/fr.audiofanzine.com\/casque-studio\/audio-technica\/ath-m50x\/\" target=\"_blank\" rel=\"noopener\">Audio-Technica ATH-M50x (6)<\/a><\/span><\/p>\n<\/div><figure class=\"wp-block-media-text__media\"><img loading=\"lazy\" decoding=\"async\" width=\"1024\" height=\"1024\" src=\"https:\/\/studio-zebre.com\/site\/wp-content\/uploads\/2024\/12\/p16-1024x1024.jpg\" alt=\"\" class=\"wp-image-3246 size-full\" srcset=\"https:\/\/studio-zebre.com\/site\/wp-content\/uploads\/2024\/12\/p16-1024x1024.jpg 1024w, https:\/\/studio-zebre.com\/site\/wp-content\/uploads\/2024\/12\/p16-300x300.jpg 300w, https:\/\/studio-zebre.com\/site\/wp-content\/uploads\/2024\/12\/p16-150x150.jpg 150w, https:\/\/studio-zebre.com\/site\/wp-content\/uploads\/2024\/12\/p16.jpg 1440w\" sizes=\"auto, (max-width: 1024px) 100vw, 1024px\" \/><\/figure><\/div>\n\n\n\n<div style=\"height:var(--wp--preset--spacing--x-small)\" aria-hidden=\"true\" class=\"wp-block-spacer\"><\/div>\n\n\n\n<div class=\"wp-block-media-text is-stacked-on-mobile is-vertically-aligned-center\" style=\"grid-template-columns:20% auto\"><figure class=\"wp-block-media-text__media\"><img loading=\"lazy\" decoding=\"async\" width=\"1024\" height=\"683\" src=\"https:\/\/studio-zebre.com\/site\/wp-content\/uploads\/2024\/08\/0024_23-11-0716-29STUDIO_M17517_WEB-1024x683.jpg\" alt=\"\" class=\"wp-image-2721 size-full\" srcset=\"https:\/\/studio-zebre.com\/site\/wp-content\/uploads\/2024\/08\/0024_23-11-0716-29STUDIO_M17517_WEB-1024x683.jpg 1024w, https:\/\/studio-zebre.com\/site\/wp-content\/uploads\/2024\/08\/0024_23-11-0716-29STUDIO_M17517_WEB-300x200.jpg 300w, https:\/\/studio-zebre.com\/site\/wp-content\/uploads\/2024\/08\/0024_23-11-0716-29STUDIO_M17517_WEB-1536x1024.jpg 1536w, https:\/\/studio-zebre.com\/site\/wp-content\/uploads\/2024\/08\/0024_23-11-0716-29STUDIO_M17517_WEB-600x400.jpg 600w, https:\/\/studio-zebre.com\/site\/wp-content\/uploads\/2024\/08\/0024_23-11-0716-29STUDIO_M17517_WEB-1200x800.jpg 1200w, https:\/\/studio-zebre.com\/site\/wp-content\/uploads\/2024\/08\/0024_23-11-0716-29STUDIO_M17517_WEB.jpg 1600w\" sizes=\"auto, (max-width: 1024px) 100vw, 1024px\" \/><\/figure><div class=\"wp-block-media-text__content\">\n<p class=\"has-text-align-left\" style=\"padding-top:var(--wp--preset--spacing--x-small);padding-bottom:var(--wp--preset--spacing--x-small)\"><span style=\"color: #000000;\"><strong>PR\u00c9AMPLIS :<\/strong><span style=\"line-height: 1.5;\"><span style=\"line-height: 1.5;\"><br \/><\/span>&#8211; <a style=\"color: #000000;\" href=\"http:\/\/www.audiomaintenance.com\/\" target=\"_blank\" rel=\"noopener noreferrer\">1073 from AML (6<\/a>)<br \/>&#8211; <a style=\"color: #000000;\" href=\"https:\/\/fr.audiofanzine.com\/preampli-transistors\/classic-audio-products-of-illinois\/vp-28\/\" target=\"_blank\" rel=\"noopener noreferrer\">Classic API VP28-Litz double 2520 (4<\/a>)<br \/>&#8211; <a style=\"color: #000000;\" href=\"https:\/\/fr.audiofanzine.com\/preampli-transistors\/alternate-soundings\/mp2\/\" target=\"_blank\" rel=\"noopener noreferrer\">Alternate Soundings MP2<\/a><br \/>&#8211; <a style=\"color: #000000;\" href=\"http:\/\/fr.audiofanzine.com\/preampli-lampes\/tube-tech\/MP-1A\/\" target=\"_blank\" rel=\"noopener noreferrer\">Tubetech MP-1A<\/a> (2 canaux)<br \/>&#8211; <a style=\"color: #000000;\" href=\"https:\/\/fr.audiofanzine.com\/preampli-transistors\/audient\/asp880\/\" target=\"_blank\" rel=\"noopener noreferrer\">Audient ASP880<\/a> (16 canaux)<\/span><\/span><\/p>\n<\/div><\/div>\n\n\n\n<div style=\"height:var(--wp--preset--spacing--x-small)\" aria-hidden=\"true\" class=\"wp-block-spacer\"><\/div>\n\n\n\n<div class=\"wp-block-media-text has-media-on-the-right is-stacked-on-mobile is-vertically-aligned-center\" style=\"grid-template-columns:auto 20%\"><div class=\"wp-block-media-text__content\">\n<p class=\"has-text-align-left\" style=\"padding-top:var(--wp--preset--spacing--x-small);padding-bottom:var(--wp--preset--spacing--x-small)\"><span style=\"color: #000000;\"><strong>\u00c9GALISEURS :<\/strong><\/span><br \/><span style=\"color: #000000;\">&#8211; <a style=\"color: #000000;\" href=\"http:\/\/www.audiomaintenance.com\/\" target=\"_blank\" rel=\"noopener\">1073 from AML (2)<\/a><br \/>&#8211; <a style=\"color: #000000;\" href=\"https:\/\/fr.audiofanzine.com\/eq-parametrique\/aml\/pultec-ezp-1a\/\" target=\"_blank\" rel=\"noopener\">Pultec EQP-1A from AML (2)<\/a><\/span><br \/><span style=\"color: #000000;\">&#8211; <a style=\"color: #000000;\" href=\"https:\/\/capi-gear.com\/catalog\/product_info.php?products_id=548\" target=\"_blank\" rel=\"noopener\">Classic API BT50 (2)<\/a><br \/>&#8211; <a style=\"color: #000000;\" href=\"https:\/\/capi-gear.com\/catalog\/product_info.php?cPath=22_117_119_212&amp;products_id=540\" target=\"_blank\" rel=\"noopener\">Classic API LC25 (2)<\/a><br \/>&#8211; <a style=\"color: #000000;\" href=\"https:\/\/fr.audiofanzine.com\/filtre\/sontec\/MEP-250A\/\" target=\"_blank\" rel=\"noopener\">I.J. Research M250EP st\u00e9r\u00e9o Sontec EQ Clone<\/a><\/span><\/p>\n<\/div><figure class=\"wp-block-media-text__media\"><img loading=\"lazy\" decoding=\"async\" width=\"1024\" height=\"683\" src=\"https:\/\/studio-zebre.com\/site\/wp-content\/uploads\/2024\/08\/0028_23-11-0716-38STUDIO_M17528_WEB-1024x683.jpg\" alt=\"\" class=\"wp-image-2992 size-full\" srcset=\"https:\/\/studio-zebre.com\/site\/wp-content\/uploads\/2024\/08\/0028_23-11-0716-38STUDIO_M17528_WEB-1024x683.jpg 1024w, https:\/\/studio-zebre.com\/site\/wp-content\/uploads\/2024\/08\/0028_23-11-0716-38STUDIO_M17528_WEB-300x200.jpg 300w, https:\/\/studio-zebre.com\/site\/wp-content\/uploads\/2024\/08\/0028_23-11-0716-38STUDIO_M17528_WEB-1536x1024.jpg 1536w, https:\/\/studio-zebre.com\/site\/wp-content\/uploads\/2024\/08\/0028_23-11-0716-38STUDIO_M17528_WEB-600x400.jpg 600w, https:\/\/studio-zebre.com\/site\/wp-content\/uploads\/2024\/08\/0028_23-11-0716-38STUDIO_M17528_WEB-1200x800.jpg 1200w, https:\/\/studio-zebre.com\/site\/wp-content\/uploads\/2024\/08\/0028_23-11-0716-38STUDIO_M17528_WEB.jpg 1600w\" sizes=\"auto, (max-width: 1024px) 100vw, 1024px\" \/><\/figure><\/div>\n\n\n\n<div style=\"height:var(--wp--preset--spacing--x-small)\" aria-hidden=\"true\" class=\"wp-block-spacer\"><\/div>\n\n\n\n<div class=\"wp-block-media-text is-stacked-on-mobile is-vertically-aligned-center\" style=\"grid-template-columns:20% auto\"><figure class=\"wp-block-media-text__media\"><img loading=\"lazy\" decoding=\"async\" width=\"1024\" height=\"306\" src=\"https:\/\/studio-zebre.com\/site\/wp-content\/uploads\/2025\/08\/1714728349-1024x306.jpg\" alt=\"\" class=\"wp-image-3894 size-full\" srcset=\"https:\/\/studio-zebre.com\/site\/wp-content\/uploads\/2025\/08\/1714728349-1024x306.jpg 1024w, https:\/\/studio-zebre.com\/site\/wp-content\/uploads\/2025\/08\/1714728349-300x90.jpg 300w, https:\/\/studio-zebre.com\/site\/wp-content\/uploads\/2025\/08\/1714728349.jpg 1920w\" sizes=\"auto, (max-width: 1024px) 100vw, 1024px\" \/><\/figure><div class=\"wp-block-media-text__content\">\n<p class=\"has-text-align-left\" style=\"padding-top:var(--wp--preset--spacing--x-small);padding-bottom:var(--wp--preset--spacing--x-small)\"><strong>TRAITEMENTS <\/strong><span style=\"color: #000000;\"><strong>DYNAMIQUES :<\/strong><br \/>&#8211; <a style=\"color: #000000;\" href=\"http:\/\/fr.audiofanzine.com\/compresseur-de-studio\/dbx\/160X\/avis\/\" target=\"_blank\" rel=\"noopener noreferrer\">DBX 160X<\/a> (2)<br \/>&#8211; <a style=\"color: #000000;\" title=\"Empirical Labs Distressor EL8-X\" href=\"http:\/\/fr.audiofanzine.com\/processeur-dynamique\/empirical-labs\/distressor-mono-el8-x\/\" target=\"_blank\" rel=\"noopener noreferrer\">Empirical Labs Distressor EL8-X<\/a>&nbsp;(2)<\/span><br \/><span style=\"color: #000000;\">&#8211; <a style=\"color: #000000;\" title=\"Compresseur \u00e0 lampe\" href=\"http:\/\/fr.audiofanzine.com\/processeur-dynamique\/tube-tech\/CL1B\/\" target=\"_blank\" rel=\"noopener noreferrer\">Tubetech CL1B<\/a><br \/>&#8211; <a style=\"color: #000000;\" href=\"http:\/\/fr.audiofanzine.com\/processeur-dynamique\/universal-audio\/Teletronix-LA-2A\/\" target=\"_blank\" rel=\"noopener noreferrer\">Universal Audio LA-2A<\/a><\/span><br \/><span style=\"color: #000000;\">&#8211; <a style=\"color: #000000;\" title=\"(opto compresseur - r\u00e9plique des UREI des 70\u2019s)\" href=\"http:\/\/fr.audiofanzine.com\/processeur-dynamique\/universal-audio\/1176LN\/\" target=\"_blank\" rel=\"noopener noreferrer\">Universal Audio 1176LN<\/a><\/span><br \/>&#8211; <a href=\"https:\/\/fr.audiofanzine.com\/compresseur-de-studio\/ssl\/the-busplus\/\" target=\"_blank\" rel=\"noreferrer noopener\">SSL BUS+<\/a><\/p>\n<\/div><\/div>\n","protected":false},"excerpt":{"rendered":"<p>HARDWARE Apr\u00e8s avoir travaill\u00e9 plus de 20 ans avec notre embl\u00e9matique console LAFONT, nous avons souhait\u00e9 faire \u00e9voluer notre r\u00e9gie autour d\u2019une surface de travail&nbsp;hybride sur mesure o\u00f9 le meilleur de l\u2019analogique et du num\u00e9rique cohabitent dans des conditions optimales. &#8211; Syst\u00e8me d\u2019enregistrement 96kHz (32 entr\u00e9es\/sorties analog)&#8211; Carte son : RME MADIface USB&#8211; Convertisseur : &hellip; <\/p>\n<p class=\"link-more\"><a href=\"https:\/\/studio-zebre.com\/site\/hardware\/\" class=\"more-link\">Lire la suite de<span class=\"screen-reader-text\">\u00ab\u00a0HARDWARE\u00a0\u00bb<\/span><\/a><\/p>\n","protected":false},"author":1,"featured_media":2721,"parent":0,"menu_order":0,"comment_status":"closed","ping_status":"closed","template":"","meta":{"footnotes":""},"class_list":["post-1876","page","type-page","status-publish","has-post-thumbnail","hentry"],"yoast_head":"<!-- This site is optimized with the Yoast SEO plugin v27.4 - https:\/\/yoast.com\/product\/yoast-seo-wordpress\/ -->\n<title>HARDWARE - Studio Le Z\u00e8bre<\/title>\n<meta name=\"description\" content=\"Liste du mat\u00e9riel analogique et num\u00e9rique du studio Le Z\u00e8bre.\" \/>\n<meta name=\"robots\" content=\"index, follow, max-snippet:-1, max-image-preview:large, max-video-preview:-1\" \/>\n<link rel=\"canonical\" href=\"https:\/\/studio-zebre.com\/site\/hardware\/\" \/>\n<meta property=\"og:locale\" content=\"fr_FR\" \/>\n<meta property=\"og:type\" content=\"article\" \/>\n<meta property=\"og:title\" content=\"HARDWARE - Studio Le Z\u00e8bre\" \/>\n<meta property=\"og:description\" content=\"Liste du mat\u00e9riel analogique et num\u00e9rique du studio Le Z\u00e8bre.\" \/>\n<meta property=\"og:url\" content=\"https:\/\/studio-zebre.com\/site\/hardware\/\" \/>\n<meta property=\"og:site_name\" content=\"Studio Le Z\u00e8bre\" \/>\n<meta property=\"article:publisher\" content=\"https:\/\/www.facebook.com\/studiolezebre\" \/>\n<meta property=\"article:modified_time\" content=\"2025-08-18T08:45:11+00:00\" \/>\n<meta property=\"og:image\" content=\"https:\/\/studio-zebre.com\/site\/wp-content\/uploads\/2024\/08\/0024_23-11-0716-29STUDIO_M17517_WEB.jpg\" \/>\n\t<meta property=\"og:image:width\" content=\"1600\" \/>\n\t<meta property=\"og:image:height\" content=\"1067\" \/>\n\t<meta property=\"og:image:type\" content=\"image\/jpeg\" \/>\n<meta name=\"twitter:label1\" content=\"Dur\u00e9e de lecture estim\u00e9e\" \/>\n\t<meta name=\"twitter:data1\" content=\"3 minutes\" \/>\n<script type=\"application\/ld+json\" class=\"yoast-schema-graph\">{\"@context\":\"https:\\\/\\\/schema.org\",\"@graph\":[{\"@type\":\"WebPage\",\"@id\":\"https:\\\/\\\/studio-zebre.com\\\/site\\\/hardware\\\/\",\"url\":\"https:\\\/\\\/studio-zebre.com\\\/site\\\/hardware\\\/\",\"name\":\"HARDWARE - Studio Le Z\u00e8bre\",\"isPartOf\":{\"@id\":\"https:\\\/\\\/studio-zebre.com\\\/site\\\/#website\"},\"primaryImageOfPage\":{\"@id\":\"https:\\\/\\\/studio-zebre.com\\\/site\\\/hardware\\\/#primaryimage\"},\"image\":{\"@id\":\"https:\\\/\\\/studio-zebre.com\\\/site\\\/hardware\\\/#primaryimage\"},\"thumbnailUrl\":\"https:\\\/\\\/studio-zebre.com\\\/site\\\/wp-content\\\/uploads\\\/2024\\\/08\\\/0024_23-11-0716-29STUDIO_M17517_WEB.jpg\",\"datePublished\":\"2016-09-28T08:11:42+00:00\",\"dateModified\":\"2025-08-18T08:45:11+00:00\",\"description\":\"Liste du mat\u00e9riel analogique et num\u00e9rique du studio Le Z\u00e8bre.\",\"breadcrumb\":{\"@id\":\"https:\\\/\\\/studio-zebre.com\\\/site\\\/hardware\\\/#breadcrumb\"},\"inLanguage\":\"fr-FR\",\"potentialAction\":[{\"@type\":\"ReadAction\",\"target\":[\"https:\\\/\\\/studio-zebre.com\\\/site\\\/hardware\\\/\"]}]},{\"@type\":\"ImageObject\",\"inLanguage\":\"fr-FR\",\"@id\":\"https:\\\/\\\/studio-zebre.com\\\/site\\\/hardware\\\/#primaryimage\",\"url\":\"https:\\\/\\\/studio-zebre.com\\\/site\\\/wp-content\\\/uploads\\\/2024\\\/08\\\/0024_23-11-0716-29STUDIO_M17517_WEB.jpg\",\"contentUrl\":\"https:\\\/\\\/studio-zebre.com\\\/site\\\/wp-content\\\/uploads\\\/2024\\\/08\\\/0024_23-11-0716-29STUDIO_M17517_WEB.jpg\",\"width\":1600,\"height\":1067},{\"@type\":\"BreadcrumbList\",\"@id\":\"https:\\\/\\\/studio-zebre.com\\\/site\\\/hardware\\\/#breadcrumb\",\"itemListElement\":[{\"@type\":\"ListItem\",\"position\":1,\"name\":\"Home\",\"item\":\"https:\\\/\\\/studio-zebre.com\\\/site\\\/\"},{\"@type\":\"ListItem\",\"position\":2,\"name\":\"HARDWARE\"}]},{\"@type\":\"WebSite\",\"@id\":\"https:\\\/\\\/studio-zebre.com\\\/site\\\/#website\",\"url\":\"https:\\\/\\\/studio-zebre.com\\\/site\\\/\",\"name\":\"Studio Le Z\u00e8bre\",\"description\":\"Sp\u00e9cialis\u00e9 dans l&#039;enregistrement musical depuis 1999 \u00e0 Besan\u00e7on.\",\"potentialAction\":[{\"@type\":\"SearchAction\",\"target\":{\"@type\":\"EntryPoint\",\"urlTemplate\":\"https:\\\/\\\/studio-zebre.com\\\/site\\\/?s={search_term_string}\"},\"query-input\":{\"@type\":\"PropertyValueSpecification\",\"valueRequired\":true,\"valueName\":\"search_term_string\"}}],\"inLanguage\":\"fr-FR\"}]}<\/script>\n<!-- \/ Yoast SEO plugin. -->","yoast_head_json":{"title":"HARDWARE - Studio Le Z\u00e8bre","description":"Liste du mat\u00e9riel analogique et num\u00e9rique du studio Le Z\u00e8bre.","robots":{"index":"index","follow":"follow","max-snippet":"max-snippet:-1","max-image-preview":"max-image-preview:large","max-video-preview":"max-video-preview:-1"},"canonical":"https:\/\/studio-zebre.com\/site\/hardware\/","og_locale":"fr_FR","og_type":"article","og_title":"HARDWARE - Studio Le Z\u00e8bre","og_description":"Liste du mat\u00e9riel analogique et num\u00e9rique du studio Le Z\u00e8bre.","og_url":"https:\/\/studio-zebre.com\/site\/hardware\/","og_site_name":"Studio Le Z\u00e8bre","article_publisher":"https:\/\/www.facebook.com\/studiolezebre","article_modified_time":"2025-08-18T08:45:11+00:00","og_image":[{"width":1600,"height":1067,"url":"https:\/\/studio-zebre.com\/site\/wp-content\/uploads\/2024\/08\/0024_23-11-0716-29STUDIO_M17517_WEB.jpg","type":"image\/jpeg"}],"twitter_misc":{"Dur\u00e9e de lecture estim\u00e9e":"3 minutes"},"schema":{"@context":"https:\/\/schema.org","@graph":[{"@type":"WebPage","@id":"https:\/\/studio-zebre.com\/site\/hardware\/","url":"https:\/\/studio-zebre.com\/site\/hardware\/","name":"HARDWARE - Studio Le Z\u00e8bre","isPartOf":{"@id":"https:\/\/studio-zebre.com\/site\/#website"},"primaryImageOfPage":{"@id":"https:\/\/studio-zebre.com\/site\/hardware\/#primaryimage"},"image":{"@id":"https:\/\/studio-zebre.com\/site\/hardware\/#primaryimage"},"thumbnailUrl":"https:\/\/studio-zebre.com\/site\/wp-content\/uploads\/2024\/08\/0024_23-11-0716-29STUDIO_M17517_WEB.jpg","datePublished":"2016-09-28T08:11:42+00:00","dateModified":"2025-08-18T08:45:11+00:00","description":"Liste du mat\u00e9riel analogique et num\u00e9rique du studio Le Z\u00e8bre.","breadcrumb":{"@id":"https:\/\/studio-zebre.com\/site\/hardware\/#breadcrumb"},"inLanguage":"fr-FR","potentialAction":[{"@type":"ReadAction","target":["https:\/\/studio-zebre.com\/site\/hardware\/"]}]},{"@type":"ImageObject","inLanguage":"fr-FR","@id":"https:\/\/studio-zebre.com\/site\/hardware\/#primaryimage","url":"https:\/\/studio-zebre.com\/site\/wp-content\/uploads\/2024\/08\/0024_23-11-0716-29STUDIO_M17517_WEB.jpg","contentUrl":"https:\/\/studio-zebre.com\/site\/wp-content\/uploads\/2024\/08\/0024_23-11-0716-29STUDIO_M17517_WEB.jpg","width":1600,"height":1067},{"@type":"BreadcrumbList","@id":"https:\/\/studio-zebre.com\/site\/hardware\/#breadcrumb","itemListElement":[{"@type":"ListItem","position":1,"name":"Home","item":"https:\/\/studio-zebre.com\/site\/"},{"@type":"ListItem","position":2,"name":"HARDWARE"}]},{"@type":"WebSite","@id":"https:\/\/studio-zebre.com\/site\/#website","url":"https:\/\/studio-zebre.com\/site\/","name":"Studio Le Z\u00e8bre","description":"Sp\u00e9cialis\u00e9 dans l&#039;enregistrement musical depuis 1999 \u00e0 Besan\u00e7on.","potentialAction":[{"@type":"SearchAction","target":{"@type":"EntryPoint","urlTemplate":"https:\/\/studio-zebre.com\/site\/?s={search_term_string}"},"query-input":{"@type":"PropertyValueSpecification","valueRequired":true,"valueName":"search_term_string"}}],"inLanguage":"fr-FR"}]}},"featured_media_urls":{"thumbnail":["https:\/\/studio-zebre.com\/site\/wp-content\/uploads\/2024\/08\/0024_23-11-0716-29STUDIO_M17517_WEB-150x150.jpg",150,150,true],"medium":["https:\/\/studio-zebre.com\/site\/wp-content\/uploads\/2024\/08\/0024_23-11-0716-29STUDIO_M17517_WEB-300x200.jpg",300,200,true],"medium_large":["https:\/\/studio-zebre.com\/site\/wp-content\/uploads\/2024\/08\/0024_23-11-0716-29STUDIO_M17517_WEB.jpg",768,512,false],"large":["https:\/\/studio-zebre.com\/site\/wp-content\/uploads\/2024\/08\/0024_23-11-0716-29STUDIO_M17517_WEB-1024x683.jpg",950,634,true],"1536x1536":["https:\/\/studio-zebre.com\/site\/wp-content\/uploads\/2024\/08\/0024_23-11-0716-29STUDIO_M17517_WEB-1536x1024.jpg",1536,1024,true],"2048x2048":["https:\/\/studio-zebre.com\/site\/wp-content\/uploads\/2024\/08\/0024_23-11-0716-29STUDIO_M17517_WEB.jpg",1600,1067,false],"inspiro-featured-image":["https:\/\/studio-zebre.com\/site\/wp-content\/uploads\/2024\/08\/0024_23-11-0716-29STUDIO_M17517_WEB.jpg",1600,1067,false],"inspiro-loop":["https:\/\/studio-zebre.com\/site\/wp-content\/uploads\/2024\/08\/0024_23-11-0716-29STUDIO_M17517_WEB-950x320.jpg",950,320,true],"inspiro-loop@2x":["https:\/\/studio-zebre.com\/site\/wp-content\/uploads\/2024\/08\/0024_23-11-0716-29STUDIO_M17517_WEB-1600x640.jpg",1600,640,true],"portfolio_item-thumbnail":["https:\/\/studio-zebre.com\/site\/wp-content\/uploads\/2024\/08\/0024_23-11-0716-29STUDIO_M17517_WEB-600x400.jpg",600,400,true],"portfolio_item-thumbnail@2x":["https:\/\/studio-zebre.com\/site\/wp-content\/uploads\/2024\/08\/0024_23-11-0716-29STUDIO_M17517_WEB-1200x800.jpg",1200,800,true],"portfolio_item-masonry":["https:\/\/studio-zebre.com\/site\/wp-content\/uploads\/2024\/08\/0024_23-11-0716-29STUDIO_M17517_WEB-600x400.jpg",600,400,true],"portfolio_item-masonry@2x":["https:\/\/studio-zebre.com\/site\/wp-content\/uploads\/2024\/08\/0024_23-11-0716-29STUDIO_M17517_WEB-1200x800.jpg",1200,800,true],"portfolio_item-thumbnail_cinema":["https:\/\/studio-zebre.com\/site\/wp-content\/uploads\/2024\/08\/0024_23-11-0716-29STUDIO_M17517_WEB-800x335.jpg",800,335,true],"portfolio_item-thumbnail_portrait":["https:\/\/studio-zebre.com\/site\/wp-content\/uploads\/2024\/08\/0024_23-11-0716-29STUDIO_M17517_WEB-600x900.jpg",600,900,true],"portfolio_item-thumbnail_portrait@2x":["https:\/\/studio-zebre.com\/site\/wp-content\/uploads\/2024\/08\/0024_23-11-0716-29STUDIO_M17517_WEB-1200x1067.jpg",1200,1067,true],"portfolio_item-thumbnail_square":["https:\/\/studio-zebre.com\/site\/wp-content\/uploads\/2024\/08\/0024_23-11-0716-29STUDIO_M17517_WEB-800x800.jpg",800,800,true]},"_links":{"self":[{"href":"https:\/\/studio-zebre.com\/site\/wp-json\/wp\/v2\/pages\/1876","targetHints":{"allow":["GET"]}}],"collection":[{"href":"https:\/\/studio-zebre.com\/site\/wp-json\/wp\/v2\/pages"}],"about":[{"href":"https:\/\/studio-zebre.com\/site\/wp-json\/wp\/v2\/types\/page"}],"author":[{"embeddable":true,"href":"https:\/\/studio-zebre.com\/site\/wp-json\/wp\/v2\/users\/1"}],"replies":[{"embeddable":true,"href":"https:\/\/studio-zebre.com\/site\/wp-json\/wp\/v2\/comments?post=1876"}],"version-history":[{"count":0,"href":"https:\/\/studio-zebre.com\/site\/wp-json\/wp\/v2\/pages\/1876\/revisions"}],"wp:featuredmedia":[{"embeddable":true,"href":"https:\/\/studio-zebre.com\/site\/wp-json\/wp\/v2\/media\/2721"}],"wp:attachment":[{"href":"https:\/\/studio-zebre.com\/site\/wp-json\/wp\/v2\/media?parent=1876"}],"curies":[{"name":"wp","href":"https:\/\/api.w.org\/{rel}","templated":true}]}}