{"id":2006,"date":"2016-11-13T19:56:41","date_gmt":"2016-11-13T17:56:41","guid":{"rendered":"http:\/\/studio-zebre.com\/site\/?page_id=2006"},"modified":"2024-12-30T15:20:09","modified_gmt":"2024-12-30T13:20:09","slug":"test-audio","status":"publish","type":"page","link":"https:\/\/studio-zebre.com\/site\/test-audio\/","title":{"rendered":"TEST AUDIO"},"content":{"rendered":"\n<h2 class=\"wp-block-heading\">TEST AUDIO<\/h2>\n\n\n\n<h3 class=\"wp-block-heading\"><span style=\"color: #000000;\"><strong>Test micros sur ampli guitare<\/strong><\/span><\/h3>\n\n\n\n<center><iframe loading=\"lazy\" src=\"https:\/\/www.youtube.com\/embed\/pT7aP7ZtCcU\" width=\"560\" height=\"315\" frameborder=\"0\" allowfullscreen=\"allowfullscreen\"><\/iframe><\/center>\n\n\n\n<p class=\"has-text-align-center\"><span style=\"color: #000000;\"><a style=\"color: #000000;\" href=\"https:\/\/drive.google.com\/file\/d\/1sEVuknpvjEk11eTOw3TXv0YRifFzmDdF\/view\" target=\"_blank\" rel=\"noopener\">T\u00c9L\u00c9CHARGER LES FICHIERS ICI<\/a><\/span><\/p>\n\n\n\n<h3 class=\"wp-block-heading\"><strong>Test micros dynamique sur voix<\/strong><\/h3>\n\n\n\n<center><iframe loading=\"lazy\" title=\"YouTube video player\" src=\"https:\/\/www.youtube.com\/embed\/8uTMSnbSHoQ\" width=\"560\" height=\"315\" frameborder=\"0\" allowfullscreen=\"allowfullscreen\"><\/iframe><\/center>\n\n\n\n<p class=\"has-text-align-center\"><a href=\"https:\/\/drive.google.com\/file\/d\/1crAWklI8r7T1NOqWGYfsSS90Rpa3ycZd\/view?usp=sharing\" target=\"_blank\" rel=\"noreferrer noopener\">T\u00c9L\u00c9CHARGER LES FICHIERS ICI<\/a><\/p>\n\n\n\n<p><\/p>\n","protected":false},"excerpt":{"rendered":"<p>TEST AUDIO Test micros sur ampli guitare T\u00c9L\u00c9CHARGER LES FICHIERS ICI Test micros dynamique sur voix T\u00c9L\u00c9CHARGER LES FICHIERS ICI<\/p>\n","protected":false},"author":1,"featured_media":2991,"parent":0,"menu_order":0,"comment_status":"closed","ping_status":"closed","template":"","meta":{"footnotes":""},"class_list":["post-2006","page","type-page","status-publish","has-post-thumbnail","hentry"],"yoast_head":"<!-- This site is optimized with the Yoast SEO plugin v27.6 - https:\/\/yoast.com\/product\/yoast-seo-wordpress\/ -->\n<title>TEST AUDIO - Studio Le Z\u00e8bre<\/title>\n<meta name=\"description\" content=\"Studio Le Z\u00e8bre, Besan\u00e7on, enregistrement, mixage, mastering\" \/>\n<meta name=\"robots\" content=\"index, follow, max-snippet:-1, max-image-preview:large, max-video-preview:-1\" \/>\n<link rel=\"canonical\" href=\"https:\/\/studio-zebre.com\/site\/test-audio\/\" \/>\n<meta property=\"og:locale\" content=\"fr_FR\" \/>\n<meta property=\"og:type\" content=\"article\" \/>\n<meta property=\"og:title\" content=\"TEST AUDIO - Studio Le Z\u00e8bre\" \/>\n<meta property=\"og:description\" content=\"Studio Le Z\u00e8bre, Besan\u00e7on, enregistrement, mixage, mastering\" \/>\n<meta property=\"og:url\" content=\"https:\/\/studio-zebre.com\/site\/test-audio\/\" \/>\n<meta property=\"og:site_name\" content=\"Studio Le Z\u00e8bre\" \/>\n<meta property=\"article:publisher\" content=\"https:\/\/www.facebook.com\/studiolezebre\" \/>\n<meta property=\"article:modified_time\" content=\"2024-12-30T13:20:09+00:00\" \/>\n<meta property=\"og:image\" content=\"https:\/\/studio-zebre.com\/site\/wp-content\/uploads\/2024\/08\/0017_23-11-0715-33STUDIO_M17510_WEB.jpg\" \/>\n\t<meta property=\"og:image:width\" content=\"1600\" \/>\n\t<meta property=\"og:image:height\" content=\"1067\" \/>\n\t<meta property=\"og:image:type\" content=\"image\/jpeg\" \/>\n<meta name=\"twitter:label1\" content=\"Dur\u00e9e de lecture estim\u00e9e\" \/>\n\t<meta name=\"twitter:data1\" content=\"1 minute\" \/>\n<script type=\"application\/ld+json\" class=\"yoast-schema-graph\">{\"@context\":\"https:\\\/\\\/schema.org\",\"@graph\":[{\"@type\":\"WebPage\",\"@id\":\"https:\\\/\\\/studio-zebre.com\\\/site\\\/test-audio\\\/\",\"url\":\"https:\\\/\\\/studio-zebre.com\\\/site\\\/test-audio\\\/\",\"name\":\"TEST AUDIO - Studio Le Z\u00e8bre\",\"isPartOf\":{\"@id\":\"https:\\\/\\\/studio-zebre.com\\\/site\\\/#website\"},\"primaryImageOfPage\":{\"@id\":\"https:\\\/\\\/studio-zebre.com\\\/site\\\/test-audio\\\/#primaryimage\"},\"image\":{\"@id\":\"https:\\\/\\\/studio-zebre.com\\\/site\\\/test-audio\\\/#primaryimage\"},\"thumbnailUrl\":\"https:\\\/\\\/studio-zebre.com\\\/site\\\/wp-content\\\/uploads\\\/2024\\\/08\\\/0017_23-11-0715-33STUDIO_M17510_WEB.jpg\",\"datePublished\":\"2016-11-13T17:56:41+00:00\",\"dateModified\":\"2024-12-30T13:20:09+00:00\",\"description\":\"Studio Le Z\u00e8bre, Besan\u00e7on, enregistrement, mixage, mastering\",\"breadcrumb\":{\"@id\":\"https:\\\/\\\/studio-zebre.com\\\/site\\\/test-audio\\\/#breadcrumb\"},\"inLanguage\":\"fr-FR\",\"potentialAction\":[{\"@type\":\"ReadAction\",\"target\":[\"https:\\\/\\\/studio-zebre.com\\\/site\\\/test-audio\\\/\"]}]},{\"@type\":\"ImageObject\",\"inLanguage\":\"fr-FR\",\"@id\":\"https:\\\/\\\/studio-zebre.com\\\/site\\\/test-audio\\\/#primaryimage\",\"url\":\"https:\\\/\\\/studio-zebre.com\\\/site\\\/wp-content\\\/uploads\\\/2024\\\/08\\\/0017_23-11-0715-33STUDIO_M17510_WEB.jpg\",\"contentUrl\":\"https:\\\/\\\/studio-zebre.com\\\/site\\\/wp-content\\\/uploads\\\/2024\\\/08\\\/0017_23-11-0715-33STUDIO_M17510_WEB.jpg\",\"width\":1600,\"height\":1067},{\"@type\":\"BreadcrumbList\",\"@id\":\"https:\\\/\\\/studio-zebre.com\\\/site\\\/test-audio\\\/#breadcrumb\",\"itemListElement\":[{\"@type\":\"ListItem\",\"position\":1,\"name\":\"Home\",\"item\":\"https:\\\/\\\/studio-zebre.com\\\/site\\\/\"},{\"@type\":\"ListItem\",\"position\":2,\"name\":\"TEST AUDIO\"}]},{\"@type\":\"WebSite\",\"@id\":\"https:\\\/\\\/studio-zebre.com\\\/site\\\/#website\",\"url\":\"https:\\\/\\\/studio-zebre.com\\\/site\\\/\",\"name\":\"Studio Le Z\u00e8bre\",\"description\":\"Sp\u00e9cialis\u00e9 dans l&#039;enregistrement musical depuis 1999 \u00e0 Besan\u00e7on.\",\"potentialAction\":[{\"@type\":\"SearchAction\",\"target\":{\"@type\":\"EntryPoint\",\"urlTemplate\":\"https:\\\/\\\/studio-zebre.com\\\/site\\\/?s={search_term_string}\"},\"query-input\":{\"@type\":\"PropertyValueSpecification\",\"valueRequired\":true,\"valueName\":\"search_term_string\"}}],\"inLanguage\":\"fr-FR\"}]}<\/script>\n<!-- \/ Yoast SEO plugin. -->","yoast_head_json":{"title":"TEST AUDIO - Studio Le Z\u00e8bre","description":"Studio Le Z\u00e8bre, Besan\u00e7on, enregistrement, mixage, mastering","robots":{"index":"index","follow":"follow","max-snippet":"max-snippet:-1","max-image-preview":"max-image-preview:large","max-video-preview":"max-video-preview:-1"},"canonical":"https:\/\/studio-zebre.com\/site\/test-audio\/","og_locale":"fr_FR","og_type":"article","og_title":"TEST AUDIO - Studio Le Z\u00e8bre","og_description":"Studio Le Z\u00e8bre, Besan\u00e7on, enregistrement, mixage, mastering","og_url":"https:\/\/studio-zebre.com\/site\/test-audio\/","og_site_name":"Studio Le Z\u00e8bre","article_publisher":"https:\/\/www.facebook.com\/studiolezebre","article_modified_time":"2024-12-30T13:20:09+00:00","og_image":[{"width":1600,"height":1067,"url":"https:\/\/studio-zebre.com\/site\/wp-content\/uploads\/2024\/08\/0017_23-11-0715-33STUDIO_M17510_WEB.jpg","type":"image\/jpeg"}],"twitter_misc":{"Dur\u00e9e de lecture estim\u00e9e":"1 minute"},"schema":{"@context":"https:\/\/schema.org","@graph":[{"@type":"WebPage","@id":"https:\/\/studio-zebre.com\/site\/test-audio\/","url":"https:\/\/studio-zebre.com\/site\/test-audio\/","name":"TEST AUDIO - Studio Le Z\u00e8bre","isPartOf":{"@id":"https:\/\/studio-zebre.com\/site\/#website"},"primaryImageOfPage":{"@id":"https:\/\/studio-zebre.com\/site\/test-audio\/#primaryimage"},"image":{"@id":"https:\/\/studio-zebre.com\/site\/test-audio\/#primaryimage"},"thumbnailUrl":"https:\/\/studio-zebre.com\/site\/wp-content\/uploads\/2024\/08\/0017_23-11-0715-33STUDIO_M17510_WEB.jpg","datePublished":"2016-11-13T17:56:41+00:00","dateModified":"2024-12-30T13:20:09+00:00","description":"Studio Le Z\u00e8bre, Besan\u00e7on, enregistrement, mixage, mastering","breadcrumb":{"@id":"https:\/\/studio-zebre.com\/site\/test-audio\/#breadcrumb"},"inLanguage":"fr-FR","potentialAction":[{"@type":"ReadAction","target":["https:\/\/studio-zebre.com\/site\/test-audio\/"]}]},{"@type":"ImageObject","inLanguage":"fr-FR","@id":"https:\/\/studio-zebre.com\/site\/test-audio\/#primaryimage","url":"https:\/\/studio-zebre.com\/site\/wp-content\/uploads\/2024\/08\/0017_23-11-0715-33STUDIO_M17510_WEB.jpg","contentUrl":"https:\/\/studio-zebre.com\/site\/wp-content\/uploads\/2024\/08\/0017_23-11-0715-33STUDIO_M17510_WEB.jpg","width":1600,"height":1067},{"@type":"BreadcrumbList","@id":"https:\/\/studio-zebre.com\/site\/test-audio\/#breadcrumb","itemListElement":[{"@type":"ListItem","position":1,"name":"Home","item":"https:\/\/studio-zebre.com\/site\/"},{"@type":"ListItem","position":2,"name":"TEST AUDIO"}]},{"@type":"WebSite","@id":"https:\/\/studio-zebre.com\/site\/#website","url":"https:\/\/studio-zebre.com\/site\/","name":"Studio Le Z\u00e8bre","description":"Sp\u00e9cialis\u00e9 dans l&#039;enregistrement musical depuis 1999 \u00e0 Besan\u00e7on.","potentialAction":[{"@type":"SearchAction","target":{"@type":"EntryPoint","urlTemplate":"https:\/\/studio-zebre.com\/site\/?s={search_term_string}"},"query-input":{"@type":"PropertyValueSpecification","valueRequired":true,"valueName":"search_term_string"}}],"inLanguage":"fr-FR"}]}},"featured_media_urls":{"thumbnail":["https:\/\/studio-zebre.com\/site\/wp-content\/uploads\/2024\/08\/0017_23-11-0715-33STUDIO_M17510_WEB-150x150.jpg",150,150,true],"medium":["https:\/\/studio-zebre.com\/site\/wp-content\/uploads\/2024\/08\/0017_23-11-0715-33STUDIO_M17510_WEB-300x200.jpg",300,200,true],"medium_large":["https:\/\/studio-zebre.com\/site\/wp-content\/uploads\/2024\/08\/0017_23-11-0715-33STUDIO_M17510_WEB.jpg",768,512,false],"large":["https:\/\/studio-zebre.com\/site\/wp-content\/uploads\/2024\/08\/0017_23-11-0715-33STUDIO_M17510_WEB-1024x683.jpg",950,634,true],"1536x1536":["https:\/\/studio-zebre.com\/site\/wp-content\/uploads\/2024\/08\/0017_23-11-0715-33STUDIO_M17510_WEB-1536x1024.jpg",1536,1024,true],"2048x2048":["https:\/\/studio-zebre.com\/site\/wp-content\/uploads\/2024\/08\/0017_23-11-0715-33STUDIO_M17510_WEB.jpg",1600,1067,false],"inspiro-featured-image":["https:\/\/studio-zebre.com\/site\/wp-content\/uploads\/2024\/08\/0017_23-11-0715-33STUDIO_M17510_WEB.jpg",1600,1067,false],"inspiro-loop":["https:\/\/studio-zebre.com\/site\/wp-content\/uploads\/2024\/08\/0017_23-11-0715-33STUDIO_M17510_WEB-950x320.jpg",950,320,true],"inspiro-loop@2x":["https:\/\/studio-zebre.com\/site\/wp-content\/uploads\/2024\/08\/0017_23-11-0715-33STUDIO_M17510_WEB-1600x640.jpg",1600,640,true],"portfolio_item-thumbnail":["https:\/\/studio-zebre.com\/site\/wp-content\/uploads\/2024\/08\/0017_23-11-0715-33STUDIO_M17510_WEB-600x400.jpg",600,400,true],"portfolio_item-thumbnail@2x":["https:\/\/studio-zebre.com\/site\/wp-content\/uploads\/2024\/08\/0017_23-11-0715-33STUDIO_M17510_WEB-1200x800.jpg",1200,800,true],"portfolio_item-masonry":["https:\/\/studio-zebre.com\/site\/wp-content\/uploads\/2024\/08\/0017_23-11-0715-33STUDIO_M17510_WEB-600x400.jpg",600,400,true],"portfolio_item-masonry@2x":["https:\/\/studio-zebre.com\/site\/wp-content\/uploads\/2024\/08\/0017_23-11-0715-33STUDIO_M17510_WEB-1200x800.jpg",1200,800,true],"portfolio_item-thumbnail_cinema":["https:\/\/studio-zebre.com\/site\/wp-content\/uploads\/2024\/08\/0017_23-11-0715-33STUDIO_M17510_WEB-800x335.jpg",800,335,true],"portfolio_item-thumbnail_portrait":["https:\/\/studio-zebre.com\/site\/wp-content\/uploads\/2024\/08\/0017_23-11-0715-33STUDIO_M17510_WEB-600x900.jpg",600,900,true],"portfolio_item-thumbnail_portrait@2x":["https:\/\/studio-zebre.com\/site\/wp-content\/uploads\/2024\/08\/0017_23-11-0715-33STUDIO_M17510_WEB-1200x1067.jpg",1200,1067,true],"portfolio_item-thumbnail_square":["https:\/\/studio-zebre.com\/site\/wp-content\/uploads\/2024\/08\/0017_23-11-0715-33STUDIO_M17510_WEB-800x800.jpg",800,800,true]},"_links":{"self":[{"href":"https:\/\/studio-zebre.com\/site\/wp-json\/wp\/v2\/pages\/2006","targetHints":{"allow":["GET"]}}],"collection":[{"href":"https:\/\/studio-zebre.com\/site\/wp-json\/wp\/v2\/pages"}],"about":[{"href":"https:\/\/studio-zebre.com\/site\/wp-json\/wp\/v2\/types\/page"}],"author":[{"embeddable":true,"href":"https:\/\/studio-zebre.com\/site\/wp-json\/wp\/v2\/users\/1"}],"replies":[{"embeddable":true,"href":"https:\/\/studio-zebre.com\/site\/wp-json\/wp\/v2\/comments?post=2006"}],"version-history":[{"count":0,"href":"https:\/\/studio-zebre.com\/site\/wp-json\/wp\/v2\/pages\/2006\/revisions"}],"wp:featuredmedia":[{"embeddable":true,"href":"https:\/\/studio-zebre.com\/site\/wp-json\/wp\/v2\/media\/2991"}],"wp:attachment":[{"href":"https:\/\/studio-zebre.com\/site\/wp-json\/wp\/v2\/media?parent=2006"}],"curies":[{"name":"wp","href":"https:\/\/api.w.org\/{rel}","templated":true}]}}