{"id":2256,"date":"2021-01-04T23:18:49","date_gmt":"2021-01-04T21:18:49","guid":{"rendered":"http:\/\/studio-zebre.com\/site\/?page_id=2256"},"modified":"2021-01-04T23:24:21","modified_gmt":"2021-01-04T21:24:21","slug":"lafont-producer","status":"publish","type":"page","link":"https:\/\/studio-zebre.com\/site\/lafont-producer\/","title":{"rendered":"LAFONT PRODUCER"},"content":{"rendered":"\n<p><img loading=\"lazy\" decoding=\"async\" width=\"250\" height=\"359\" class=\"wp-image-2257\" style=\"width: 250px;\" src=\"https:\/\/studio-zebre.com\/site\/wp-content\/uploads\/2021\/01\/Affiche-Lafont-1989.jpg\" alt=\"Affiche Lafont 1989\" srcset=\"https:\/\/studio-zebre.com\/site\/wp-content\/uploads\/2021\/01\/Affiche-Lafont-1989.jpg 1176w, https:\/\/studio-zebre.com\/site\/wp-content\/uploads\/2021\/01\/Affiche-Lafont-1989-209x300.jpg 209w, https:\/\/studio-zebre.com\/site\/wp-content\/uploads\/2021\/01\/Affiche-Lafont-1989-713x1024.jpg 713w, https:\/\/studio-zebre.com\/site\/wp-content\/uploads\/2021\/01\/Affiche-Lafont-1989-768x1103.jpg 768w, https:\/\/studio-zebre.com\/site\/wp-content\/uploads\/2021\/01\/Affiche-Lafont-1989-1069x1536.jpg 1069w\" sizes=\"auto, (max-width: 250px) 100vw, 250px\" \/><br \/><br \/><strong>Cliquez <a rel=\"noreferrer noopener\" href=\"https:\/\/studio-zebre.com\/site\/wp-content\/uploads\/2021\/01\/Studio-le-Ze%CC%80bre-Schemas-Lafont-Producer.zip\" target=\"_blank\">ici<\/a> pour t\u00e9l\u00e9charger les fichiers suivant <\/strong><br \/><br \/>-Tranche 901 (3 sch\u00e9mas)<br \/>-Communication module 908 (2 sch\u00e9mas)<br \/>-Alimentation (2 sch\u00e9mas)<br \/>-Echo return module (1 sch\u00e9ma)<br \/>-Synoptique<br \/>-Broche Master<br \/>-Affiche originale de 1989<br \/><br \/><strong>Si vous \u00eates en possession d&rsquo;autre sch\u00e9mas merci de nous les faire parvenir \u00e0 <a href=\"mailto:contact@studio-zebre.com\">contact@studio-zebre.com<\/a><\/strong><\/p>\n","protected":false},"excerpt":{"rendered":"<p>Cliquez ici pour t\u00e9l\u00e9charger les fichiers suivant -Tranche 901 (3 sch\u00e9mas)-Communication module 908 (2 sch\u00e9mas)-Alimentation (2 sch\u00e9mas)-Echo return module (1 sch\u00e9ma)-Synoptique-Broche Master-Affiche originale de 1989 Si vous \u00eates en possession d&rsquo;autre sch\u00e9mas merci de nous les faire parvenir \u00e0 contact@studio-zebre.com<\/p>\n","protected":false},"author":1,"featured_media":0,"parent":0,"menu_order":0,"comment_status":"closed","ping_status":"closed","template":"","meta":{"footnotes":""},"class_list":["post-2256","page","type-page","status-publish","hentry"],"yoast_head":"<!-- This site is optimized with the Yoast SEO plugin v27.4 - https:\/\/yoast.com\/product\/yoast-seo-wordpress\/ -->\n<title>LAFONT PRODUCER - Studio Le Z\u00e8bre<\/title>\n<meta name=\"description\" content=\"Studio Le Z\u00e8bre, Besan\u00e7on, enregistrement, mixage, mastering\" \/>\n<meta name=\"robots\" content=\"index, follow, max-snippet:-1, max-image-preview:large, max-video-preview:-1\" \/>\n<link rel=\"canonical\" href=\"https:\/\/studio-zebre.com\/site\/lafont-producer\/\" \/>\n<meta property=\"og:locale\" content=\"fr_FR\" \/>\n<meta property=\"og:type\" content=\"article\" \/>\n<meta property=\"og:title\" content=\"LAFONT PRODUCER - Studio Le Z\u00e8bre\" \/>\n<meta property=\"og:description\" content=\"Studio Le Z\u00e8bre, Besan\u00e7on, enregistrement, mixage, mastering\" \/>\n<meta property=\"og:url\" content=\"https:\/\/studio-zebre.com\/site\/lafont-producer\/\" \/>\n<meta property=\"og:site_name\" content=\"Studio Le Z\u00e8bre\" \/>\n<meta property=\"article:publisher\" content=\"https:\/\/www.facebook.com\/studiolezebre\" \/>\n<meta property=\"article:modified_time\" content=\"2021-01-04T21:24:21+00:00\" \/>\n<meta property=\"og:image\" content=\"http:\/\/studio-zebre.com\/site\/wp-content\/uploads\/2021\/01\/Affiche-Lafont-1989.jpg\" \/>\n<script type=\"application\/ld+json\" class=\"yoast-schema-graph\">{\"@context\":\"https:\\\/\\\/schema.org\",\"@graph\":[{\"@type\":\"WebPage\",\"@id\":\"https:\\\/\\\/studio-zebre.com\\\/site\\\/lafont-producer\\\/\",\"url\":\"https:\\\/\\\/studio-zebre.com\\\/site\\\/lafont-producer\\\/\",\"name\":\"LAFONT PRODUCER - Studio Le Z\u00e8bre\",\"isPartOf\":{\"@id\":\"https:\\\/\\\/studio-zebre.com\\\/site\\\/#website\"},\"primaryImageOfPage\":{\"@id\":\"https:\\\/\\\/studio-zebre.com\\\/site\\\/lafont-producer\\\/#primaryimage\"},\"image\":{\"@id\":\"https:\\\/\\\/studio-zebre.com\\\/site\\\/lafont-producer\\\/#primaryimage\"},\"thumbnailUrl\":\"http:\\\/\\\/studio-zebre.com\\\/site\\\/wp-content\\\/uploads\\\/2021\\\/01\\\/Affiche-Lafont-1989.jpg\",\"datePublished\":\"2021-01-04T21:18:49+00:00\",\"dateModified\":\"2021-01-04T21:24:21+00:00\",\"description\":\"Studio Le Z\u00e8bre, Besan\u00e7on, enregistrement, mixage, mastering\",\"breadcrumb\":{\"@id\":\"https:\\\/\\\/studio-zebre.com\\\/site\\\/lafont-producer\\\/#breadcrumb\"},\"inLanguage\":\"fr-FR\",\"potentialAction\":[{\"@type\":\"ReadAction\",\"target\":[\"https:\\\/\\\/studio-zebre.com\\\/site\\\/lafont-producer\\\/\"]}]},{\"@type\":\"ImageObject\",\"inLanguage\":\"fr-FR\",\"@id\":\"https:\\\/\\\/studio-zebre.com\\\/site\\\/lafont-producer\\\/#primaryimage\",\"url\":\"http:\\\/\\\/studio-zebre.com\\\/site\\\/wp-content\\\/uploads\\\/2021\\\/01\\\/Affiche-Lafont-1989.jpg\",\"contentUrl\":\"http:\\\/\\\/studio-zebre.com\\\/site\\\/wp-content\\\/uploads\\\/2021\\\/01\\\/Affiche-Lafont-1989.jpg\"},{\"@type\":\"BreadcrumbList\",\"@id\":\"https:\\\/\\\/studio-zebre.com\\\/site\\\/lafont-producer\\\/#breadcrumb\",\"itemListElement\":[{\"@type\":\"ListItem\",\"position\":1,\"name\":\"Home\",\"item\":\"https:\\\/\\\/studio-zebre.com\\\/site\\\/\"},{\"@type\":\"ListItem\",\"position\":2,\"name\":\"LAFONT PRODUCER\"}]},{\"@type\":\"WebSite\",\"@id\":\"https:\\\/\\\/studio-zebre.com\\\/site\\\/#website\",\"url\":\"https:\\\/\\\/studio-zebre.com\\\/site\\\/\",\"name\":\"Studio Le Z\u00e8bre\",\"description\":\"Sp\u00e9cialis\u00e9 dans l&#039;enregistrement musical depuis 1999 \u00e0 Besan\u00e7on.\",\"potentialAction\":[{\"@type\":\"SearchAction\",\"target\":{\"@type\":\"EntryPoint\",\"urlTemplate\":\"https:\\\/\\\/studio-zebre.com\\\/site\\\/?s={search_term_string}\"},\"query-input\":{\"@type\":\"PropertyValueSpecification\",\"valueRequired\":true,\"valueName\":\"search_term_string\"}}],\"inLanguage\":\"fr-FR\"}]}<\/script>\n<!-- \/ Yoast SEO plugin. -->","yoast_head_json":{"title":"LAFONT PRODUCER - Studio Le Z\u00e8bre","description":"Studio Le Z\u00e8bre, Besan\u00e7on, enregistrement, mixage, mastering","robots":{"index":"index","follow":"follow","max-snippet":"max-snippet:-1","max-image-preview":"max-image-preview:large","max-video-preview":"max-video-preview:-1"},"canonical":"https:\/\/studio-zebre.com\/site\/lafont-producer\/","og_locale":"fr_FR","og_type":"article","og_title":"LAFONT PRODUCER - Studio Le Z\u00e8bre","og_description":"Studio Le Z\u00e8bre, Besan\u00e7on, enregistrement, mixage, mastering","og_url":"https:\/\/studio-zebre.com\/site\/lafont-producer\/","og_site_name":"Studio Le Z\u00e8bre","article_publisher":"https:\/\/www.facebook.com\/studiolezebre","article_modified_time":"2021-01-04T21:24:21+00:00","og_image":[{"url":"http:\/\/studio-zebre.com\/site\/wp-content\/uploads\/2021\/01\/Affiche-Lafont-1989.jpg","type":"","width":"","height":""}],"schema":{"@context":"https:\/\/schema.org","@graph":[{"@type":"WebPage","@id":"https:\/\/studio-zebre.com\/site\/lafont-producer\/","url":"https:\/\/studio-zebre.com\/site\/lafont-producer\/","name":"LAFONT PRODUCER - Studio Le Z\u00e8bre","isPartOf":{"@id":"https:\/\/studio-zebre.com\/site\/#website"},"primaryImageOfPage":{"@id":"https:\/\/studio-zebre.com\/site\/lafont-producer\/#primaryimage"},"image":{"@id":"https:\/\/studio-zebre.com\/site\/lafont-producer\/#primaryimage"},"thumbnailUrl":"http:\/\/studio-zebre.com\/site\/wp-content\/uploads\/2021\/01\/Affiche-Lafont-1989.jpg","datePublished":"2021-01-04T21:18:49+00:00","dateModified":"2021-01-04T21:24:21+00:00","description":"Studio Le Z\u00e8bre, Besan\u00e7on, enregistrement, mixage, mastering","breadcrumb":{"@id":"https:\/\/studio-zebre.com\/site\/lafont-producer\/#breadcrumb"},"inLanguage":"fr-FR","potentialAction":[{"@type":"ReadAction","target":["https:\/\/studio-zebre.com\/site\/lafont-producer\/"]}]},{"@type":"ImageObject","inLanguage":"fr-FR","@id":"https:\/\/studio-zebre.com\/site\/lafont-producer\/#primaryimage","url":"http:\/\/studio-zebre.com\/site\/wp-content\/uploads\/2021\/01\/Affiche-Lafont-1989.jpg","contentUrl":"http:\/\/studio-zebre.com\/site\/wp-content\/uploads\/2021\/01\/Affiche-Lafont-1989.jpg"},{"@type":"BreadcrumbList","@id":"https:\/\/studio-zebre.com\/site\/lafont-producer\/#breadcrumb","itemListElement":[{"@type":"ListItem","position":1,"name":"Home","item":"https:\/\/studio-zebre.com\/site\/"},{"@type":"ListItem","position":2,"name":"LAFONT PRODUCER"}]},{"@type":"WebSite","@id":"https:\/\/studio-zebre.com\/site\/#website","url":"https:\/\/studio-zebre.com\/site\/","name":"Studio Le Z\u00e8bre","description":"Sp\u00e9cialis\u00e9 dans l&#039;enregistrement musical depuis 1999 \u00e0 Besan\u00e7on.","potentialAction":[{"@type":"SearchAction","target":{"@type":"EntryPoint","urlTemplate":"https:\/\/studio-zebre.com\/site\/?s={search_term_string}"},"query-input":{"@type":"PropertyValueSpecification","valueRequired":true,"valueName":"search_term_string"}}],"inLanguage":"fr-FR"}]}},"featured_media_urls":[],"_links":{"self":[{"href":"https:\/\/studio-zebre.com\/site\/wp-json\/wp\/v2\/pages\/2256","targetHints":{"allow":["GET"]}}],"collection":[{"href":"https:\/\/studio-zebre.com\/site\/wp-json\/wp\/v2\/pages"}],"about":[{"href":"https:\/\/studio-zebre.com\/site\/wp-json\/wp\/v2\/types\/page"}],"author":[{"embeddable":true,"href":"https:\/\/studio-zebre.com\/site\/wp-json\/wp\/v2\/users\/1"}],"replies":[{"embeddable":true,"href":"https:\/\/studio-zebre.com\/site\/wp-json\/wp\/v2\/comments?post=2256"}],"version-history":[{"count":0,"href":"https:\/\/studio-zebre.com\/site\/wp-json\/wp\/v2\/pages\/2256\/revisions"}],"wp:attachment":[{"href":"https:\/\/studio-zebre.com\/site\/wp-json\/wp\/v2\/media?parent=2256"}],"curies":[{"name":"wp","href":"https:\/\/api.w.org\/{rel}","templated":true}]}}