{"id":2874,"date":"2024-08-12T11:06:02","date_gmt":"2024-08-12T09:06:02","guid":{"rendered":"https:\/\/studio-zebre.com\/site\/?page_id=2874"},"modified":"2026-03-13T12:26:13","modified_gmt":"2026-03-13T10:26:13","slug":"la-cabine","status":"publish","type":"page","link":"https:\/\/studio-zebre.com\/site\/la-cabine\/","title":{"rendered":"\u00c9QUIPEMENT"},"content":{"rendered":"\n<h2 class=\"wp-block-heading\">\u00c9QUIPEMENT<\/h2>\n\n\n\n<div class=\"wp-block-media-text has-media-on-the-right is-stacked-on-mobile\" style=\"grid-template-columns:auto 20%\"><div class=\"wp-block-media-text__content\">\n<p style=\"padding-top:var(--wp--preset--spacing--x-small);padding-bottom:var(--wp--preset--spacing--x-small)\">&#8211; <strong>Convertisseurs A\/N N\/A :<\/strong> <a href=\"http:\/\/fr.audiofanzine.com\/cna\/crane-song\/Hedd-192\/avis\/\" target=\"_blank\" rel=\"noreferrer noopener\">Crane Song HEDD 192 V3<\/a>, <a href=\"https:\/\/fr.audiofanzine.com\/can-cna\/rme-audio\/adi-2-4-pro-se\/\" target=\"_blank\" rel=\"noreferrer noopener\">ADI-2\/4 PRO SE<\/a><br \/>&#8211; <strong>STAN :<\/strong> <a href=\"https:\/\/www.apple.com\/fr\/mac-mini\/\" target=\"_blank\" rel=\"noreferrer noopener\">MAC MINI 202<\/a>0 (M1 RAM 16Go SSD 1To)<br \/>&#8211; <strong>DAW :<\/strong> <a href=\"https:\/\/www.steinberg.net\/fr\/cubase\/\" target=\"_blank\" rel=\"noreferrer noopener\">Cubase 1<\/a>5, <a href=\"https:\/\/www.steinberg.net\/fr\/wavelab\/\" target=\"_blank\" rel=\"noreferrer noopener\">Wavelab 1<\/a>3, <a href=\"https:\/\/fr.audiofanzine.com\/logiciel-restauration-audio\/izotope\/rx-11-advanced\/editorial\/tests\/test-d-izotope-rx-11-advanced.html\" target=\"_blank\" rel=\"noreferrer noopener\">iZotope RX11<\/a><br \/>&#8211; <strong>Analyseurs : <\/strong><a href=\"https:\/\/fr.audiofanzine.com\/plugin-analyseur\/flux\/mira-studio\/\" target=\"_blank\" rel=\"noreferrer noopener\">Flux Mira Studio<\/a>, VUMT deluxe, Youlean Loudness Meter<br \/>&#8211; <strong>Platine vinyle :<\/strong> Thorens TD 160<\/p>\n<\/div><figure class=\"wp-block-media-text__media\"><img loading=\"lazy\" decoding=\"async\" width=\"1024\" height=\"680\" src=\"https:\/\/studio-zebre.com\/site\/wp-content\/uploads\/2013\/01\/crane-song.jpg\" alt=\"\" class=\"wp-image-756 size-full\" srcset=\"https:\/\/studio-zebre.com\/site\/wp-content\/uploads\/2013\/01\/crane-song.jpg 1024w, https:\/\/studio-zebre.com\/site\/wp-content\/uploads\/2013\/01\/crane-song-300x199.jpg 300w\" sizes=\"auto, (max-width: 1024px) 100vw, 1024px\" \/><\/figure><\/div>\n\n\n\n<div class=\"wp-block-media-text is-stacked-on-mobile\" style=\"grid-template-columns:20% auto\"><figure class=\"wp-block-media-text__media\"><img loading=\"lazy\" decoding=\"async\" width=\"766\" height=\"567\" src=\"https:\/\/studio-zebre.com\/site\/wp-content\/uploads\/2025\/09\/Capture-decran-2025-09-06-a-5.34.18-PM.png\" alt=\"\" class=\"wp-image-4094 size-full\" srcset=\"https:\/\/studio-zebre.com\/site\/wp-content\/uploads\/2025\/09\/Capture-decran-2025-09-06-a-5.34.18-PM.png 766w, https:\/\/studio-zebre.com\/site\/wp-content\/uploads\/2025\/09\/Capture-decran-2025-09-06-a-5.34.18-PM-300x222.png 300w\" sizes=\"auto, (max-width: 766px) 100vw, 766px\" \/><\/figure><div class=\"wp-block-media-text__content\">\n<p style=\"padding-top:var(--wp--preset--spacing--x-small);padding-bottom:var(--wp--preset--spacing--x-small)\"><strong>\u00c9COUTES :<br \/><\/strong>&#8211; <a href=\"https:\/\/soundpartisan.fr\/8c-hifi\/\" target=\"_blank\" rel=\"noreferrer noopener\">Dutch &amp; Dutch 8c Studio<\/a> (2)<br \/>&#8211; <a href=\"https:\/\/store.hifiman.com\/index.php\/he1000se.html\" target=\"_blank\" rel=\"noreferrer noopener\">HiFiMAN HE1000se<\/a> (Custom)<br \/>&#8211; <a href=\"https:\/\/fr.audiofanzine.com\/casque-studio\/sennheiser\/hd-650\/editorial\/tests\/test-du-casque-hd-650-de-sennheiser.html\" target=\"_blank\" rel=\"noreferrer noopener\">Sennheiser HD650<\/a><br \/>&#8211; <a href=\"https:\/\/fr.audiofanzine.com\/cabine-acoustique\/psi-audio\/avaa\/\" target=\"_blank\" rel=\"noreferrer noopener\">PSI AVAA C20<\/a> (2)<\/p>\n<\/div><\/div>\n\n\n\n<div class=\"wp-block-media-text has-media-on-the-right is-stacked-on-mobile\" style=\"grid-template-columns:auto 20%\"><div class=\"wp-block-media-text__content\">\n<p class=\"has-text-align-left\" style=\"padding-top:var(--wp--preset--spacing--x-small);padding-bottom:var(--wp--preset--spacing--x-small)\"><strong>\u00c9GALISEURS :<\/strong><br \/>&#8211; <a href=\"http:\/\/fr.audiofanzine.com\/eq-parametrique\/manley-labs\/massive-passive\/avis\/\" target=\"_blank\" rel=\"noreferrer noopener\">Manley Massive Passive EQ<\/a> option M\/S (<a href=\"https:\/\/www.tubeampdoctor.com\/en\/5751-rca-nos\/usa-triple-mica-black-plate\" target=\"_blank\" rel=\"noreferrer noopener\">NOS 5751 RCA<\/a>)<br \/>&#8211; <a href=\"https:\/\/www.cranborne-audio.com\/carnabyhe2\" target=\"_blank\" rel=\"noreferrer noopener\">Cranborne Audio Carnaby HE2 Legacy Edition<\/a><br \/>&#8211; <a href=\"https:\/\/fr.audiofanzine.com\/eq-parametrique\/wesaudio\/ngtubeeq\/\" target=\"_blank\" rel=\"noreferrer noopener\">WesAudio ngTubeEQ<\/a><br \/>&#8211; Fabfilter : Pro-q4<br \/>&#8211; Acustica : Erin, Titanium, Scarlet, Green, Ivory<br \/>&#8211; Sonible : Smart:EQ 4<\/p>\n<\/div><figure class=\"wp-block-media-text__media\"><img loading=\"lazy\" decoding=\"async\" width=\"1024\" height=\"1024\" src=\"https:\/\/studio-zebre.com\/site\/wp-content\/uploads\/2024\/12\/manley-1024x1024.jpg\" alt=\"\" class=\"wp-image-3627 size-full\" srcset=\"https:\/\/studio-zebre.com\/site\/wp-content\/uploads\/2024\/12\/manley-1024x1024.jpg 1024w, https:\/\/studio-zebre.com\/site\/wp-content\/uploads\/2024\/12\/manley-300x300.jpg 300w, https:\/\/studio-zebre.com\/site\/wp-content\/uploads\/2024\/12\/manley-150x150.jpg 150w, https:\/\/studio-zebre.com\/site\/wp-content\/uploads\/2024\/12\/manley.jpg 1440w\" sizes=\"auto, (max-width: 1024px) 100vw, 1024px\" \/><\/figure><\/div>\n\n\n\n<div class=\"wp-block-media-text is-stacked-on-mobile\" style=\"grid-template-columns:20% auto\"><figure class=\"wp-block-media-text__media\"><img loading=\"lazy\" decoding=\"async\" width=\"1024\" height=\"328\" src=\"https:\/\/studio-zebre.com\/site\/wp-content\/uploads\/2024\/08\/2731516798-1024x328.jpg\" alt=\"\" class=\"wp-image-2885 size-full\" srcset=\"https:\/\/studio-zebre.com\/site\/wp-content\/uploads\/2024\/08\/2731516798-1024x328.jpg 1024w, https:\/\/studio-zebre.com\/site\/wp-content\/uploads\/2024\/08\/2731516798-300x96.jpg 300w, https:\/\/studio-zebre.com\/site\/wp-content\/uploads\/2024\/08\/2731516798.jpg 1600w\" sizes=\"auto, (max-width: 1024px) 100vw, 1024px\" \/><\/figure><div class=\"wp-block-media-text__content\">\n<p style=\"padding-top:var(--wp--preset--spacing--x-small);padding-bottom:var(--wp--preset--spacing--x-small)\"><strong>TRAITEMENTS<\/strong> <strong>DYNAMIQUES :<\/strong><br \/>&#8211; <a href=\"https:\/\/fr.audiofanzine.com\/compresseur-de-studio\/manley-labs\/stereo-variable-mu\/\" target=\"_blank\" rel=\"noreferrer noopener\">Manley Variable MU Mastering<\/a><br \/>&#8211; <a href=\"https:\/\/fr.audiofanzine.com\/compresseur-de-studio\/wesaudio\/ngbuscomp\/\" target=\"_blank\" rel=\"noreferrer noopener\">WesAudio ngBusComp<\/a><br \/>&#8211; Fabfilter : Pro-MB, Pro-L2<br \/>&#8211; Sonnox : Oxford Limiter v2<br \/>&#8211; Oeksound : Sooth 2, Bloom, Spiff<br \/>&#8211; Acustica : ASH, Erin, Titanium, Scarlet, Green, Ivory<br \/>&#8211; Sonible smart:Limit<\/p>\n<\/div><\/div>\n\n\n\n<div class=\"wp-block-media-text has-media-on-the-right is-stacked-on-mobile\" style=\"grid-template-columns:auto 20%\"><div class=\"wp-block-media-text__content\">\n<p style=\"padding-top:var(--wp--preset--spacing--x-small);padding-bottom:var(--wp--preset--spacing--x-small)\"><strong>PROCESSEURS :<\/strong><br \/>&#8211; <a href=\"https:\/\/davelectronics.com\/\" target=\"_blank\" rel=\"noreferrer noopener\">D.A.V. electronics S.I.P.P.<\/a><br \/>&#8211; Nugen Audio Monofilter<br \/>&#8211; Brainworx bx_control V2<\/p>\n<\/div><figure class=\"wp-block-media-text__media\"><img loading=\"lazy\" decoding=\"async\" width=\"458\" height=\"106\" src=\"https:\/\/studio-zebre.com\/site\/wp-content\/uploads\/2024\/12\/dav-sipp.jpg\" alt=\"\" class=\"wp-image-3337 size-full\" srcset=\"https:\/\/studio-zebre.com\/site\/wp-content\/uploads\/2024\/12\/dav-sipp.jpg 458w, https:\/\/studio-zebre.com\/site\/wp-content\/uploads\/2024\/12\/dav-sipp-300x69.jpg 300w\" sizes=\"auto, (max-width: 458px) 100vw, 458px\" \/><\/figure><\/div>\n\n\n\n<div class=\"wp-block-media-text is-stacked-on-mobile\" style=\"grid-template-columns:20% auto\"><figure class=\"wp-block-media-text__media\"><img loading=\"lazy\" decoding=\"async\" width=\"1024\" height=\"576\" src=\"https:\/\/studio-zebre.com\/site\/wp-content\/uploads\/2024\/08\/7c8692_517d8ea950f54b07b69a77c9b2ea27a5mv2-1-1024x576.png\" alt=\"\" class=\"wp-image-2892 size-full\" srcset=\"https:\/\/studio-zebre.com\/site\/wp-content\/uploads\/2024\/08\/7c8692_517d8ea950f54b07b69a77c9b2ea27a5mv2-1-1024x576.png 1024w, https:\/\/studio-zebre.com\/site\/wp-content\/uploads\/2024\/08\/7c8692_517d8ea950f54b07b69a77c9b2ea27a5mv2-1-300x169.png 300w, https:\/\/studio-zebre.com\/site\/wp-content\/uploads\/2024\/08\/7c8692_517d8ea950f54b07b69a77c9b2ea27a5mv2-1.png 1301w\" sizes=\"auto, (max-width: 1024px) 100vw, 1024px\" \/><\/figure><div class=\"wp-block-media-text__content\">\n<p style=\"padding-top:var(--wp--preset--spacing--x-small);padding-bottom:var(--wp--preset--spacing--x-small)\"><strong>SATURATEURS :<\/strong><br \/>&#8211; <a href=\"https:\/\/www.cranborne-audio.com\/carnabyhe2\" target=\"_blank\" rel=\"noreferrer noopener\">Cranborne Audio Carnaby HE2 Legacy Edition<\/a><br \/>&#8211; <a href=\"http:\/\/fr.audiofanzine.com\/cna\/crane-song\/Hedd-192\/avis\/\" target=\"_blank\" rel=\"noreferrer noopener\">Crane Song HEDD 192 V3<\/a><br \/>&#8211; <a href=\"https:\/\/fr.audiofanzine.com\/eq-parametrique\/wesaudio\/ngtubeeq\/\" target=\"_blank\" rel=\"noreferrer noopener\">WesAudio ngTubeEQ<\/a><br \/>&#8211; <a href=\"https:\/\/fr.audiofanzine.com\/compresseur-de-studio\/wesaudio\/ngbuscomp\/\" target=\"_blank\" rel=\"noreferrer noopener\">WesAudio ngBusComp<\/a><br \/>&#8211; Sonnox : Oxford Inflator<br \/>&#8211; Fabfilter : Saturn 2<\/p>\n<\/div><\/div>\n\n\n\n<p><\/p>\n\n\n\n<p><\/p>\n\n\n\n<p><\/p>\n\n\n\n<p><\/p>\n\n\n\n<p><\/p>\n\n\n\n<p><\/p>\n","protected":false},"excerpt":{"rendered":"<p>\u00c9QUIPEMENT &#8211; Convertisseurs A\/N N\/A : Crane Song HEDD 192 V3, ADI-2\/4 PRO SE&#8211; STAN : MAC MINI 2020 (M1 RAM 16Go SSD 1To)&#8211; DAW : Cubase 15, Wavelab 13, iZotope RX11&#8211; Analyseurs : Flux Mira Studio, VUMT deluxe, Youlean Loudness Meter&#8211; Platine vinyle : Thorens TD 160 \u00c9COUTES :&#8211; Dutch &amp; Dutch 8c Studio &hellip; <\/p>\n<p class=\"link-more\"><a href=\"https:\/\/studio-zebre.com\/site\/la-cabine\/\" class=\"more-link\">Lire la suite de<span class=\"screen-reader-text\">\u00ab\u00a0\u00c9QUIPEMENT\u00a0\u00bb<\/span><\/a><\/p>\n","protected":false},"author":1,"featured_media":2726,"parent":0,"menu_order":0,"comment_status":"closed","ping_status":"closed","template":"","meta":{"footnotes":""},"class_list":["post-2874","page","type-page","status-publish","has-post-thumbnail","hentry"],"yoast_head":"<!-- This site is optimized with the Yoast SEO plugin v27.6 - https:\/\/yoast.com\/product\/yoast-seo-wordpress\/ -->\n<title>\u00c9QUIPEMENT - Studio Le Z\u00e8bre<\/title>\n<meta name=\"description\" content=\"Studio Le Z\u00e8bre, Besan\u00e7on, enregistrement, mixage, mastering\" \/>\n<meta name=\"robots\" content=\"index, follow, max-snippet:-1, max-image-preview:large, max-video-preview:-1\" \/>\n<link rel=\"canonical\" href=\"https:\/\/studio-zebre.com\/site\/la-cabine\/\" \/>\n<meta property=\"og:locale\" content=\"fr_FR\" \/>\n<meta property=\"og:type\" content=\"article\" \/>\n<meta property=\"og:title\" content=\"\u00c9QUIPEMENT - Studio Le Z\u00e8bre\" \/>\n<meta property=\"og:description\" content=\"Studio Le Z\u00e8bre, Besan\u00e7on, enregistrement, mixage, mastering\" \/>\n<meta property=\"og:url\" content=\"https:\/\/studio-zebre.com\/site\/la-cabine\/\" \/>\n<meta property=\"og:site_name\" content=\"Studio Le Z\u00e8bre\" \/>\n<meta property=\"article:publisher\" content=\"https:\/\/www.facebook.com\/studiolezebre\" \/>\n<meta property=\"article:modified_time\" content=\"2026-03-13T10:26:13+00:00\" \/>\n<meta property=\"og:image\" content=\"https:\/\/studio-zebre.com\/site\/wp-content\/uploads\/2024\/08\/0026_23-11-0716-30STUDIO_M17519_WEB.jpg\" \/>\n\t<meta property=\"og:image:width\" content=\"1600\" \/>\n\t<meta property=\"og:image:height\" content=\"1067\" \/>\n\t<meta property=\"og:image:type\" content=\"image\/jpeg\" \/>\n<meta name=\"twitter:label1\" content=\"Dur\u00e9e de lecture estim\u00e9e\" \/>\n\t<meta name=\"twitter:data1\" content=\"3 minutes\" \/>\n<script type=\"application\/ld+json\" class=\"yoast-schema-graph\">{\"@context\":\"https:\\\/\\\/schema.org\",\"@graph\":[{\"@type\":\"WebPage\",\"@id\":\"https:\\\/\\\/studio-zebre.com\\\/site\\\/la-cabine\\\/\",\"url\":\"https:\\\/\\\/studio-zebre.com\\\/site\\\/la-cabine\\\/\",\"name\":\"\u00c9QUIPEMENT - Studio Le Z\u00e8bre\",\"isPartOf\":{\"@id\":\"https:\\\/\\\/studio-zebre.com\\\/site\\\/#website\"},\"primaryImageOfPage\":{\"@id\":\"https:\\\/\\\/studio-zebre.com\\\/site\\\/la-cabine\\\/#primaryimage\"},\"image\":{\"@id\":\"https:\\\/\\\/studio-zebre.com\\\/site\\\/la-cabine\\\/#primaryimage\"},\"thumbnailUrl\":\"https:\\\/\\\/studio-zebre.com\\\/site\\\/wp-content\\\/uploads\\\/2024\\\/08\\\/0026_23-11-0716-30STUDIO_M17519_WEB.jpg\",\"datePublished\":\"2024-08-12T09:06:02+00:00\",\"dateModified\":\"2026-03-13T10:26:13+00:00\",\"description\":\"Studio Le Z\u00e8bre, Besan\u00e7on, enregistrement, mixage, mastering\",\"breadcrumb\":{\"@id\":\"https:\\\/\\\/studio-zebre.com\\\/site\\\/la-cabine\\\/#breadcrumb\"},\"inLanguage\":\"fr-FR\",\"potentialAction\":[{\"@type\":\"ReadAction\",\"target\":[\"https:\\\/\\\/studio-zebre.com\\\/site\\\/la-cabine\\\/\"]}]},{\"@type\":\"ImageObject\",\"inLanguage\":\"fr-FR\",\"@id\":\"https:\\\/\\\/studio-zebre.com\\\/site\\\/la-cabine\\\/#primaryimage\",\"url\":\"https:\\\/\\\/studio-zebre.com\\\/site\\\/wp-content\\\/uploads\\\/2024\\\/08\\\/0026_23-11-0716-30STUDIO_M17519_WEB.jpg\",\"contentUrl\":\"https:\\\/\\\/studio-zebre.com\\\/site\\\/wp-content\\\/uploads\\\/2024\\\/08\\\/0026_23-11-0716-30STUDIO_M17519_WEB.jpg\",\"width\":1600,\"height\":1067},{\"@type\":\"BreadcrumbList\",\"@id\":\"https:\\\/\\\/studio-zebre.com\\\/site\\\/la-cabine\\\/#breadcrumb\",\"itemListElement\":[{\"@type\":\"ListItem\",\"position\":1,\"name\":\"Home\",\"item\":\"https:\\\/\\\/studio-zebre.com\\\/site\\\/\"},{\"@type\":\"ListItem\",\"position\":2,\"name\":\"\u00c9QUIPEMENT\"}]},{\"@type\":\"WebSite\",\"@id\":\"https:\\\/\\\/studio-zebre.com\\\/site\\\/#website\",\"url\":\"https:\\\/\\\/studio-zebre.com\\\/site\\\/\",\"name\":\"Studio Le Z\u00e8bre\",\"description\":\"Sp\u00e9cialis\u00e9 dans l&#039;enregistrement musical depuis 1999 \u00e0 Besan\u00e7on.\",\"potentialAction\":[{\"@type\":\"SearchAction\",\"target\":{\"@type\":\"EntryPoint\",\"urlTemplate\":\"https:\\\/\\\/studio-zebre.com\\\/site\\\/?s={search_term_string}\"},\"query-input\":{\"@type\":\"PropertyValueSpecification\",\"valueRequired\":true,\"valueName\":\"search_term_string\"}}],\"inLanguage\":\"fr-FR\"}]}<\/script>\n<!-- \/ Yoast SEO plugin. -->","yoast_head_json":{"title":"\u00c9QUIPEMENT - Studio Le Z\u00e8bre","description":"Studio Le Z\u00e8bre, Besan\u00e7on, enregistrement, mixage, mastering","robots":{"index":"index","follow":"follow","max-snippet":"max-snippet:-1","max-image-preview":"max-image-preview:large","max-video-preview":"max-video-preview:-1"},"canonical":"https:\/\/studio-zebre.com\/site\/la-cabine\/","og_locale":"fr_FR","og_type":"article","og_title":"\u00c9QUIPEMENT - Studio Le Z\u00e8bre","og_description":"Studio Le Z\u00e8bre, Besan\u00e7on, enregistrement, mixage, mastering","og_url":"https:\/\/studio-zebre.com\/site\/la-cabine\/","og_site_name":"Studio Le Z\u00e8bre","article_publisher":"https:\/\/www.facebook.com\/studiolezebre","article_modified_time":"2026-03-13T10:26:13+00:00","og_image":[{"width":1600,"height":1067,"url":"https:\/\/studio-zebre.com\/site\/wp-content\/uploads\/2024\/08\/0026_23-11-0716-30STUDIO_M17519_WEB.jpg","type":"image\/jpeg"}],"twitter_misc":{"Dur\u00e9e de lecture estim\u00e9e":"3 minutes"},"schema":{"@context":"https:\/\/schema.org","@graph":[{"@type":"WebPage","@id":"https:\/\/studio-zebre.com\/site\/la-cabine\/","url":"https:\/\/studio-zebre.com\/site\/la-cabine\/","name":"\u00c9QUIPEMENT - Studio Le Z\u00e8bre","isPartOf":{"@id":"https:\/\/studio-zebre.com\/site\/#website"},"primaryImageOfPage":{"@id":"https:\/\/studio-zebre.com\/site\/la-cabine\/#primaryimage"},"image":{"@id":"https:\/\/studio-zebre.com\/site\/la-cabine\/#primaryimage"},"thumbnailUrl":"https:\/\/studio-zebre.com\/site\/wp-content\/uploads\/2024\/08\/0026_23-11-0716-30STUDIO_M17519_WEB.jpg","datePublished":"2024-08-12T09:06:02+00:00","dateModified":"2026-03-13T10:26:13+00:00","description":"Studio Le Z\u00e8bre, Besan\u00e7on, enregistrement, mixage, mastering","breadcrumb":{"@id":"https:\/\/studio-zebre.com\/site\/la-cabine\/#breadcrumb"},"inLanguage":"fr-FR","potentialAction":[{"@type":"ReadAction","target":["https:\/\/studio-zebre.com\/site\/la-cabine\/"]}]},{"@type":"ImageObject","inLanguage":"fr-FR","@id":"https:\/\/studio-zebre.com\/site\/la-cabine\/#primaryimage","url":"https:\/\/studio-zebre.com\/site\/wp-content\/uploads\/2024\/08\/0026_23-11-0716-30STUDIO_M17519_WEB.jpg","contentUrl":"https:\/\/studio-zebre.com\/site\/wp-content\/uploads\/2024\/08\/0026_23-11-0716-30STUDIO_M17519_WEB.jpg","width":1600,"height":1067},{"@type":"BreadcrumbList","@id":"https:\/\/studio-zebre.com\/site\/la-cabine\/#breadcrumb","itemListElement":[{"@type":"ListItem","position":1,"name":"Home","item":"https:\/\/studio-zebre.com\/site\/"},{"@type":"ListItem","position":2,"name":"\u00c9QUIPEMENT"}]},{"@type":"WebSite","@id":"https:\/\/studio-zebre.com\/site\/#website","url":"https:\/\/studio-zebre.com\/site\/","name":"Studio Le Z\u00e8bre","description":"Sp\u00e9cialis\u00e9 dans l&#039;enregistrement musical depuis 1999 \u00e0 Besan\u00e7on.","potentialAction":[{"@type":"SearchAction","target":{"@type":"EntryPoint","urlTemplate":"https:\/\/studio-zebre.com\/site\/?s={search_term_string}"},"query-input":{"@type":"PropertyValueSpecification","valueRequired":true,"valueName":"search_term_string"}}],"inLanguage":"fr-FR"}]}},"featured_media_urls":{"thumbnail":["https:\/\/studio-zebre.com\/site\/wp-content\/uploads\/2024\/08\/0026_23-11-0716-30STUDIO_M17519_WEB-150x150.jpg",150,150,true],"medium":["https:\/\/studio-zebre.com\/site\/wp-content\/uploads\/2024\/08\/0026_23-11-0716-30STUDIO_M17519_WEB-300x200.jpg",300,200,true],"medium_large":["https:\/\/studio-zebre.com\/site\/wp-content\/uploads\/2024\/08\/0026_23-11-0716-30STUDIO_M17519_WEB.jpg",768,512,false],"large":["https:\/\/studio-zebre.com\/site\/wp-content\/uploads\/2024\/08\/0026_23-11-0716-30STUDIO_M17519_WEB-1024x683.jpg",950,634,true],"1536x1536":["https:\/\/studio-zebre.com\/site\/wp-content\/uploads\/2024\/08\/0026_23-11-0716-30STUDIO_M17519_WEB-1536x1024.jpg",1536,1024,true],"2048x2048":["https:\/\/studio-zebre.com\/site\/wp-content\/uploads\/2024\/08\/0026_23-11-0716-30STUDIO_M17519_WEB.jpg",1600,1067,false],"inspiro-featured-image":["https:\/\/studio-zebre.com\/site\/wp-content\/uploads\/2024\/08\/0026_23-11-0716-30STUDIO_M17519_WEB.jpg",1600,1067,false],"inspiro-loop":["https:\/\/studio-zebre.com\/site\/wp-content\/uploads\/2024\/08\/0026_23-11-0716-30STUDIO_M17519_WEB-950x320.jpg",950,320,true],"inspiro-loop@2x":["https:\/\/studio-zebre.com\/site\/wp-content\/uploads\/2024\/08\/0026_23-11-0716-30STUDIO_M17519_WEB-1600x640.jpg",1600,640,true],"portfolio_item-thumbnail":["https:\/\/studio-zebre.com\/site\/wp-content\/uploads\/2024\/08\/0026_23-11-0716-30STUDIO_M17519_WEB-600x400.jpg",600,400,true],"portfolio_item-thumbnail@2x":["https:\/\/studio-zebre.com\/site\/wp-content\/uploads\/2024\/08\/0026_23-11-0716-30STUDIO_M17519_WEB-1200x800.jpg",1200,800,true],"portfolio_item-masonry":["https:\/\/studio-zebre.com\/site\/wp-content\/uploads\/2024\/08\/0026_23-11-0716-30STUDIO_M17519_WEB-600x400.jpg",600,400,true],"portfolio_item-masonry@2x":["https:\/\/studio-zebre.com\/site\/wp-content\/uploads\/2024\/08\/0026_23-11-0716-30STUDIO_M17519_WEB-1200x800.jpg",1200,800,true],"portfolio_item-thumbnail_cinema":["https:\/\/studio-zebre.com\/site\/wp-content\/uploads\/2024\/08\/0026_23-11-0716-30STUDIO_M17519_WEB-800x335.jpg",800,335,true],"portfolio_item-thumbnail_portrait":["https:\/\/studio-zebre.com\/site\/wp-content\/uploads\/2024\/08\/0026_23-11-0716-30STUDIO_M17519_WEB-600x900.jpg",600,900,true],"portfolio_item-thumbnail_portrait@2x":["https:\/\/studio-zebre.com\/site\/wp-content\/uploads\/2024\/08\/0026_23-11-0716-30STUDIO_M17519_WEB-1200x1067.jpg",1200,1067,true],"portfolio_item-thumbnail_square":["https:\/\/studio-zebre.com\/site\/wp-content\/uploads\/2024\/08\/0026_23-11-0716-30STUDIO_M17519_WEB-800x800.jpg",800,800,true]},"_links":{"self":[{"href":"https:\/\/studio-zebre.com\/site\/wp-json\/wp\/v2\/pages\/2874","targetHints":{"allow":["GET"]}}],"collection":[{"href":"https:\/\/studio-zebre.com\/site\/wp-json\/wp\/v2\/pages"}],"about":[{"href":"https:\/\/studio-zebre.com\/site\/wp-json\/wp\/v2\/types\/page"}],"author":[{"embeddable":true,"href":"https:\/\/studio-zebre.com\/site\/wp-json\/wp\/v2\/users\/1"}],"replies":[{"embeddable":true,"href":"https:\/\/studio-zebre.com\/site\/wp-json\/wp\/v2\/comments?post=2874"}],"version-history":[{"count":7,"href":"https:\/\/studio-zebre.com\/site\/wp-json\/wp\/v2\/pages\/2874\/revisions"}],"predecessor-version":[{"id":4301,"href":"https:\/\/studio-zebre.com\/site\/wp-json\/wp\/v2\/pages\/2874\/revisions\/4301"}],"wp:featuredmedia":[{"embeddable":true,"href":"https:\/\/studio-zebre.com\/site\/wp-json\/wp\/v2\/media\/2726"}],"wp:attachment":[{"href":"https:\/\/studio-zebre.com\/site\/wp-json\/wp\/v2\/media?parent=2874"}],"curies":[{"name":"wp","href":"https:\/\/api.w.org\/{rel}","templated":true}]}}