{"id":2929,"date":"2024-08-12T12:45:01","date_gmt":"2024-08-12T10:45:01","guid":{"rendered":"https:\/\/studio-zebre.com\/site\/?page_id=2929"},"modified":"2025-05-13T09:48:55","modified_gmt":"2025-05-13T07:48:55","slug":"micro-di","status":"publish","type":"page","link":"https:\/\/studio-zebre.com\/site\/micro-di\/","title":{"rendered":"MICROS &amp; DI"},"content":{"rendered":"\n<h2 class=\"wp-block-heading\">MICROS &amp; DI<\/h2>\n\n\n\n<div style=\"height:30px\" aria-hidden=\"true\" class=\"wp-block-spacer\"><\/div>\n\n\n\n<div class=\"wp-block-media-text has-media-on-the-right is-stacked-on-mobile\" style=\"grid-template-columns:auto 30%\"><div class=\"wp-block-media-text__content\">\n<p class=\"has-text-align-left\" style=\"padding-top:var(--wp--preset--spacing--x-small);padding-bottom:var(--wp--preset--spacing--x-small)\"><strong>MICROS STATIQUE ET \u00c9LECTRET :<\/strong><br \/><br \/>&#8211; <a href=\"https:\/\/fr.audiofanzine.com\/micro-statique-a-transistors-a-petite-membrane\/akg\/C-535-EB\/avis\/\" target=\"_blank\" rel=\"noreferrer noopener\">AKG C 535 EB<\/a><br \/>&#8211; <a href=\"https:\/\/fr.audiofanzine.com\/microphone-electret\/dpa-microphones\/4099\/\" target=\"_blank\" rel=\"noreferrer noopener\">DPA 4099<\/a> (x2)<br \/>&#8211; <a href=\"https:\/\/fr.audiofanzine.com\/microphone-electret\/dpa-microphones\/d-facto-ii\/\" target=\"_blank\" rel=\"noreferrer noopener\">DPA D:FACTO II<\/a><br \/>&#8211; <a href=\"http:\/\/flea-microphones.com\/mics_vintage.html\" target=\"_blank\" rel=\"noreferrer noopener\">FLEA 47 Vintage<\/a><br \/>&#8211; <a href=\"http:\/\/www.lineaudio.se\/CM4.html\" target=\"_blank\" rel=\"noreferrer noopener\">LINE AUDIO CM4<\/a> (8)<br \/>&#8211; <a href=\"http:\/\/fr.audiofanzine.com\/microphone-statique-transistor\/neumann\/U-87\/avis\/\" target=\"_blank\" rel=\"noreferrer noopener\">NEUMANN U87<\/a> (vintage)<br \/>&#8211; <a href=\"https:\/\/fr.audiofanzine.com\/micro-statique-a-transistors-a-petite-membrane\/neumann\/KM-184\/\" target=\"_blank\" rel=\"noreferrer noopener\">NEUMANN KM184*<\/a><br \/>&#8211; <a href=\"https:\/\/fr.audiofanzine.com\/micro-statique-a-transistors-a-large-membrane\/neumann\/TLM-103\/\" target=\"_blank\" rel=\"noreferrer noopener\">NEUMANN TLM 103*<\/a><br \/>&#8211; <a href=\"https:\/\/fr.audiofanzine.com\/kit-microphone\/schoeps\/cmc-64\/\" target=\"_blank\" rel=\"noreferrer noopener\">SCHOEPS CMC6 MK4<\/a> (2)<br \/>&#8211; <a href=\"https:\/\/www.soundonsound.com\/reviews\/scope-labs-periscope\">Scope Labs Periscope<\/a><br \/>&#8211; <a href=\"https:\/\/fr.audiofanzine.com\/micro-statique-a-transistors-a-large-membrane\/united-studio-technologies\/ut-fet-47\/\" target=\"_blank\" rel=\"noreferrer noopener\">United FET 47<\/a><br \/>&#8211; <a href=\"https:\/\/fr.audiofanzine.com\/micro-statique-a-tube-a-large-membrane\/vanguard-audio-labs\/v13-tube-condenser\/\" target=\"_blank\" rel=\"noreferrer noopener\">Vanguard Audio Labs V13<\/a> (2)<br \/><\/p>\n<\/div><figure class=\"wp-block-media-text__media\"><img loading=\"lazy\" decoding=\"async\" width=\"1024\" height=\"1024\" src=\"https:\/\/studio-zebre.com\/site\/wp-content\/uploads\/2023\/02\/EACDFB14-0989-4198-AAEE-CC36BE9BA8C0-1024x1024.jpg\" alt=\"\" class=\"wp-image-2405 size-large\" srcset=\"https:\/\/studio-zebre.com\/site\/wp-content\/uploads\/2023\/02\/EACDFB14-0989-4198-AAEE-CC36BE9BA8C0-1024x1024.jpg 1024w, https:\/\/studio-zebre.com\/site\/wp-content\/uploads\/2023\/02\/EACDFB14-0989-4198-AAEE-CC36BE9BA8C0-300x300.jpg 300w, https:\/\/studio-zebre.com\/site\/wp-content\/uploads\/2023\/02\/EACDFB14-0989-4198-AAEE-CC36BE9BA8C0-150x150.jpg 150w, https:\/\/studio-zebre.com\/site\/wp-content\/uploads\/2023\/02\/EACDFB14-0989-4198-AAEE-CC36BE9BA8C0-768x768.jpg 768w, https:\/\/studio-zebre.com\/site\/wp-content\/uploads\/2023\/02\/EACDFB14-0989-4198-AAEE-CC36BE9BA8C0-1536x1536.jpg 1536w, https:\/\/studio-zebre.com\/site\/wp-content\/uploads\/2023\/02\/EACDFB14-0989-4198-AAEE-CC36BE9BA8C0-2048x2048.jpg 2048w\" sizes=\"auto, (max-width: 1024px) 100vw, 1024px\" \/><\/figure><\/div>\n\n\n\n<div class=\"wp-block-media-text is-stacked-on-mobile\" style=\"grid-template-columns:30% auto\"><figure class=\"wp-block-media-text__media\"><img loading=\"lazy\" decoding=\"async\" width=\"1024\" height=\"1024\" src=\"https:\/\/studio-zebre.com\/site\/wp-content\/uploads\/2016\/09\/coles_4038_pair_2-1024x1024.jpg\" alt=\"\" class=\"wp-image-1916 size-large\" srcset=\"https:\/\/studio-zebre.com\/site\/wp-content\/uploads\/2016\/09\/coles_4038_pair_2-1024x1024.jpg 1024w, https:\/\/studio-zebre.com\/site\/wp-content\/uploads\/2016\/09\/coles_4038_pair_2-150x150.jpg 150w, https:\/\/studio-zebre.com\/site\/wp-content\/uploads\/2016\/09\/coles_4038_pair_2-300x300.jpg 300w, https:\/\/studio-zebre.com\/site\/wp-content\/uploads\/2016\/09\/coles_4038_pair_2-768x768.jpg 768w, https:\/\/studio-zebre.com\/site\/wp-content\/uploads\/2016\/09\/coles_4038_pair_2.jpg 2000w\" sizes=\"auto, (max-width: 1024px) 100vw, 1024px\" \/><\/figure><div class=\"wp-block-media-text__content\">\n<p class=\"has-text-align-left\" style=\"padding-top:var(--wp--preset--spacing--x-small);padding-bottom:var(--wp--preset--spacing--x-small)\"><strong>MICROS \u00c0 RUBAN<\/strong> :<br \/><br \/>&#8211; <a href=\"https:\/\/fr.audiofanzine.com\/microphone-ruban\/beyerdynamic\/M160\/\" target=\"_blank\" rel=\"noreferrer noopener\">BEYERDYNAMIC M&nbsp;160<\/a><br \/>&#8211; <a href=\"https:\/\/fr.audiofanzine.com\/microphone-ruban\/coles\/4038\/\" target=\"_blank\" rel=\"noreferrer noopener\">COLES 4038<\/a> (2)<br \/>&#8211; <a href=\"http:\/\/fr.audiofanzine.com\/microphone-ruban\/royer-labs\/r-121\/avis\/\" target=\"_blank\" rel=\"noreferrer noopener\">ROYER R-121<\/a><\/p>\n<\/div><\/div>\n\n\n\n<div class=\"wp-block-media-text has-media-on-the-right is-stacked-on-mobile\" style=\"grid-template-columns:auto 30%\"><div class=\"wp-block-media-text__content\">\n<p class=\"has-text-align-left\" style=\"padding-top:var(--wp--preset--spacing--x-small);padding-bottom:var(--wp--preset--spacing--x-small)\"><strong>MICROS DYNAMIQUE<\/strong> :<br \/><br \/>&#8211; <a href=\"http:\/\/fr.audiofanzine.com\/microphone-dynamique\/audix\/D6\/avis\/\" target=\"_blank\" rel=\"noreferrer noopener\">AUDIX D6<\/a><br \/>&#8211; <a href=\"http:\/\/fr.audiofanzine.com\/microphone-dynamique\/beyerdynamic\/M-201-TG\/\" target=\"_blank\" rel=\"noreferrer noopener\">BEYERDYNAMIC M 201 TG<\/a><br \/>&#8211; <a href=\"https:\/\/fr.audiofanzine.com\/microphone-dynamique\/beyerdynamic\/M-88-TG\/\" target=\"_blank\" rel=\"noreferrer noopener\">BEYERDYNAMIC M 88 TG<\/a><br \/>&#8211; <a href=\"https:\/\/fr.audiofanzine.com\/microphone-dynamique\/electro-voice\/RE20\/\" target=\"_blank\" rel=\"noreferrer noopener\">ELECTROVOICE RE20<\/a><br \/>&#8211; <a href=\"http:\/\/fr.audiofanzine.com\/microphone-dynamique\/sennheiser\/BF-521\/\" target=\"_blank\" rel=\"noreferrer noopener\">SENNHEISER BF 521<\/a>&nbsp;(2)<br \/>&#8211; <a href=\"https:\/\/fr.audiofanzine.com\/microphone-dynamique\/sennheiser\/bf-541\/\" target=\"_blank\" rel=\"noreferrer noopener\">SENNHEISER BF 541<\/a><br \/>&#8211; <a href=\"https:\/\/fr.audiofanzine.com\/microphone-dynamique\/sennheiser\/E-906\/\" target=\"_blank\" rel=\"noreferrer noopener\">SENNHEISER e 906<\/a><br \/>&#8211; <a href=\"http:\/\/fr.audiofanzine.com\/microphone-dynamique\/shure\/Beta-52\/\" target=\"_blank\" rel=\"noreferrer noopener\">SHURE BETA52<\/a><br \/>&#8211; <a href=\"https:\/\/fr.audiofanzine.com\/microphone-dynamique\/shure\/SM7B\/\" target=\"_blank\" rel=\"noreferrer noopener\">SHURE SM7B<\/a><br \/>&#8211; <a href=\"http:\/\/fr.audiofanzine.com\/microphone-dynamique\/shure\/SM57\/avis\/\" target=\"_blank\" rel=\"noreferrer noopener\">SHURE SM57<\/a> (3)<br \/>&#8211; <a href=\"https:\/\/fr.audiofanzine.com\/microphone-dynamique\/shure\/Beta-57\/\" target=\"_blank\" rel=\"noreferrer noopener\">SHURE B57<\/a><br \/>&#8211; <a href=\"https:\/\/fr.audiofanzine.com\/microphone-dynamique\/shure\/beta-56a\/\" target=\"_blank\" rel=\"noreferrer noopener\">SHURE B56<\/a><br \/><\/p>\n<\/div><figure class=\"wp-block-media-text__media\"><img loading=\"lazy\" decoding=\"async\" width=\"1024\" height=\"683\" src=\"https:\/\/studio-zebre.com\/site\/wp-content\/uploads\/2024\/08\/0016_23-11-0715-32STUDIO_M17509_WEB-1024x683.jpg\" alt=\"\" class=\"wp-image-2725 size-large\" srcset=\"https:\/\/studio-zebre.com\/site\/wp-content\/uploads\/2024\/08\/0016_23-11-0715-32STUDIO_M17509_WEB-1024x683.jpg 1024w, https:\/\/studio-zebre.com\/site\/wp-content\/uploads\/2024\/08\/0016_23-11-0715-32STUDIO_M17509_WEB-300x200.jpg 300w, https:\/\/studio-zebre.com\/site\/wp-content\/uploads\/2024\/08\/0016_23-11-0715-32STUDIO_M17509_WEB.jpg 1600w\" sizes=\"auto, (max-width: 1024px) 100vw, 1024px\" \/><\/figure><\/div>\n\n\n\n<div style=\"height:var(--wp--preset--spacing--x-small)\" aria-hidden=\"true\" class=\"wp-block-spacer\"><\/div>\n\n\n\n<div class=\"wp-block-media-text is-stacked-on-mobile\" style=\"grid-template-columns:30% auto\"><figure class=\"wp-block-media-text__media\"><img loading=\"lazy\" decoding=\"async\" width=\"942\" height=\"622\" src=\"https:\/\/studio-zebre.com\/site\/wp-content\/uploads\/2024\/12\/Capture-decran-2024-12-26-a-10.04.31-PM.png\" alt=\"\" class=\"wp-image-3218 size-full\" srcset=\"https:\/\/studio-zebre.com\/site\/wp-content\/uploads\/2024\/12\/Capture-decran-2024-12-26-a-10.04.31-PM.png 942w, https:\/\/studio-zebre.com\/site\/wp-content\/uploads\/2024\/12\/Capture-decran-2024-12-26-a-10.04.31-PM-300x198.png 300w\" sizes=\"auto, (max-width: 942px) 100vw, 942px\" \/><\/figure><div class=\"wp-block-media-text__content\">\n<p style=\"padding-top:var(--wp--preset--spacing--x-small);padding-bottom:var(--wp--preset--spacing--x-small)\"><strong>BOITES DE DIRECT :<\/strong><br \/><strong><br \/><\/strong>&#8211; <a href=\"https:\/\/fr.audiofanzine.com\/boite-direct\/rupert-neve-designs\/rndi\/\" target=\"_blank\" rel=\"noreferrer noopener\">RUPERT NEVE&nbsp;DESIGNS RNDI<\/a><br \/>&#8211; <a href=\"http:\/\/fr.audiofanzine.com\/boite-direct\/bss-audio\/AR-133\/\" target=\"_blank\" rel=\"noreferrer noopener\">DI BSS AR133<\/a>*<br \/>&#8211; <a href=\"https:\/\/fr.audiofanzine.com\/boite-direct\/radial-engineering\/PRODI-PROD2\/\" target=\"_blank\" rel=\"noreferrer noopener\">DI RADIAL Pro Passive<\/a><br \/>&#8211; <a href=\"https:\/\/fr.audiofanzine.com\/boite-direct\/radial-engineering\/pro-d2\/\" target=\"_blank\" rel=\"noreferrer noopener\">DI RADIAL Pro D2<\/a> (2)<br \/>&#8211; <a href=\"http:\/\/www.radialeng.com\/r2011\/prormp.php\" target=\"_blank\" rel=\"noreferrer noopener\">RADIAL Pro RMP Passive Reamper<br \/><\/a>&#8211; <a href=\"http:\/\/www.radialeng.com\/r2011\/prormp.php\" target=\"_blank\" rel=\"noreferrer noopener\">HUGHES &amp; KETTNER &nbsp;Red Box Classic<\/a><br \/>&#8211; <a href=\"https:\/\/fr.audiofanzine.com\/attenuateur-de-puissance-pour-ampli-guitare\/two-notes\/torpedo-reload\/\" target=\"_blank\" rel=\"noreferrer noopener\">TORPEDO Reload<\/a><br \/>&#8211; <a href=\"https:\/\/fr.audiofanzine.com\/attenuateur-de-puissance-pour-ampli-guitare\/two-notes\/captor\/\" target=\"_blank\" rel=\"noreferrer noopener\">TORPEDO Captor (8 ohms)<\/a><br \/>&#8211; <a href=\"https:\/\/fr.audiofanzine.com\/preampli-lampes\/tube-tech\/MP-1A\/\" target=\"_blank\" rel=\"noreferrer noopener\">Tube-tech MP 1A<\/a> (2 canaux)<br \/>&#8211; <a href=\"https:\/\/fr.audiofanzine.com\/preampli-transistors\/audient\/asp880\/\" target=\"_blank\" rel=\"noreferrer noopener\">AUDIENT ASP880<\/a> (2) (4 canaux)<\/p>\n<\/div><\/div>\n\n\n\n<p><strong>PIEDS DE MICRO&nbsp;:<\/strong><br \/><br \/>&#8211; Grand pied perche (10)<br \/>&#8211; Tr\u00e8s grand pied perche (3)<br \/>&#8211; Pied embase ronde (1)<br \/>&#8211; Petit pied perche (6)<\/p>\n\n\n\n<p>*&nbsp;Possibilit\u00e9 de location suppl\u00e9mentaire.<\/p>\n","protected":false},"excerpt":{"rendered":"<p>MICROS &amp; DI MICROS STATIQUE ET \u00c9LECTRET : &#8211; AKG C 535 EB&#8211; DPA 4099 (x2)&#8211; DPA D:FACTO II&#8211; FLEA 47 Vintage&#8211; LINE AUDIO CM4 (8)&#8211; NEUMANN U87 (vintage)&#8211; NEUMANN KM184*&#8211; NEUMANN TLM 103*&#8211; SCHOEPS CMC6 MK4 (2)&#8211; Scope Labs Periscope&#8211; United FET 47&#8211; Vanguard Audio Labs V13 (2) MICROS \u00c0 RUBAN : &#8211; BEYERDYNAMIC &hellip; <\/p>\n<p class=\"link-more\"><a href=\"https:\/\/studio-zebre.com\/site\/micro-di\/\" class=\"more-link\">Lire la suite de<span class=\"screen-reader-text\">\u00ab\u00a0MICROS &amp; DI\u00a0\u00bb<\/span><\/a><\/p>\n","protected":false},"author":1,"featured_media":2934,"parent":0,"menu_order":0,"comment_status":"closed","ping_status":"closed","template":"","meta":{"footnotes":""},"class_list":["post-2929","page","type-page","status-publish","has-post-thumbnail","hentry"],"yoast_head":"<!-- This site is optimized with the Yoast SEO plugin v27.6 - https:\/\/yoast.com\/product\/yoast-seo-wordpress\/ -->\n<title>MICROS &amp; DI - Studio Le Z\u00e8bre<\/title>\n<meta name=\"description\" content=\"Studio Le Z\u00e8bre, Besan\u00e7on, enregistrement, mixage, mastering\" \/>\n<meta name=\"robots\" content=\"index, follow, max-snippet:-1, max-image-preview:large, max-video-preview:-1\" \/>\n<link rel=\"canonical\" href=\"https:\/\/studio-zebre.com\/site\/micro-di\/\" \/>\n<meta property=\"og:locale\" content=\"fr_FR\" \/>\n<meta property=\"og:type\" content=\"article\" \/>\n<meta property=\"og:title\" content=\"MICROS &amp; DI - Studio Le Z\u00e8bre\" \/>\n<meta property=\"og:description\" content=\"Studio Le Z\u00e8bre, Besan\u00e7on, enregistrement, mixage, mastering\" \/>\n<meta property=\"og:url\" content=\"https:\/\/studio-zebre.com\/site\/micro-di\/\" \/>\n<meta property=\"og:site_name\" content=\"Studio Le Z\u00e8bre\" \/>\n<meta property=\"article:publisher\" content=\"https:\/\/www.facebook.com\/studiolezebre\" \/>\n<meta property=\"article:modified_time\" content=\"2025-05-13T07:48:55+00:00\" \/>\n<meta property=\"og:image\" content=\"https:\/\/studio-zebre.com\/site\/wp-content\/uploads\/2024\/08\/0003_23-11-0715-19STUDIO_M17496_WEB.jpg\" \/>\n\t<meta property=\"og:image:width\" content=\"1600\" \/>\n\t<meta property=\"og:image:height\" content=\"1067\" \/>\n\t<meta property=\"og:image:type\" content=\"image\/jpeg\" \/>\n<meta name=\"twitter:label1\" content=\"Dur\u00e9e de lecture estim\u00e9e\" \/>\n\t<meta name=\"twitter:data1\" content=\"2 minutes\" \/>\n<script type=\"application\/ld+json\" class=\"yoast-schema-graph\">{\"@context\":\"https:\\\/\\\/schema.org\",\"@graph\":[{\"@type\":\"WebPage\",\"@id\":\"https:\\\/\\\/studio-zebre.com\\\/site\\\/micro-di\\\/\",\"url\":\"https:\\\/\\\/studio-zebre.com\\\/site\\\/micro-di\\\/\",\"name\":\"MICROS &amp; DI - Studio Le Z\u00e8bre\",\"isPartOf\":{\"@id\":\"https:\\\/\\\/studio-zebre.com\\\/site\\\/#website\"},\"primaryImageOfPage\":{\"@id\":\"https:\\\/\\\/studio-zebre.com\\\/site\\\/micro-di\\\/#primaryimage\"},\"image\":{\"@id\":\"https:\\\/\\\/studio-zebre.com\\\/site\\\/micro-di\\\/#primaryimage\"},\"thumbnailUrl\":\"https:\\\/\\\/studio-zebre.com\\\/site\\\/wp-content\\\/uploads\\\/2024\\\/08\\\/0003_23-11-0715-19STUDIO_M17496_WEB.jpg\",\"datePublished\":\"2024-08-12T10:45:01+00:00\",\"dateModified\":\"2025-05-13T07:48:55+00:00\",\"description\":\"Studio Le Z\u00e8bre, Besan\u00e7on, enregistrement, mixage, mastering\",\"breadcrumb\":{\"@id\":\"https:\\\/\\\/studio-zebre.com\\\/site\\\/micro-di\\\/#breadcrumb\"},\"inLanguage\":\"fr-FR\",\"potentialAction\":[{\"@type\":\"ReadAction\",\"target\":[\"https:\\\/\\\/studio-zebre.com\\\/site\\\/micro-di\\\/\"]}]},{\"@type\":\"ImageObject\",\"inLanguage\":\"fr-FR\",\"@id\":\"https:\\\/\\\/studio-zebre.com\\\/site\\\/micro-di\\\/#primaryimage\",\"url\":\"https:\\\/\\\/studio-zebre.com\\\/site\\\/wp-content\\\/uploads\\\/2024\\\/08\\\/0003_23-11-0715-19STUDIO_M17496_WEB.jpg\",\"contentUrl\":\"https:\\\/\\\/studio-zebre.com\\\/site\\\/wp-content\\\/uploads\\\/2024\\\/08\\\/0003_23-11-0715-19STUDIO_M17496_WEB.jpg\",\"width\":1600,\"height\":1067},{\"@type\":\"BreadcrumbList\",\"@id\":\"https:\\\/\\\/studio-zebre.com\\\/site\\\/micro-di\\\/#breadcrumb\",\"itemListElement\":[{\"@type\":\"ListItem\",\"position\":1,\"name\":\"Home\",\"item\":\"https:\\\/\\\/studio-zebre.com\\\/site\\\/\"},{\"@type\":\"ListItem\",\"position\":2,\"name\":\"MICROS &amp; DI\"}]},{\"@type\":\"WebSite\",\"@id\":\"https:\\\/\\\/studio-zebre.com\\\/site\\\/#website\",\"url\":\"https:\\\/\\\/studio-zebre.com\\\/site\\\/\",\"name\":\"Studio Le Z\u00e8bre\",\"description\":\"Sp\u00e9cialis\u00e9 dans l&#039;enregistrement musical depuis 1999 \u00e0 Besan\u00e7on.\",\"potentialAction\":[{\"@type\":\"SearchAction\",\"target\":{\"@type\":\"EntryPoint\",\"urlTemplate\":\"https:\\\/\\\/studio-zebre.com\\\/site\\\/?s={search_term_string}\"},\"query-input\":{\"@type\":\"PropertyValueSpecification\",\"valueRequired\":true,\"valueName\":\"search_term_string\"}}],\"inLanguage\":\"fr-FR\"}]}<\/script>\n<!-- \/ Yoast SEO plugin. -->","yoast_head_json":{"title":"MICROS &amp; DI - Studio Le Z\u00e8bre","description":"Studio Le Z\u00e8bre, Besan\u00e7on, enregistrement, mixage, mastering","robots":{"index":"index","follow":"follow","max-snippet":"max-snippet:-1","max-image-preview":"max-image-preview:large","max-video-preview":"max-video-preview:-1"},"canonical":"https:\/\/studio-zebre.com\/site\/micro-di\/","og_locale":"fr_FR","og_type":"article","og_title":"MICROS &amp; DI - Studio Le Z\u00e8bre","og_description":"Studio Le Z\u00e8bre, Besan\u00e7on, enregistrement, mixage, mastering","og_url":"https:\/\/studio-zebre.com\/site\/micro-di\/","og_site_name":"Studio Le Z\u00e8bre","article_publisher":"https:\/\/www.facebook.com\/studiolezebre","article_modified_time":"2025-05-13T07:48:55+00:00","og_image":[{"width":1600,"height":1067,"url":"https:\/\/studio-zebre.com\/site\/wp-content\/uploads\/2024\/08\/0003_23-11-0715-19STUDIO_M17496_WEB.jpg","type":"image\/jpeg"}],"twitter_misc":{"Dur\u00e9e de lecture estim\u00e9e":"2 minutes"},"schema":{"@context":"https:\/\/schema.org","@graph":[{"@type":"WebPage","@id":"https:\/\/studio-zebre.com\/site\/micro-di\/","url":"https:\/\/studio-zebre.com\/site\/micro-di\/","name":"MICROS &amp; DI - Studio Le Z\u00e8bre","isPartOf":{"@id":"https:\/\/studio-zebre.com\/site\/#website"},"primaryImageOfPage":{"@id":"https:\/\/studio-zebre.com\/site\/micro-di\/#primaryimage"},"image":{"@id":"https:\/\/studio-zebre.com\/site\/micro-di\/#primaryimage"},"thumbnailUrl":"https:\/\/studio-zebre.com\/site\/wp-content\/uploads\/2024\/08\/0003_23-11-0715-19STUDIO_M17496_WEB.jpg","datePublished":"2024-08-12T10:45:01+00:00","dateModified":"2025-05-13T07:48:55+00:00","description":"Studio Le Z\u00e8bre, Besan\u00e7on, enregistrement, mixage, mastering","breadcrumb":{"@id":"https:\/\/studio-zebre.com\/site\/micro-di\/#breadcrumb"},"inLanguage":"fr-FR","potentialAction":[{"@type":"ReadAction","target":["https:\/\/studio-zebre.com\/site\/micro-di\/"]}]},{"@type":"ImageObject","inLanguage":"fr-FR","@id":"https:\/\/studio-zebre.com\/site\/micro-di\/#primaryimage","url":"https:\/\/studio-zebre.com\/site\/wp-content\/uploads\/2024\/08\/0003_23-11-0715-19STUDIO_M17496_WEB.jpg","contentUrl":"https:\/\/studio-zebre.com\/site\/wp-content\/uploads\/2024\/08\/0003_23-11-0715-19STUDIO_M17496_WEB.jpg","width":1600,"height":1067},{"@type":"BreadcrumbList","@id":"https:\/\/studio-zebre.com\/site\/micro-di\/#breadcrumb","itemListElement":[{"@type":"ListItem","position":1,"name":"Home","item":"https:\/\/studio-zebre.com\/site\/"},{"@type":"ListItem","position":2,"name":"MICROS &amp; DI"}]},{"@type":"WebSite","@id":"https:\/\/studio-zebre.com\/site\/#website","url":"https:\/\/studio-zebre.com\/site\/","name":"Studio Le Z\u00e8bre","description":"Sp\u00e9cialis\u00e9 dans l&#039;enregistrement musical depuis 1999 \u00e0 Besan\u00e7on.","potentialAction":[{"@type":"SearchAction","target":{"@type":"EntryPoint","urlTemplate":"https:\/\/studio-zebre.com\/site\/?s={search_term_string}"},"query-input":{"@type":"PropertyValueSpecification","valueRequired":true,"valueName":"search_term_string"}}],"inLanguage":"fr-FR"}]}},"featured_media_urls":{"thumbnail":["https:\/\/studio-zebre.com\/site\/wp-content\/uploads\/2024\/08\/0003_23-11-0715-19STUDIO_M17496_WEB-150x150.jpg",150,150,true],"medium":["https:\/\/studio-zebre.com\/site\/wp-content\/uploads\/2024\/08\/0003_23-11-0715-19STUDIO_M17496_WEB-300x200.jpg",300,200,true],"medium_large":["https:\/\/studio-zebre.com\/site\/wp-content\/uploads\/2024\/08\/0003_23-11-0715-19STUDIO_M17496_WEB.jpg",768,512,false],"large":["https:\/\/studio-zebre.com\/site\/wp-content\/uploads\/2024\/08\/0003_23-11-0715-19STUDIO_M17496_WEB-1024x683.jpg",950,634,true],"1536x1536":["https:\/\/studio-zebre.com\/site\/wp-content\/uploads\/2024\/08\/0003_23-11-0715-19STUDIO_M17496_WEB-1536x1024.jpg",1536,1024,true],"2048x2048":["https:\/\/studio-zebre.com\/site\/wp-content\/uploads\/2024\/08\/0003_23-11-0715-19STUDIO_M17496_WEB.jpg",1600,1067,false],"inspiro-featured-image":["https:\/\/studio-zebre.com\/site\/wp-content\/uploads\/2024\/08\/0003_23-11-0715-19STUDIO_M17496_WEB.jpg",1600,1067,false],"inspiro-loop":["https:\/\/studio-zebre.com\/site\/wp-content\/uploads\/2024\/08\/0003_23-11-0715-19STUDIO_M17496_WEB-950x320.jpg",950,320,true],"inspiro-loop@2x":["https:\/\/studio-zebre.com\/site\/wp-content\/uploads\/2024\/08\/0003_23-11-0715-19STUDIO_M17496_WEB-1600x640.jpg",1600,640,true],"portfolio_item-thumbnail":["https:\/\/studio-zebre.com\/site\/wp-content\/uploads\/2024\/08\/0003_23-11-0715-19STUDIO_M17496_WEB-600x400.jpg",600,400,true],"portfolio_item-thumbnail@2x":["https:\/\/studio-zebre.com\/site\/wp-content\/uploads\/2024\/08\/0003_23-11-0715-19STUDIO_M17496_WEB-1200x800.jpg",1200,800,true],"portfolio_item-masonry":["https:\/\/studio-zebre.com\/site\/wp-content\/uploads\/2024\/08\/0003_23-11-0715-19STUDIO_M17496_WEB-600x400.jpg",600,400,true],"portfolio_item-masonry@2x":["https:\/\/studio-zebre.com\/site\/wp-content\/uploads\/2024\/08\/0003_23-11-0715-19STUDIO_M17496_WEB-1200x800.jpg",1200,800,true],"portfolio_item-thumbnail_cinema":["https:\/\/studio-zebre.com\/site\/wp-content\/uploads\/2024\/08\/0003_23-11-0715-19STUDIO_M17496_WEB-800x335.jpg",800,335,true],"portfolio_item-thumbnail_portrait":["https:\/\/studio-zebre.com\/site\/wp-content\/uploads\/2024\/08\/0003_23-11-0715-19STUDIO_M17496_WEB-600x900.jpg",600,900,true],"portfolio_item-thumbnail_portrait@2x":["https:\/\/studio-zebre.com\/site\/wp-content\/uploads\/2024\/08\/0003_23-11-0715-19STUDIO_M17496_WEB-1200x1067.jpg",1200,1067,true],"portfolio_item-thumbnail_square":["https:\/\/studio-zebre.com\/site\/wp-content\/uploads\/2024\/08\/0003_23-11-0715-19STUDIO_M17496_WEB-800x800.jpg",800,800,true]},"_links":{"self":[{"href":"https:\/\/studio-zebre.com\/site\/wp-json\/wp\/v2\/pages\/2929","targetHints":{"allow":["GET"]}}],"collection":[{"href":"https:\/\/studio-zebre.com\/site\/wp-json\/wp\/v2\/pages"}],"about":[{"href":"https:\/\/studio-zebre.com\/site\/wp-json\/wp\/v2\/types\/page"}],"author":[{"embeddable":true,"href":"https:\/\/studio-zebre.com\/site\/wp-json\/wp\/v2\/users\/1"}],"replies":[{"embeddable":true,"href":"https:\/\/studio-zebre.com\/site\/wp-json\/wp\/v2\/comments?post=2929"}],"version-history":[{"count":0,"href":"https:\/\/studio-zebre.com\/site\/wp-json\/wp\/v2\/pages\/2929\/revisions"}],"wp:featuredmedia":[{"embeddable":true,"href":"https:\/\/studio-zebre.com\/site\/wp-json\/wp\/v2\/media\/2934"}],"wp:attachment":[{"href":"https:\/\/studio-zebre.com\/site\/wp-json\/wp\/v2\/media?parent=2929"}],"curies":[{"name":"wp","href":"https:\/\/api.w.org\/{rel}","templated":true}]}}