{"id":2954,"date":"2024-08-12T13:12:58","date_gmt":"2024-08-12T11:12:58","guid":{"rendered":"https:\/\/studio-zebre.com\/site\/?page_id=2954"},"modified":"2024-12-30T15:38:07","modified_gmt":"2024-12-30T13:38:07","slug":"backline","status":"publish","type":"page","link":"https:\/\/studio-zebre.com\/site\/backline\/","title":{"rendered":"BACKLINE"},"content":{"rendered":"\n<h2 class=\"wp-block-heading has-foreground-color has-text-color has-link-color wp-elements-bc33c40b4ad96f9713c42c3eee604816\">BACKLINE<\/h2>\n\n\n\n<div style=\"height:30px\" aria-hidden=\"true\" class=\"wp-block-spacer\"><\/div>\n\n\n\n<div class=\"wp-block-media-text has-media-on-the-right is-stacked-on-mobile is-vertically-aligned-center\" style=\"grid-template-columns:auto 22%\"><div class=\"wp-block-media-text__content\">\n<p class=\"has-text-align-left\" style=\"padding-top:var(--wp--preset--spacing--x-small);padding-bottom:var(--wp--preset--spacing--x-small)\"><strong>BATTERIES :<\/strong><br \/>&#8211; <a href=\"http:\/\/www.vintageludwigdrums.com\/\" target=\"_blank\" rel=\"noreferrer noopener\">Ludwig 1971 Black Panther 3 ply Kit 22\/16\/14\/13\/12&Prime;<\/a><br \/>&#8211; <a href=\"https:\/\/fr.audiofanzine.com\/caisse-claire\/ludwig-drums\/lm400-supraphonic-14x5-aluminium\/\" target=\"_blank\" rel=\"noreferrer noopener\">Ludwig &#8211; Snare &#8211; Supraphonic 1971 14&#215;5\u201c super-sensitive<\/a><br \/>&#8211; <a href=\"https:\/\/fr.audiofanzine.com\/caisse-claire\/ludwig-drums\/Black-Beauty\/\" target=\"_blank\" rel=\"noreferrer noopener\">Ludwig &#8211; Snare &#8211; Black Beauty 14&#215;6,5\u201c super-sensitive<\/a><br \/>&#8211; <a href=\"https:\/\/fr.audiofanzine.com\/capelle\/\" target=\"_blank\" rel=\"noreferrer noopener\">Capelle &#8211; Snare &#8211; Acajou 14&Prime;x5&Prime; vintage 70th<\/a><br \/>&#8211; <a href=\"https:\/\/fr.audiofanzine.com\/zildjian\/series-k-custom\/\" target=\"_blank\" rel=\"noreferrer noopener\">Zildjian K-Custom Dark HH 14&Prime;, Crash 14\/16\/18&Prime;, Ride 20&Prime;<\/a><br \/>&#8211; <a href=\"https:\/\/fr.audiofanzine.com\/pedale\/dw-drums\/5500d\/\">Pied de charley DW 5500D<\/a><br \/>&#8211; Pied de caisse claire <a href=\"https:\/\/fr.audiofanzine.com\/pied-de-cymbale-caisse-claire-ou-autre\/yamaha\/ss850\/\">Yamaha SS850<\/a> (2) et <a href=\"https:\/\/fr.audiofanzine.com\/pied-de-cymbale-caisse-claire-ou-autre\/pearl\/s-930\/petites-annonces\/?type=2\">Pearl S-930D<\/a><br \/>&#8211; P\u00e9dale de grosse caisse<a href=\"https:\/\/fr.audiofanzine.com\/pedale\/dw-drums\/dw-7000\/avis\/\"> DW 7000<\/a><br \/>&#8211; Pied de cymballe <a href=\"https:\/\/fr.audiofanzine.com\/pied-de-cymbale-caisse-claire-ou-autre\/tama\/roadpro-hc83bw\/\">Tama HC83BW<\/a> (4)<br \/>&#8211; Tabouret <a href=\"https:\/\/fr.audiofanzine.com\/siege-ou-tabouret-pour-batterie-percussions\/gibraltar\/9608\/\">Gibraltar 9608E<\/a><br \/>&#8211; <a href=\"https:\/\/www.thomann.de\/fr\/clearsonic_drum_panel.htm\">Plexi batterie Clearsonic A2466x4 Drum Shield<\/a><\/p>\n<\/div><figure class=\"wp-block-media-text__media\"><img loading=\"lazy\" decoding=\"async\" width=\"683\" height=\"1024\" src=\"https:\/\/studio-zebre.com\/site\/wp-content\/uploads\/2024\/12\/0001_23-11-0715-19STUDIO_M17495_WEB-683x1024.jpg\" alt=\"\" class=\"wp-image-3095 size-large\" srcset=\"https:\/\/studio-zebre.com\/site\/wp-content\/uploads\/2024\/12\/0001_23-11-0715-19STUDIO_M17495_WEB-683x1024.jpg 683w, https:\/\/studio-zebre.com\/site\/wp-content\/uploads\/2024\/12\/0001_23-11-0715-19STUDIO_M17495_WEB-200x300.jpg 200w, https:\/\/studio-zebre.com\/site\/wp-content\/uploads\/2024\/12\/0001_23-11-0715-19STUDIO_M17495_WEB.jpg 1280w\" sizes=\"auto, (max-width: 683px) 100vw, 683px\" \/><\/figure><\/div>\n\n\n\n<div style=\"height:30px\" aria-hidden=\"true\" class=\"wp-block-spacer\"><\/div>\n\n\n\n<div class=\"wp-block-media-text is-stacked-on-mobile is-vertically-aligned-top\" style=\"grid-template-columns:22% auto\"><figure class=\"wp-block-media-text__media\"><img loading=\"lazy\" decoding=\"async\" width=\"683\" height=\"1024\" src=\"https:\/\/studio-zebre.com\/site\/wp-content\/uploads\/2024\/08\/0013_23-11-0715-26STUDIO_M17505_WEB-683x1024.jpg\" alt=\"\" class=\"wp-image-2961 size-large\" srcset=\"https:\/\/studio-zebre.com\/site\/wp-content\/uploads\/2024\/08\/0013_23-11-0715-26STUDIO_M17505_WEB-683x1024.jpg 683w, https:\/\/studio-zebre.com\/site\/wp-content\/uploads\/2024\/08\/0013_23-11-0715-26STUDIO_M17505_WEB-200x300.jpg 200w, https:\/\/studio-zebre.com\/site\/wp-content\/uploads\/2024\/08\/0013_23-11-0715-26STUDIO_M17505_WEB.jpg 1280w\" sizes=\"auto, (max-width: 683px) 100vw, 683px\" \/><\/figure><div class=\"wp-block-media-text__content\">\n<div class=\"wp-block-columns is-layout-flex wp-container-core-columns-is-layout-28f84493 wp-block-columns-is-layout-flex\">\n<div class=\"wp-block-column is-layout-flow wp-block-column-is-layout-flow\">\n<p class=\"has-text-align-left\" style=\"padding-top:var(--wp--preset--spacing--x-small);padding-bottom:var(--wp--preset--spacing--x-small)\"><strong>GUITARES :<\/strong><a href=\"http:\/\/fr.audiofanzine.com\/guitare-sc\/fender\/AmericanVintageSeries-70-StratocasterReissue-NaturalRosewood\/\" target=\"_blank\" rel=\"noreferrer noopener\"><br \/><\/a>&#8211; <a href=\"http:\/\/fr.audiofanzine.com\/guitare-sc\/fender\/AmericanVintageSeries-70-StratocasterReissue-NaturalRosewood\/\" target=\"_blank\" rel=\"noreferrer noopener\">Fender American Vintage &rsquo;70th Stratocaster<\/a><br \/>&#8211; <a href=\"http:\/\/fr.audiofanzine.com\/fender\/american-vintage-62-stratocaster-reissue\/avis\/\" target=\"_blank\" rel=\"noreferrer noopener\">Fender American Vintage \u201862th Stratocaster<\/a><br \/>&#8211; <a href=\"http:\/\/fr.audiofanzine.com\/guitare-folk-divers\/gibson\/LG-0\/\" target=\"_blank\" rel=\"noreferrer noopener\">Gibson LG-0 Acoustic 1960<\/a><br \/><br \/><strong>BASSE :\u00a0<\/strong><br \/>&#8211; <a href=\"http:\/\/fr.audiofanzine.com\/basse-electrique-frettee\/fender\/Jazz-Bass-1971\/\" target=\"_blank\" rel=\"noreferrer noopener\">Fender Jazz Bass 1971<\/a><br \/>&#8211; <a href=\"http:\/\/fr.audiofanzine.com\/basse-electrique-frettee\/fender\/precision-bass-1971-ow-rosewood\/\" target=\"_blank\" rel=\"noreferrer noopener\">Fender Precision Bass 1971<\/a><br \/>&#8211; <a href=\"https:\/\/fr.audiofanzine.com\/basse-electrique-divers\/sire\/marcus-miller-m7-alder-5\/\" target=\"_blank\" rel=\"noreferrer noopener\">SIRE &#8211; M7 &#8211; Alder &#8211; 5 cordes<\/a><\/p>\n<\/div>\n<\/div>\n<\/div><\/div>\n\n\n\n<div style=\"height:30px\" aria-hidden=\"true\" class=\"wp-block-spacer\"><\/div>\n\n\n\n<div class=\"wp-block-media-text has-media-on-the-right is-stacked-on-mobile is-vertically-aligned-center\" style=\"grid-template-columns:auto 22%\"><div class=\"wp-block-media-text__content\">\n<div class=\"wp-block-columns is-layout-flex wp-container-core-columns-is-layout-28f84493 wp-block-columns-is-layout-flex\">\n<div class=\"wp-block-column is-layout-flow wp-block-column-is-layout-flow\">\n<p style=\"padding-top:var(--wp--preset--spacing--x-small);padding-bottom:var(--wp--preset--spacing--x-small)\"><strong>AMPLIS :<\/strong><br \/>&#8211; <a href=\"http:\/\/fr.audiofanzine.com\/tete-ampli-basse\/ampeg\/classic-series-svt-cl\/\" target=\"_blank\" rel=\"noreferrer noopener\">Ampeg SVT CL<\/a><br \/>&#8211; Ampeg SVTIII 1990<br \/>&#8211; <a href=\"https:\/\/fr.audiofanzine.com\/ampli-combo-a-transistors-pour-guitare\/roland\/jazz-chorus-jc-120\/\" target=\"_blank\" rel=\"noreferrer noopener\">Roland Jazz Chorus JC-120<\/a><br \/>&#8211; <a href=\"https:\/\/fr.audiofanzine.com\/ampli-combo-tout-lampe-pour-guitare\/fender\/twin-reverb-65\/\" target=\"_blank\" rel=\"noreferrer noopener\">Fender 65 Twin Reverb<\/a><br \/>&#8211; <a href=\"http:\/\/fr.audiofanzine.com\/combo-guitare\/fender\/Deluxe-Reverb-RI65\/\" target=\"_blank\" rel=\"noreferrer noopener\">Fender 65 Deluxe Reverb<\/a>*<br \/>&#8211; <a href=\"http:\/\/fr.audiofanzine.com\/combo-guitare\/fender\/Hot-Rod-Deluxe-112\/avis\/\" target=\"_blank\" rel=\"noreferrer noopener\">Fender Hotrod Deluxe<\/a>*<br \/>&#8211; <a href=\"http:\/\/fr.audiofanzine.com\/tete-d-ampli-guitare-tout-lampe\/hiwatt\/custom-series-custom-100-head-dr-103\/\" target=\"_blank\" rel=\"noreferrer noopener\">Hiwatt Custom 100 (vintage)<\/a><a href=\"http:\/\/fr.audiofanzine.com\/tete-ampli-basse\/ampeg\/svt-pro-series-svt-3-pro\/avis\/\" target=\"_blank\" rel=\"noreferrer noopener\"><br \/><\/a>&#8211; <a href=\"http:\/\/fr.audiofanzine.com\/orgue\/leslie\/760\/avis\/\" target=\"_blank\" rel=\"noreferrer noopener\">Leslie 760<\/a><br \/>&#8211; <a href=\"http:\/\/fr.audiofanzine.com\/combo-guitare\/marshall\/jtm30-series-jtm310-1995-1997\/\" target=\"_blank\" rel=\"noreferrer noopener\">Marshall JTM 30 modifi\u00e9<\/a><br \/>&#8211; <a href=\"https:\/\/fr.audiofanzine.com\/tete-d-ampli-guitare-tout-lampe\/marshall\/2203-jcm800-reissue-vintage-series\/\" target=\"_blank\" rel=\"noreferrer noopener\">Marshall JCM 800 2203<\/a><a href=\"http:\/\/fr.audiofanzine.com\/tete-ampli-basse\/ampeg\/svt-pro-series-svt-3-pro\/avis\/\" target=\"_blank\" rel=\"noreferrer noopener\"><br \/><\/a>&#8211; <a href=\"http:\/\/fr.audiofanzine.com\/ampli-combo-tout-lampe-pour-guitare\/vox\/ac30c2\/\" target=\"_blank\" rel=\"noreferrer noopener\">Vox AC30 1974<\/a><\/p>\n<\/div>\n\n\n\n<div class=\"wp-block-column is-layout-flow wp-block-column-is-layout-flow\">\n<p class=\"has-text-align-left\" style=\"padding-top:var(--wp--preset--spacing--x-small);padding-bottom:var(--wp--preset--spacing--x-small)\"><strong>BAFFLES :<\/strong><a href=\"http:\/\/fr.audiofanzine.com\/orgue\/leslie\/760\/avis\/\" target=\"_blank\" rel=\"noreferrer noopener\"><br \/><\/a>&#8211; <a href=\"http:\/\/www.ampeg.com\/products\/classic\/svt410he\/\" target=\"_blank\" rel=\"noreferrer noopener\">Ampeg 410 HE (2)<\/a><a href=\"http:\/\/fr.audiofanzine.com\/baffle-guitare-4x12\/hiwatt\/custom-series-412-cabinet-se-4122\/\" target=\"_blank\" rel=\"noreferrer noopener\"><br \/><\/a>&#8211; <a href=\"http:\/\/www.ampeg.com\/products\/classic\/svt810e\/\" target=\"_blank\" rel=\"noreferrer noopener\">SVT 810E<\/a><a href=\"http:\/\/fr.audiofanzine.com\/baffle-guitare-4x12\/hiwatt\/custom-series-412-cabinet-se-4122\/\" target=\"_blank\" rel=\"noreferrer noopener\">*<br \/><\/a>&#8211; <a href=\"http:\/\/fr.audiofanzine.com\/baffle-guitare-4x12\/hiwatt\/custom-series-412-cabinet-se-4122\/\" target=\"_blank\" rel=\"noreferrer noopener\">Hiwatt Classic 4\u00d712\u2033 1974<\/a><br \/>&#8211; <a href=\"https:\/\/www.instagram.com\/p\/CwFQtt6sEz2\/?utm_source=ig_web_button_share_sheet&amp;igsh=MzRlODBiNWFlZA==\" target=\"_blank\" rel=\"noreferrer noopener\">Custom 4*12 Cab by Le Z\u00e8bre<\/a><br \/>&#8211; <a href=\"http:\/\/fr.audiofanzine.com\/baffle-guitare-4x12\/marshall\/1960a\/\" target=\"_blank\" rel=\"noreferrer noopener\">Marshall Classic 1960<\/a>*<\/p>\n<\/div>\n<\/div>\n\n\n\n<p class=\"has-text-align-left\"><\/p>\n<\/div><figure class=\"wp-block-media-text__media\"><img loading=\"lazy\" decoding=\"async\" width=\"683\" height=\"1024\" src=\"https:\/\/studio-zebre.com\/site\/wp-content\/uploads\/2024\/12\/0015_23-11-0715-28STUDIO_M17507_WEB-683x1024.jpg\" alt=\"\" class=\"wp-image-3110 size-large\" srcset=\"https:\/\/studio-zebre.com\/site\/wp-content\/uploads\/2024\/12\/0015_23-11-0715-28STUDIO_M17507_WEB-683x1024.jpg 683w, https:\/\/studio-zebre.com\/site\/wp-content\/uploads\/2024\/12\/0015_23-11-0715-28STUDIO_M17507_WEB-200x300.jpg 200w, https:\/\/studio-zebre.com\/site\/wp-content\/uploads\/2024\/12\/0015_23-11-0715-28STUDIO_M17507_WEB.jpg 1280w\" sizes=\"auto, (max-width: 683px) 100vw, 683px\" \/><\/figure><\/div>\n\n\n\n<div style=\"height:30px\" aria-hidden=\"true\" class=\"wp-block-spacer\"><\/div>\n\n\n\n<div class=\"wp-block-media-text is-stacked-on-mobile is-vertically-aligned-center\" style=\"grid-template-columns:22% auto\"><figure class=\"wp-block-media-text__media\"><img loading=\"lazy\" decoding=\"async\" width=\"1024\" height=\"683\" src=\"https:\/\/studio-zebre.com\/site\/wp-content\/uploads\/2024\/12\/0030_23-11-0716-45STUDIO_M17523_WEB-1024x683.jpg\" alt=\"\" class=\"wp-image-3109 size-large\" srcset=\"https:\/\/studio-zebre.com\/site\/wp-content\/uploads\/2024\/12\/0030_23-11-0716-45STUDIO_M17523_WEB-1024x683.jpg 1024w, https:\/\/studio-zebre.com\/site\/wp-content\/uploads\/2024\/12\/0030_23-11-0716-45STUDIO_M17523_WEB-300x200.jpg 300w, https:\/\/studio-zebre.com\/site\/wp-content\/uploads\/2024\/12\/0030_23-11-0716-45STUDIO_M17523_WEB-600x400.jpg 600w, https:\/\/studio-zebre.com\/site\/wp-content\/uploads\/2024\/12\/0030_23-11-0716-45STUDIO_M17523_WEB-1200x800.jpg 1200w, https:\/\/studio-zebre.com\/site\/wp-content\/uploads\/2024\/12\/0030_23-11-0716-45STUDIO_M17523_WEB.jpg 1600w\" sizes=\"auto, (max-width: 1024px) 100vw, 1024px\" \/><\/figure><div class=\"wp-block-media-text__content\">\n<p class=\"has-text-align-left\" style=\"padding-top:var(--wp--preset--spacing--x-small);padding-bottom:var(--wp--preset--spacing--x-small)\"><strong>CLAVIERS :<\/strong><br \/>&#8211; <a href=\"http:\/\/fr.audiofanzine.com\/piano-electrique\/rhodes\/Mark-I-Stage-73\/\">Fender Rhodes Mk1<\/a><br \/>&#8211; <a href=\"https:\/\/premiersoundfactory.com\/\" target=\"_blank\" rel=\"noreferrer noopener\">Premier B3<\/a><br \/>&#8211; <a href=\"https:\/\/fr.audiofanzine.com\/synthe-analogique\/korg\/prologue-8\/\">Korg Prologue 8<\/a><br \/>&#8211; <a href=\"https:\/\/fr.audiofanzine.com\/piano-numerique\/clavia\/nord-electro-3-73\/\" target=\"_blank\" rel=\"noreferrer noopener\">Clavia Nord Electro 3 73*<\/a><\/p>\n<\/div><\/div>\n\n\n\n<div style=\"height:20px\" aria-hidden=\"true\" class=\"wp-block-spacer\"><\/div>\n\n\n\n<p>*&nbsp;Possibilit\u00e9 de location&nbsp;suppl\u00e9mentaire.<\/p>\n","protected":false},"excerpt":{"rendered":"<p>BACKLINE BATTERIES :&#8211; Ludwig 1971 Black Panther 3 ply Kit 22\/16\/14\/13\/12&Prime;&#8211; Ludwig &#8211; Snare &#8211; Supraphonic 1971 14&#215;5\u201c super-sensitive&#8211; Ludwig &#8211; Snare &#8211; Black Beauty 14&#215;6,5\u201c super-sensitive&#8211; Capelle &#8211; Snare &#8211; Acajou 14&Prime;x5&Prime; vintage 70th&#8211; Zildjian K-Custom Dark HH 14&Prime;, Crash 14\/16\/18&Prime;, Ride 20&Prime;&#8211; Pied de charley DW 5500D&#8211; Pied de caisse claire Yamaha SS850 &hellip; <\/p>\n<p class=\"link-more\"><a href=\"https:\/\/studio-zebre.com\/site\/backline\/\" class=\"more-link\">Lire la suite de<span class=\"screen-reader-text\">\u00ab\u00a0BACKLINE\u00a0\u00bb<\/span><\/a><\/p>\n","protected":false},"author":1,"featured_media":2720,"parent":0,"menu_order":0,"comment_status":"closed","ping_status":"closed","template":"","meta":{"footnotes":""},"class_list":["post-2954","page","type-page","status-publish","has-post-thumbnail","hentry"],"yoast_head":"<!-- This site is optimized with the Yoast SEO plugin v27.4 - https:\/\/yoast.com\/product\/yoast-seo-wordpress\/ -->\n<title>BACKLINE - Studio Le Z\u00e8bre<\/title>\n<meta name=\"description\" content=\"Studio Le Z\u00e8bre, Besan\u00e7on, enregistrement, mixage, mastering\" \/>\n<meta name=\"robots\" content=\"index, follow, max-snippet:-1, max-image-preview:large, max-video-preview:-1\" \/>\n<link rel=\"canonical\" href=\"https:\/\/studio-zebre.com\/site\/backline\/\" \/>\n<meta property=\"og:locale\" content=\"fr_FR\" \/>\n<meta property=\"og:type\" content=\"article\" \/>\n<meta property=\"og:title\" content=\"BACKLINE - Studio Le Z\u00e8bre\" \/>\n<meta property=\"og:description\" content=\"Studio Le Z\u00e8bre, Besan\u00e7on, enregistrement, mixage, mastering\" \/>\n<meta property=\"og:url\" content=\"https:\/\/studio-zebre.com\/site\/backline\/\" \/>\n<meta property=\"og:site_name\" content=\"Studio Le Z\u00e8bre\" \/>\n<meta property=\"article:publisher\" content=\"https:\/\/www.facebook.com\/studiolezebre\" \/>\n<meta property=\"article:modified_time\" content=\"2024-12-30T13:38:07+00:00\" \/>\n<meta property=\"og:image\" content=\"https:\/\/studio-zebre.com\/site\/wp-content\/uploads\/2024\/08\/0006_23-11-0715-20STUDIO_M17499_WEB.jpg\" \/>\n\t<meta property=\"og:image:width\" content=\"1600\" \/>\n\t<meta property=\"og:image:height\" content=\"1067\" \/>\n\t<meta property=\"og:image:type\" content=\"image\/jpeg\" \/>\n<meta name=\"twitter:label1\" content=\"Dur\u00e9e de lecture estim\u00e9e\" \/>\n\t<meta name=\"twitter:data1\" content=\"2 minutes\" \/>\n<script type=\"application\/ld+json\" class=\"yoast-schema-graph\">{\"@context\":\"https:\\\/\\\/schema.org\",\"@graph\":[{\"@type\":\"WebPage\",\"@id\":\"https:\\\/\\\/studio-zebre.com\\\/site\\\/backline\\\/\",\"url\":\"https:\\\/\\\/studio-zebre.com\\\/site\\\/backline\\\/\",\"name\":\"BACKLINE - Studio Le Z\u00e8bre\",\"isPartOf\":{\"@id\":\"https:\\\/\\\/studio-zebre.com\\\/site\\\/#website\"},\"primaryImageOfPage\":{\"@id\":\"https:\\\/\\\/studio-zebre.com\\\/site\\\/backline\\\/#primaryimage\"},\"image\":{\"@id\":\"https:\\\/\\\/studio-zebre.com\\\/site\\\/backline\\\/#primaryimage\"},\"thumbnailUrl\":\"https:\\\/\\\/studio-zebre.com\\\/site\\\/wp-content\\\/uploads\\\/2024\\\/08\\\/0006_23-11-0715-20STUDIO_M17499_WEB.jpg\",\"datePublished\":\"2024-08-12T11:12:58+00:00\",\"dateModified\":\"2024-12-30T13:38:07+00:00\",\"description\":\"Studio Le Z\u00e8bre, Besan\u00e7on, enregistrement, mixage, mastering\",\"breadcrumb\":{\"@id\":\"https:\\\/\\\/studio-zebre.com\\\/site\\\/backline\\\/#breadcrumb\"},\"inLanguage\":\"fr-FR\",\"potentialAction\":[{\"@type\":\"ReadAction\",\"target\":[\"https:\\\/\\\/studio-zebre.com\\\/site\\\/backline\\\/\"]}]},{\"@type\":\"ImageObject\",\"inLanguage\":\"fr-FR\",\"@id\":\"https:\\\/\\\/studio-zebre.com\\\/site\\\/backline\\\/#primaryimage\",\"url\":\"https:\\\/\\\/studio-zebre.com\\\/site\\\/wp-content\\\/uploads\\\/2024\\\/08\\\/0006_23-11-0715-20STUDIO_M17499_WEB.jpg\",\"contentUrl\":\"https:\\\/\\\/studio-zebre.com\\\/site\\\/wp-content\\\/uploads\\\/2024\\\/08\\\/0006_23-11-0715-20STUDIO_M17499_WEB.jpg\",\"width\":1600,\"height\":1067},{\"@type\":\"BreadcrumbList\",\"@id\":\"https:\\\/\\\/studio-zebre.com\\\/site\\\/backline\\\/#breadcrumb\",\"itemListElement\":[{\"@type\":\"ListItem\",\"position\":1,\"name\":\"Home\",\"item\":\"https:\\\/\\\/studio-zebre.com\\\/site\\\/\"},{\"@type\":\"ListItem\",\"position\":2,\"name\":\"BACKLINE\"}]},{\"@type\":\"WebSite\",\"@id\":\"https:\\\/\\\/studio-zebre.com\\\/site\\\/#website\",\"url\":\"https:\\\/\\\/studio-zebre.com\\\/site\\\/\",\"name\":\"Studio Le Z\u00e8bre\",\"description\":\"Sp\u00e9cialis\u00e9 dans l&#039;enregistrement musical depuis 1999 \u00e0 Besan\u00e7on.\",\"potentialAction\":[{\"@type\":\"SearchAction\",\"target\":{\"@type\":\"EntryPoint\",\"urlTemplate\":\"https:\\\/\\\/studio-zebre.com\\\/site\\\/?s={search_term_string}\"},\"query-input\":{\"@type\":\"PropertyValueSpecification\",\"valueRequired\":true,\"valueName\":\"search_term_string\"}}],\"inLanguage\":\"fr-FR\"}]}<\/script>\n<!-- \/ Yoast SEO plugin. -->","yoast_head_json":{"title":"BACKLINE - Studio Le Z\u00e8bre","description":"Studio Le Z\u00e8bre, Besan\u00e7on, enregistrement, mixage, mastering","robots":{"index":"index","follow":"follow","max-snippet":"max-snippet:-1","max-image-preview":"max-image-preview:large","max-video-preview":"max-video-preview:-1"},"canonical":"https:\/\/studio-zebre.com\/site\/backline\/","og_locale":"fr_FR","og_type":"article","og_title":"BACKLINE - Studio Le Z\u00e8bre","og_description":"Studio Le Z\u00e8bre, Besan\u00e7on, enregistrement, mixage, mastering","og_url":"https:\/\/studio-zebre.com\/site\/backline\/","og_site_name":"Studio Le Z\u00e8bre","article_publisher":"https:\/\/www.facebook.com\/studiolezebre","article_modified_time":"2024-12-30T13:38:07+00:00","og_image":[{"width":1600,"height":1067,"url":"https:\/\/studio-zebre.com\/site\/wp-content\/uploads\/2024\/08\/0006_23-11-0715-20STUDIO_M17499_WEB.jpg","type":"image\/jpeg"}],"twitter_misc":{"Dur\u00e9e de lecture estim\u00e9e":"2 minutes"},"schema":{"@context":"https:\/\/schema.org","@graph":[{"@type":"WebPage","@id":"https:\/\/studio-zebre.com\/site\/backline\/","url":"https:\/\/studio-zebre.com\/site\/backline\/","name":"BACKLINE - Studio Le Z\u00e8bre","isPartOf":{"@id":"https:\/\/studio-zebre.com\/site\/#website"},"primaryImageOfPage":{"@id":"https:\/\/studio-zebre.com\/site\/backline\/#primaryimage"},"image":{"@id":"https:\/\/studio-zebre.com\/site\/backline\/#primaryimage"},"thumbnailUrl":"https:\/\/studio-zebre.com\/site\/wp-content\/uploads\/2024\/08\/0006_23-11-0715-20STUDIO_M17499_WEB.jpg","datePublished":"2024-08-12T11:12:58+00:00","dateModified":"2024-12-30T13:38:07+00:00","description":"Studio Le Z\u00e8bre, Besan\u00e7on, enregistrement, mixage, mastering","breadcrumb":{"@id":"https:\/\/studio-zebre.com\/site\/backline\/#breadcrumb"},"inLanguage":"fr-FR","potentialAction":[{"@type":"ReadAction","target":["https:\/\/studio-zebre.com\/site\/backline\/"]}]},{"@type":"ImageObject","inLanguage":"fr-FR","@id":"https:\/\/studio-zebre.com\/site\/backline\/#primaryimage","url":"https:\/\/studio-zebre.com\/site\/wp-content\/uploads\/2024\/08\/0006_23-11-0715-20STUDIO_M17499_WEB.jpg","contentUrl":"https:\/\/studio-zebre.com\/site\/wp-content\/uploads\/2024\/08\/0006_23-11-0715-20STUDIO_M17499_WEB.jpg","width":1600,"height":1067},{"@type":"BreadcrumbList","@id":"https:\/\/studio-zebre.com\/site\/backline\/#breadcrumb","itemListElement":[{"@type":"ListItem","position":1,"name":"Home","item":"https:\/\/studio-zebre.com\/site\/"},{"@type":"ListItem","position":2,"name":"BACKLINE"}]},{"@type":"WebSite","@id":"https:\/\/studio-zebre.com\/site\/#website","url":"https:\/\/studio-zebre.com\/site\/","name":"Studio Le Z\u00e8bre","description":"Sp\u00e9cialis\u00e9 dans l&#039;enregistrement musical depuis 1999 \u00e0 Besan\u00e7on.","potentialAction":[{"@type":"SearchAction","target":{"@type":"EntryPoint","urlTemplate":"https:\/\/studio-zebre.com\/site\/?s={search_term_string}"},"query-input":{"@type":"PropertyValueSpecification","valueRequired":true,"valueName":"search_term_string"}}],"inLanguage":"fr-FR"}]}},"featured_media_urls":{"thumbnail":["https:\/\/studio-zebre.com\/site\/wp-content\/uploads\/2024\/08\/0006_23-11-0715-20STUDIO_M17499_WEB-150x150.jpg",150,150,true],"medium":["https:\/\/studio-zebre.com\/site\/wp-content\/uploads\/2024\/08\/0006_23-11-0715-20STUDIO_M17499_WEB-300x200.jpg",300,200,true],"medium_large":["https:\/\/studio-zebre.com\/site\/wp-content\/uploads\/2024\/08\/0006_23-11-0715-20STUDIO_M17499_WEB.jpg",768,512,false],"large":["https:\/\/studio-zebre.com\/site\/wp-content\/uploads\/2024\/08\/0006_23-11-0715-20STUDIO_M17499_WEB-1024x683.jpg",950,634,true],"1536x1536":["https:\/\/studio-zebre.com\/site\/wp-content\/uploads\/2024\/08\/0006_23-11-0715-20STUDIO_M17499_WEB-1536x1024.jpg",1536,1024,true],"2048x2048":["https:\/\/studio-zebre.com\/site\/wp-content\/uploads\/2024\/08\/0006_23-11-0715-20STUDIO_M17499_WEB.jpg",1600,1067,false],"inspiro-featured-image":["https:\/\/studio-zebre.com\/site\/wp-content\/uploads\/2024\/08\/0006_23-11-0715-20STUDIO_M17499_WEB.jpg",1600,1067,false],"inspiro-loop":["https:\/\/studio-zebre.com\/site\/wp-content\/uploads\/2024\/08\/0006_23-11-0715-20STUDIO_M17499_WEB-950x320.jpg",950,320,true],"inspiro-loop@2x":["https:\/\/studio-zebre.com\/site\/wp-content\/uploads\/2024\/08\/0006_23-11-0715-20STUDIO_M17499_WEB-1600x640.jpg",1600,640,true],"portfolio_item-thumbnail":["https:\/\/studio-zebre.com\/site\/wp-content\/uploads\/2024\/08\/0006_23-11-0715-20STUDIO_M17499_WEB-600x400.jpg",600,400,true],"portfolio_item-thumbnail@2x":["https:\/\/studio-zebre.com\/site\/wp-content\/uploads\/2024\/08\/0006_23-11-0715-20STUDIO_M17499_WEB-1200x800.jpg",1200,800,true],"portfolio_item-masonry":["https:\/\/studio-zebre.com\/site\/wp-content\/uploads\/2024\/08\/0006_23-11-0715-20STUDIO_M17499_WEB-600x400.jpg",600,400,true],"portfolio_item-masonry@2x":["https:\/\/studio-zebre.com\/site\/wp-content\/uploads\/2024\/08\/0006_23-11-0715-20STUDIO_M17499_WEB-1200x800.jpg",1200,800,true],"portfolio_item-thumbnail_cinema":["https:\/\/studio-zebre.com\/site\/wp-content\/uploads\/2024\/08\/0006_23-11-0715-20STUDIO_M17499_WEB-800x335.jpg",800,335,true],"portfolio_item-thumbnail_portrait":["https:\/\/studio-zebre.com\/site\/wp-content\/uploads\/2024\/08\/0006_23-11-0715-20STUDIO_M17499_WEB-600x900.jpg",600,900,true],"portfolio_item-thumbnail_portrait@2x":["https:\/\/studio-zebre.com\/site\/wp-content\/uploads\/2024\/08\/0006_23-11-0715-20STUDIO_M17499_WEB-1200x1067.jpg",1200,1067,true],"portfolio_item-thumbnail_square":["https:\/\/studio-zebre.com\/site\/wp-content\/uploads\/2024\/08\/0006_23-11-0715-20STUDIO_M17499_WEB-800x800.jpg",800,800,true]},"_links":{"self":[{"href":"https:\/\/studio-zebre.com\/site\/wp-json\/wp\/v2\/pages\/2954","targetHints":{"allow":["GET"]}}],"collection":[{"href":"https:\/\/studio-zebre.com\/site\/wp-json\/wp\/v2\/pages"}],"about":[{"href":"https:\/\/studio-zebre.com\/site\/wp-json\/wp\/v2\/types\/page"}],"author":[{"embeddable":true,"href":"https:\/\/studio-zebre.com\/site\/wp-json\/wp\/v2\/users\/1"}],"replies":[{"embeddable":true,"href":"https:\/\/studio-zebre.com\/site\/wp-json\/wp\/v2\/comments?post=2954"}],"version-history":[{"count":0,"href":"https:\/\/studio-zebre.com\/site\/wp-json\/wp\/v2\/pages\/2954\/revisions"}],"wp:featuredmedia":[{"embeddable":true,"href":"https:\/\/studio-zebre.com\/site\/wp-json\/wp\/v2\/media\/2720"}],"wp:attachment":[{"href":"https:\/\/studio-zebre.com\/site\/wp-json\/wp\/v2\/media?parent=2954"}],"curies":[{"name":"wp","href":"https:\/\/api.w.org\/{rel}","templated":true}]}}