{"id":3881,"date":"2025-06-18T15:27:12","date_gmt":"2025-06-18T13:27:12","guid":{"rendered":"https:\/\/studio-zebre.com\/site\/?page_id=3881"},"modified":"2025-06-19T16:38:15","modified_gmt":"2025-06-19T14:38:15","slug":"nos-tarifs","status":"publish","type":"page","link":"https:\/\/studio-zebre.com\/site\/nos-tarifs\/","title":{"rendered":"NOS TARIFS"},"content":{"rendered":"\n<h2 class=\"wp-block-heading\">NOS TARIFS<\/h2>\n\n\n\n<p class=\"has-foreground-color has-text-color has-link-color wp-elements-12535d9d6a911462bce8b120f57eb062\">Chaque projet est unique, n&rsquo;h\u00e9sitez pas \u00e0 nous <span style=\"color: #000000;\"><a style=\"color: #000000;\" href=\"https:\/\/studio-zebre.com\/site\/a-propos\/\">contacter<\/a><\/span> pour un devis personnalis\u00e9 ou toute autre question.<\/p>\n\n\n\n<div class=\"wp-block-media-text has-media-on-the-right is-stacked-on-mobile is-vertically-aligned-bottom\" style=\"grid-template-columns:auto 25%\"><div class=\"wp-block-media-text__content\">\n<ul class=\"wp-block-list\">\n<li><strong>Prise de son<\/strong> : 365\u20ac\/jour, 220\u20ac\/ demi-journ\u00e9e.<\/li>\n\n\n\n<li style=\"padding-top:0;padding-bottom:0\"><strong>Edition<\/strong> (Recalage, Melodyne&#8230;) : 180\u20ac\/jour.<\/li>\n\n\n\n<li style=\"padding-top:0;padding-bottom:0\"><strong>Mixage<\/strong> : 295\u20ac\/titre (ajustable en fonction du projet).<\/li>\n\n\n\n<li><strong>Location du studio <\/strong>(sans technicien) : 225\u20ac\/jour.<\/li>\n\n\n\n<li><strong>Accueil technique <\/strong>(pour location) : 180\u20ac.<\/li>\n\n\n\n<li><strong>Prestation ext\u00e9rieur <\/strong>: sur demande.<\/li>\n<\/ul>\n\n\n\n<ul class=\"wp-block-list\">\n<li><strong>Remise de 5%&nbsp;<\/strong>\u00e0 partir de 5 jours\/mix.<\/li>\n\n\n\n<li><strong>Remise de 10%<\/strong> \u00e0 partir de 10 jours\/mix.<\/li>\n<\/ul>\n<\/div><figure class=\"wp-block-media-text__media\"><\/figure><\/div>\n\n\n\n<div style=\"height:var(--wp--preset--spacing--x-small)\" aria-hidden=\"true\" class=\"wp-block-spacer\"><\/div>\n\n\n\n<p>Tout les prix sont affich\u00e9s en net.<\/p>\n","protected":false},"excerpt":{"rendered":"<p>NOS TARIFS Chaque projet est unique, n&rsquo;h\u00e9sitez pas \u00e0 nous contacter pour un devis personnalis\u00e9 ou toute autre question. Tout les prix sont affich\u00e9s en net.<\/p>\n","protected":false},"author":1,"featured_media":2775,"parent":0,"menu_order":0,"comment_status":"closed","ping_status":"closed","template":"","meta":{"footnotes":""},"class_list":["post-3881","page","type-page","status-publish","has-post-thumbnail","hentry"],"yoast_head":"<!-- This site is optimized with the Yoast SEO plugin v27.6 - https:\/\/yoast.com\/product\/yoast-seo-wordpress\/ -->\n<title>NOS TARIFS - Studio Le Z\u00e8bre<\/title>\n<meta name=\"description\" content=\"Studio Le Z\u00e8bre, Besan\u00e7on, enregistrement, mixage, mastering\" \/>\n<meta name=\"robots\" content=\"index, follow, max-snippet:-1, max-image-preview:large, max-video-preview:-1\" \/>\n<link rel=\"canonical\" href=\"https:\/\/studio-zebre.com\/site\/nos-tarifs\/\" \/>\n<meta property=\"og:locale\" content=\"fr_FR\" \/>\n<meta property=\"og:type\" content=\"article\" \/>\n<meta property=\"og:title\" content=\"NOS TARIFS - Studio Le Z\u00e8bre\" \/>\n<meta property=\"og:description\" content=\"Studio Le Z\u00e8bre, Besan\u00e7on, enregistrement, mixage, mastering\" \/>\n<meta property=\"og:url\" content=\"https:\/\/studio-zebre.com\/site\/nos-tarifs\/\" \/>\n<meta property=\"og:site_name\" content=\"Studio Le Z\u00e8bre\" \/>\n<meta property=\"article:publisher\" content=\"https:\/\/www.facebook.com\/studiolezebre\" \/>\n<meta property=\"article:modified_time\" content=\"2025-06-19T14:38:15+00:00\" \/>\n<meta property=\"og:image\" content=\"https:\/\/studio-zebre.com\/site\/wp-content\/uploads\/2024\/08\/cropped-0022_23-11-0716-16STUDIO_M17527_WEB.jpg\" \/>\n\t<meta property=\"og:image:width\" content=\"2000\" \/>\n\t<meta property=\"og:image:height\" content=\"1199\" \/>\n\t<meta property=\"og:image:type\" content=\"image\/jpeg\" \/>\n<meta name=\"twitter:label1\" content=\"Dur\u00e9e de lecture estim\u00e9e\" \/>\n\t<meta name=\"twitter:data1\" content=\"1 minute\" \/>\n<script type=\"application\/ld+json\" class=\"yoast-schema-graph\">{\"@context\":\"https:\\\/\\\/schema.org\",\"@graph\":[{\"@type\":\"WebPage\",\"@id\":\"https:\\\/\\\/studio-zebre.com\\\/site\\\/nos-tarifs\\\/\",\"url\":\"https:\\\/\\\/studio-zebre.com\\\/site\\\/nos-tarifs\\\/\",\"name\":\"NOS TARIFS - Studio Le Z\u00e8bre\",\"isPartOf\":{\"@id\":\"https:\\\/\\\/studio-zebre.com\\\/site\\\/#website\"},\"primaryImageOfPage\":{\"@id\":\"https:\\\/\\\/studio-zebre.com\\\/site\\\/nos-tarifs\\\/#primaryimage\"},\"image\":{\"@id\":\"https:\\\/\\\/studio-zebre.com\\\/site\\\/nos-tarifs\\\/#primaryimage\"},\"thumbnailUrl\":\"https:\\\/\\\/studio-zebre.com\\\/site\\\/wp-content\\\/uploads\\\/2024\\\/08\\\/cropped-0022_23-11-0716-16STUDIO_M17527_WEB.jpg\",\"datePublished\":\"2025-06-18T13:27:12+00:00\",\"dateModified\":\"2025-06-19T14:38:15+00:00\",\"description\":\"Studio Le Z\u00e8bre, Besan\u00e7on, enregistrement, mixage, mastering\",\"breadcrumb\":{\"@id\":\"https:\\\/\\\/studio-zebre.com\\\/site\\\/nos-tarifs\\\/#breadcrumb\"},\"inLanguage\":\"fr-FR\",\"potentialAction\":[{\"@type\":\"ReadAction\",\"target\":[\"https:\\\/\\\/studio-zebre.com\\\/site\\\/nos-tarifs\\\/\"]}]},{\"@type\":\"ImageObject\",\"inLanguage\":\"fr-FR\",\"@id\":\"https:\\\/\\\/studio-zebre.com\\\/site\\\/nos-tarifs\\\/#primaryimage\",\"url\":\"https:\\\/\\\/studio-zebre.com\\\/site\\\/wp-content\\\/uploads\\\/2024\\\/08\\\/cropped-0022_23-11-0716-16STUDIO_M17527_WEB.jpg\",\"contentUrl\":\"https:\\\/\\\/studio-zebre.com\\\/site\\\/wp-content\\\/uploads\\\/2024\\\/08\\\/cropped-0022_23-11-0716-16STUDIO_M17527_WEB.jpg\",\"width\":2000,\"height\":1199},{\"@type\":\"BreadcrumbList\",\"@id\":\"https:\\\/\\\/studio-zebre.com\\\/site\\\/nos-tarifs\\\/#breadcrumb\",\"itemListElement\":[{\"@type\":\"ListItem\",\"position\":1,\"name\":\"Home\",\"item\":\"https:\\\/\\\/studio-zebre.com\\\/site\\\/\"},{\"@type\":\"ListItem\",\"position\":2,\"name\":\"NOS TARIFS\"}]},{\"@type\":\"WebSite\",\"@id\":\"https:\\\/\\\/studio-zebre.com\\\/site\\\/#website\",\"url\":\"https:\\\/\\\/studio-zebre.com\\\/site\\\/\",\"name\":\"Studio Le Z\u00e8bre\",\"description\":\"Sp\u00e9cialis\u00e9 dans l&#039;enregistrement musical depuis 1999 \u00e0 Besan\u00e7on.\",\"potentialAction\":[{\"@type\":\"SearchAction\",\"target\":{\"@type\":\"EntryPoint\",\"urlTemplate\":\"https:\\\/\\\/studio-zebre.com\\\/site\\\/?s={search_term_string}\"},\"query-input\":{\"@type\":\"PropertyValueSpecification\",\"valueRequired\":true,\"valueName\":\"search_term_string\"}}],\"inLanguage\":\"fr-FR\"}]}<\/script>\n<!-- \/ Yoast SEO plugin. -->","yoast_head_json":{"title":"NOS TARIFS - Studio Le Z\u00e8bre","description":"Studio Le Z\u00e8bre, Besan\u00e7on, enregistrement, mixage, mastering","robots":{"index":"index","follow":"follow","max-snippet":"max-snippet:-1","max-image-preview":"max-image-preview:large","max-video-preview":"max-video-preview:-1"},"canonical":"https:\/\/studio-zebre.com\/site\/nos-tarifs\/","og_locale":"fr_FR","og_type":"article","og_title":"NOS TARIFS - Studio Le Z\u00e8bre","og_description":"Studio Le Z\u00e8bre, Besan\u00e7on, enregistrement, mixage, mastering","og_url":"https:\/\/studio-zebre.com\/site\/nos-tarifs\/","og_site_name":"Studio Le Z\u00e8bre","article_publisher":"https:\/\/www.facebook.com\/studiolezebre","article_modified_time":"2025-06-19T14:38:15+00:00","og_image":[{"width":2000,"height":1199,"url":"https:\/\/studio-zebre.com\/site\/wp-content\/uploads\/2024\/08\/cropped-0022_23-11-0716-16STUDIO_M17527_WEB.jpg","type":"image\/jpeg"}],"twitter_misc":{"Dur\u00e9e de lecture estim\u00e9e":"1 minute"},"schema":{"@context":"https:\/\/schema.org","@graph":[{"@type":"WebPage","@id":"https:\/\/studio-zebre.com\/site\/nos-tarifs\/","url":"https:\/\/studio-zebre.com\/site\/nos-tarifs\/","name":"NOS TARIFS - Studio Le Z\u00e8bre","isPartOf":{"@id":"https:\/\/studio-zebre.com\/site\/#website"},"primaryImageOfPage":{"@id":"https:\/\/studio-zebre.com\/site\/nos-tarifs\/#primaryimage"},"image":{"@id":"https:\/\/studio-zebre.com\/site\/nos-tarifs\/#primaryimage"},"thumbnailUrl":"https:\/\/studio-zebre.com\/site\/wp-content\/uploads\/2024\/08\/cropped-0022_23-11-0716-16STUDIO_M17527_WEB.jpg","datePublished":"2025-06-18T13:27:12+00:00","dateModified":"2025-06-19T14:38:15+00:00","description":"Studio Le Z\u00e8bre, Besan\u00e7on, enregistrement, mixage, mastering","breadcrumb":{"@id":"https:\/\/studio-zebre.com\/site\/nos-tarifs\/#breadcrumb"},"inLanguage":"fr-FR","potentialAction":[{"@type":"ReadAction","target":["https:\/\/studio-zebre.com\/site\/nos-tarifs\/"]}]},{"@type":"ImageObject","inLanguage":"fr-FR","@id":"https:\/\/studio-zebre.com\/site\/nos-tarifs\/#primaryimage","url":"https:\/\/studio-zebre.com\/site\/wp-content\/uploads\/2024\/08\/cropped-0022_23-11-0716-16STUDIO_M17527_WEB.jpg","contentUrl":"https:\/\/studio-zebre.com\/site\/wp-content\/uploads\/2024\/08\/cropped-0022_23-11-0716-16STUDIO_M17527_WEB.jpg","width":2000,"height":1199},{"@type":"BreadcrumbList","@id":"https:\/\/studio-zebre.com\/site\/nos-tarifs\/#breadcrumb","itemListElement":[{"@type":"ListItem","position":1,"name":"Home","item":"https:\/\/studio-zebre.com\/site\/"},{"@type":"ListItem","position":2,"name":"NOS TARIFS"}]},{"@type":"WebSite","@id":"https:\/\/studio-zebre.com\/site\/#website","url":"https:\/\/studio-zebre.com\/site\/","name":"Studio Le Z\u00e8bre","description":"Sp\u00e9cialis\u00e9 dans l&#039;enregistrement musical depuis 1999 \u00e0 Besan\u00e7on.","potentialAction":[{"@type":"SearchAction","target":{"@type":"EntryPoint","urlTemplate":"https:\/\/studio-zebre.com\/site\/?s={search_term_string}"},"query-input":{"@type":"PropertyValueSpecification","valueRequired":true,"valueName":"search_term_string"}}],"inLanguage":"fr-FR"}]}},"featured_media_urls":{"thumbnail":["https:\/\/studio-zebre.com\/site\/wp-content\/uploads\/2024\/08\/cropped-0022_23-11-0716-16STUDIO_M17527_WEB-150x150.jpg",150,150,true],"medium":["https:\/\/studio-zebre.com\/site\/wp-content\/uploads\/2024\/08\/cropped-0022_23-11-0716-16STUDIO_M17527_WEB-300x180.jpg",300,180,true],"medium_large":["https:\/\/studio-zebre.com\/site\/wp-content\/uploads\/2024\/08\/cropped-0022_23-11-0716-16STUDIO_M17527_WEB.jpg",768,460,false],"large":["https:\/\/studio-zebre.com\/site\/wp-content\/uploads\/2024\/08\/cropped-0022_23-11-0716-16STUDIO_M17527_WEB-1024x614.jpg",950,570,true],"1536x1536":["https:\/\/studio-zebre.com\/site\/wp-content\/uploads\/2024\/08\/cropped-0022_23-11-0716-16STUDIO_M17527_WEB-1536x921.jpg",1536,921,true],"2048x2048":["https:\/\/studio-zebre.com\/site\/wp-content\/uploads\/2024\/08\/cropped-0022_23-11-0716-16STUDIO_M17527_WEB.jpg",2000,1199,false],"inspiro-featured-image":["https:\/\/studio-zebre.com\/site\/wp-content\/uploads\/2024\/08\/cropped-0022_23-11-0716-16STUDIO_M17527_WEB.jpg",2000,1199,false],"inspiro-loop":["https:\/\/studio-zebre.com\/site\/wp-content\/uploads\/2024\/08\/cropped-0022_23-11-0716-16STUDIO_M17527_WEB-950x320.jpg",950,320,true],"inspiro-loop@2x":["https:\/\/studio-zebre.com\/site\/wp-content\/uploads\/2024\/08\/cropped-0022_23-11-0716-16STUDIO_M17527_WEB-1900x640.jpg",1900,640,true],"portfolio_item-thumbnail":["https:\/\/studio-zebre.com\/site\/wp-content\/uploads\/2024\/08\/cropped-0022_23-11-0716-16STUDIO_M17527_WEB-600x400.jpg",600,400,true],"portfolio_item-thumbnail@2x":["https:\/\/studio-zebre.com\/site\/wp-content\/uploads\/2024\/08\/cropped-0022_23-11-0716-16STUDIO_M17527_WEB-1200x800.jpg",1200,800,true],"portfolio_item-masonry":["https:\/\/studio-zebre.com\/site\/wp-content\/uploads\/2024\/08\/cropped-0022_23-11-0716-16STUDIO_M17527_WEB-600x360.jpg",600,360,true],"portfolio_item-masonry@2x":["https:\/\/studio-zebre.com\/site\/wp-content\/uploads\/2024\/08\/cropped-0022_23-11-0716-16STUDIO_M17527_WEB-1200x719.jpg",1200,719,true],"portfolio_item-thumbnail_cinema":["https:\/\/studio-zebre.com\/site\/wp-content\/uploads\/2024\/08\/cropped-0022_23-11-0716-16STUDIO_M17527_WEB-800x335.jpg",800,335,true],"portfolio_item-thumbnail_portrait":["https:\/\/studio-zebre.com\/site\/wp-content\/uploads\/2024\/08\/cropped-0022_23-11-0716-16STUDIO_M17527_WEB-600x900.jpg",600,900,true],"portfolio_item-thumbnail_portrait@2x":["https:\/\/studio-zebre.com\/site\/wp-content\/uploads\/2024\/08\/cropped-0022_23-11-0716-16STUDIO_M17527_WEB-1200x1199.jpg",1200,1199,true],"portfolio_item-thumbnail_square":["https:\/\/studio-zebre.com\/site\/wp-content\/uploads\/2024\/08\/cropped-0022_23-11-0716-16STUDIO_M17527_WEB-800x800.jpg",800,800,true]},"_links":{"self":[{"href":"https:\/\/studio-zebre.com\/site\/wp-json\/wp\/v2\/pages\/3881","targetHints":{"allow":["GET"]}}],"collection":[{"href":"https:\/\/studio-zebre.com\/site\/wp-json\/wp\/v2\/pages"}],"about":[{"href":"https:\/\/studio-zebre.com\/site\/wp-json\/wp\/v2\/types\/page"}],"author":[{"embeddable":true,"href":"https:\/\/studio-zebre.com\/site\/wp-json\/wp\/v2\/users\/1"}],"replies":[{"embeddable":true,"href":"https:\/\/studio-zebre.com\/site\/wp-json\/wp\/v2\/comments?post=3881"}],"version-history":[{"count":0,"href":"https:\/\/studio-zebre.com\/site\/wp-json\/wp\/v2\/pages\/3881\/revisions"}],"wp:featuredmedia":[{"embeddable":true,"href":"https:\/\/studio-zebre.com\/site\/wp-json\/wp\/v2\/media\/2775"}],"wp:attachment":[{"href":"https:\/\/studio-zebre.com\/site\/wp-json\/wp\/v2\/media?parent=3881"}],"curies":[{"name":"wp","href":"https:\/\/api.w.org\/{rel}","templated":true}]}}