{"id":4226,"date":"2026-02-16T12:53:51","date_gmt":"2026-02-16T10:53:51","guid":{"rendered":"https:\/\/studio-zebre.com\/site\/?page_id=4226"},"modified":"2026-02-17T14:51:43","modified_gmt":"2026-02-17T12:51:43","slug":"enregistrer-une-batterie","status":"publish","type":"page","link":"https:\/\/studio-zebre.com\/site\/enregistrer-une-batterie\/","title":{"rendered":"ENREGISTRER UNE BATTERIE"},"content":{"rendered":"\n<h2 class=\"wp-block-heading\"><strong>ENREGISTRER UNE BATTERIE<\/strong><\/h2>\n\n\n\n<p><strong>PROCHAINE FORMATION :<\/strong><br \/><strong>Aucune date pr\u00e9vue, contactez nous pour organiser cela !<\/strong><br \/><\/p>\n\n\n\n<div class=\"wp-block-columns is-layout-flex wp-container-core-columns-is-layout-28f84493 wp-block-columns-is-layout-flex\">\n<div class=\"wp-block-column is-layout-flow wp-block-column-is-layout-flow\">\n<p><strong>Public :<\/strong> musiciens et techniciens.<br \/><strong>Lieu :<\/strong> Studio Le Z\u00e8bre 68 rue des Granges 25000 Besan\u00e7on.<br \/><strong>Parking \u00e0 proximit\u00e9<\/strong> : <a href=\"https:\/\/maps.app.goo.gl\/et7CY2krZAgt7pXM9\" target=\"_blank\" rel=\"noreferrer noopener\">La Rodia<\/a>, <a href=\"https:\/\/maps.app.goo.gl\/3Lmc1hb8H38ZDhMc9\" target=\"_blank\" rel=\"noreferrer noopener\">Saint Paul<\/a>.<br \/><strong>Formateur :<\/strong> <a href=\"https:\/\/credits.muso.ai\/profile\/79278f9e-7636-4913-af7a-c924135774b7\" target=\"_blank\" rel=\"noreferrer noopener\">Flavien Van Landuyt<\/a><br \/><strong>Prix :<\/strong> 170\u20ac, paiement avant le 30 novembre.<br \/><strong>Horaire :<\/strong> de 09h \u00e0 13h et de 14h \u00e0 18h.<br \/>Possibilit\u00e9 de manger sur place (repas non compris), de nombreux \u00e9tablissements aux alentours proposent des plats \u00e0 emporter.<\/p>\n\n\n\n<div style=\"height:13px\" aria-hidden=\"true\" class=\"wp-block-spacer\"><\/div>\n\n\n\n<p class=\"has-medium-font-size\"><strong>Contenu de la formation<\/strong><\/p>\n\n\n\n<p><strong>JOUR 1<\/strong><br \/>Accueil et pr\u00e9sentation (30m)<br \/><br \/><strong>1. Le son de l&rsquo;instrument<\/strong> (2h)<br \/>&#8211; La lutherie (nombre de plis, les diff\u00e9rentes essences de bois)<br \/>&#8211; Les diff\u00e9rents types de peaux et de sourdines<br \/>&#8211; Accordage : principe, tunebot<br \/>&#8211; Les cymbales&nbsp;<br \/>&#8211; Les baguettes (+fagots, mailloches)<\/p>\n\n\n\n<p><strong>2. La pr\u00e9-production : pr\u00e9parer sa s\u00e9ance<\/strong> (2h)<br \/>&#8211; \u00c9coute&nbsp;<br \/>&#8211; D\u00e9finition du projet&nbsp;<br \/>&#8211; Mise en perspective technique&nbsp;<br \/>&#8211; Postulats de travail&nbsp;et d\u00e9cisions technico artistiques<\/p>\n\n\n\n<p><strong>3. Choix et placement des microphones<\/strong> (2h)<br \/>&#8211; Diff\u00e9rents types de microphones<br \/>&#8211; Les placements possibles<br \/>&#8211; La diaphonie<br \/>&#8211; L&rsquo;incidence de la pi\u00e8ce (Room et gobos)<br \/>&#8211; Connaissance et gestion des probl\u00e8mes de phase<br \/>&#8211; La st\u00e9r\u00e9ophonie, pourquoi ? comment ?<br \/>&#8211; La pr\u00e9 amplification<\/p>\n\n\n\n<p><strong>4. Pr\u00e9parer la session<\/strong> <strong>d\u2019enregistrement<\/strong> (1h30)<br \/>&#8211; Informatique&nbsp;(gestion des fichiers et bonnes habitudes \u00e0 prendre)<br \/>&#8211; Cheminement du signal<br \/>&#8211; Le gain staging<br \/>&#8211; Traitement du signal&nbsp;<br \/>&#8211; Les bonnes habitudes : marqueurs, punch in, etc<br \/>&#8211; Le clic<br \/>&#8211; Le casque<br \/><\/p>\n\n\n\n<p><strong>JOUR 2<\/strong><br \/>Accueil + Q\/R acquis de la veille (1h)<br \/><br \/><strong>5. <\/strong><strong>La production : Enregistrement et Montage<\/strong> (3h)<br \/>&#8211; \u00c9change avec le batteur&nbsp;<br \/>&#8211; Gestion des prises<br \/>&#8211; \u00c9coute<br \/>&#8211; Montage&nbsp;<\/p>\n\n\n\n<p><strong>6. La post-production :&nbsp;\u00c9dition et pr\u00e9-mixage<\/strong> (4h)<br \/>&#8211; Nettoyage des pistes<br \/>&#8211; \u00c9dition<br \/>&#8211; Quantisation<br \/>&#8211; Trigg<br \/>&#8211; Dynamique<br \/>&#8211; \u00c9galisation<br \/>&#8211; Drum bus<br \/>&#8211; Effets<\/p>\n\n\n\n<p><strong>DATES PASS\u00c9ES :<\/strong><br \/>Les 13 et 14 d\u00e9cembre 2025 (compl\u00e8te)<br \/>Les 10 et 11 janvier 2026 (compl\u00e8te)<\/p>\n<\/div>\n\n\n\n<div class=\"wp-block-column is-layout-flow wp-block-column-is-layout-flow\">\n<figure data-wp-context=\"{&quot;imageId&quot;:&quot;69e07589486e7&quot;}\" data-wp-interactive=\"core\/image\" class=\"wp-block-image aligncenter size-large is-resized wp-lightbox-container\"><img loading=\"lazy\" decoding=\"async\" width=\"819\" height=\"1024\" data-wp-class--hide=\"state.isContentHidden\" data-wp-class--show=\"state.isContentVisible\" data-wp-init=\"callbacks.setButtonStyles\" data-wp-on-async--click=\"actions.showLightbox\" data-wp-on-async--load=\"callbacks.setButtonStyles\" data-wp-on-async-window--resize=\"callbacks.setButtonStyles\" src=\"https:\/\/studio-zebre.com\/site\/wp-content\/uploads\/2025\/10\/LEZEBRE_RESEAUX-819x1024.png\" alt=\"\" class=\"wp-image-4205\" style=\"width:300px\" srcset=\"https:\/\/studio-zebre.com\/site\/wp-content\/uploads\/2025\/10\/LEZEBRE_RESEAUX-819x1024.png 819w, https:\/\/studio-zebre.com\/site\/wp-content\/uploads\/2025\/10\/LEZEBRE_RESEAUX-240x300.png 240w, https:\/\/studio-zebre.com\/site\/wp-content\/uploads\/2025\/10\/LEZEBRE_RESEAUX.png 1080w\" sizes=\"auto, (max-width: 819px) 100vw, 819px\" \/><button\n\t\t\tclass=\"lightbox-trigger\"\n\t\t\ttype=\"button\"\n\t\t\taria-haspopup=\"dialog\"\n\t\t\taria-label=\"Agrandir\"\n\t\t\tdata-wp-init=\"callbacks.initTriggerButton\"\n\t\t\tdata-wp-on-async--click=\"actions.showLightbox\"\n\t\t\tdata-wp-style--right=\"state.imageButtonRight\"\n\t\t\tdata-wp-style--top=\"state.imageButtonTop\"\n\t\t>\n\t\t\t<svg xmlns=\"http:\/\/www.w3.org\/2000\/svg\" width=\"12\" height=\"12\" fill=\"none\" viewBox=\"0 0 12 12\">\n\t\t\t\t<path fill=\"#fff\" d=\"M2 0a2 2 0 0 0-2 2v2h1.5V2a.5.5 0 0 1 .5-.5h2V0H2Zm2 10.5H2a.5.5 0 0 1-.5-.5V8H0v2a2 2 0 0 0 2 2h2v-1.5ZM8 12v-1.5h2a.5.5 0 0 0 .5-.5V8H12v2a2 2 0 0 1-2 2H8Zm2-12a2 2 0 0 1 2 2v2h-1.5V2a.5.5 0 0 0-.5-.5H8V0h2Z\" \/>\n\t\t\t<\/svg>\n\t\t<\/button><figcaption class=\"wp-element-caption\"><a href=\"https:\/\/drive.google.com\/open?id=1Pc-DyBV0fxXlkXjJKFMRlBKNTvPNJcmt&amp;usp=drive_fs\" target=\"_blank\" rel=\"noreferrer noopener\">T\u00e9l\u00e9charger le fly ici<\/a><\/figcaption><\/figure>\n\n\n\n<figure data-wp-context=\"{&quot;imageId&quot;:&quot;69e0758948bd0&quot;}\" data-wp-interactive=\"core\/image\" class=\"wp-block-image aligncenter size-large is-resized wp-lightbox-container\"><img loading=\"lazy\" decoding=\"async\" width=\"1024\" height=\"683\" data-wp-class--hide=\"state.isContentHidden\" data-wp-class--show=\"state.isContentVisible\" data-wp-init=\"callbacks.setButtonStyles\" data-wp-on-async--click=\"actions.showLightbox\" data-wp-on-async--load=\"callbacks.setButtonStyles\" data-wp-on-async-window--resize=\"callbacks.setButtonStyles\" src=\"https:\/\/studio-zebre.com\/site\/wp-content\/uploads\/2024\/08\/0022_23-11-0716-16STUDIO_M17527_WEB-1024x683.jpg\" alt=\"\" class=\"wp-image-2759\" style=\"width:300px\" srcset=\"https:\/\/studio-zebre.com\/site\/wp-content\/uploads\/2024\/08\/0022_23-11-0716-16STUDIO_M17527_WEB-1024x683.jpg 1024w, https:\/\/studio-zebre.com\/site\/wp-content\/uploads\/2024\/08\/0022_23-11-0716-16STUDIO_M17527_WEB-300x200.jpg 300w, https:\/\/studio-zebre.com\/site\/wp-content\/uploads\/2024\/08\/0022_23-11-0716-16STUDIO_M17527_WEB.jpg 1600w\" sizes=\"auto, (max-width: 1024px) 100vw, 1024px\" \/><button\n\t\t\tclass=\"lightbox-trigger\"\n\t\t\ttype=\"button\"\n\t\t\taria-haspopup=\"dialog\"\n\t\t\taria-label=\"Agrandir\"\n\t\t\tdata-wp-init=\"callbacks.initTriggerButton\"\n\t\t\tdata-wp-on-async--click=\"actions.showLightbox\"\n\t\t\tdata-wp-style--right=\"state.imageButtonRight\"\n\t\t\tdata-wp-style--top=\"state.imageButtonTop\"\n\t\t>\n\t\t\t<svg xmlns=\"http:\/\/www.w3.org\/2000\/svg\" width=\"12\" height=\"12\" fill=\"none\" viewBox=\"0 0 12 12\">\n\t\t\t\t<path fill=\"#fff\" d=\"M2 0a2 2 0 0 0-2 2v2h1.5V2a.5.5 0 0 1 .5-.5h2V0H2Zm2 10.5H2a.5.5 0 0 1-.5-.5V8H0v2a2 2 0 0 0 2 2h2v-1.5ZM8 12v-1.5h2a.5.5 0 0 0 .5-.5V8H12v2a2 2 0 0 1-2 2H8Zm2-12a2 2 0 0 1 2 2v2h-1.5V2a.5.5 0 0 0-.5-.5H8V0h2Z\" \/>\n\t\t\t<\/svg>\n\t\t<\/button><\/figure>\n\n\n\n<figure data-wp-context=\"{&quot;imageId&quot;:&quot;69e0758948ff9&quot;}\" data-wp-interactive=\"core\/image\" class=\"wp-block-image aligncenter size-large is-resized wp-lightbox-container\"><img loading=\"lazy\" decoding=\"async\" width=\"683\" height=\"1024\" data-wp-class--hide=\"state.isContentHidden\" data-wp-class--show=\"state.isContentVisible\" data-wp-init=\"callbacks.setButtonStyles\" data-wp-on-async--click=\"actions.showLightbox\" data-wp-on-async--load=\"callbacks.setButtonStyles\" data-wp-on-async-window--resize=\"callbacks.setButtonStyles\" src=\"https:\/\/studio-zebre.com\/site\/wp-content\/uploads\/2024\/12\/0001_23-11-0715-19STUDIO_M17495_WEB-683x1024.jpg\" alt=\"\" class=\"wp-image-3095\" style=\"width:300px\" srcset=\"https:\/\/studio-zebre.com\/site\/wp-content\/uploads\/2024\/12\/0001_23-11-0715-19STUDIO_M17495_WEB-683x1024.jpg 683w, https:\/\/studio-zebre.com\/site\/wp-content\/uploads\/2024\/12\/0001_23-11-0715-19STUDIO_M17495_WEB-200x300.jpg 200w, https:\/\/studio-zebre.com\/site\/wp-content\/uploads\/2024\/12\/0001_23-11-0715-19STUDIO_M17495_WEB.jpg 1280w\" sizes=\"auto, (max-width: 683px) 100vw, 683px\" \/><button\n\t\t\tclass=\"lightbox-trigger\"\n\t\t\ttype=\"button\"\n\t\t\taria-haspopup=\"dialog\"\n\t\t\taria-label=\"Agrandir\"\n\t\t\tdata-wp-init=\"callbacks.initTriggerButton\"\n\t\t\tdata-wp-on-async--click=\"actions.showLightbox\"\n\t\t\tdata-wp-style--right=\"state.imageButtonRight\"\n\t\t\tdata-wp-style--top=\"state.imageButtonTop\"\n\t\t>\n\t\t\t<svg xmlns=\"http:\/\/www.w3.org\/2000\/svg\" width=\"12\" height=\"12\" fill=\"none\" viewBox=\"0 0 12 12\">\n\t\t\t\t<path fill=\"#fff\" d=\"M2 0a2 2 0 0 0-2 2v2h1.5V2a.5.5 0 0 1 .5-.5h2V0H2Zm2 10.5H2a.5.5 0 0 1-.5-.5V8H0v2a2 2 0 0 0 2 2h2v-1.5ZM8 12v-1.5h2a.5.5 0 0 0 .5-.5V8H12v2a2 2 0 0 1-2 2H8Zm2-12a2 2 0 0 1 2 2v2h-1.5V2a.5.5 0 0 0-.5-.5H8V0h2Z\" \/>\n\t\t\t<\/svg>\n\t\t<\/button><\/figure>\n\n\n\n<figure data-wp-context=\"{&quot;imageId&quot;:&quot;69e0758949406&quot;}\" data-wp-interactive=\"core\/image\" class=\"wp-block-image aligncenter size-large is-resized wp-lightbox-container\"><img loading=\"lazy\" decoding=\"async\" width=\"1024\" height=\"683\" data-wp-class--hide=\"state.isContentHidden\" data-wp-class--show=\"state.isContentVisible\" data-wp-init=\"callbacks.setButtonStyles\" data-wp-on-async--click=\"actions.showLightbox\" data-wp-on-async--load=\"callbacks.setButtonStyles\" data-wp-on-async-window--resize=\"callbacks.setButtonStyles\" src=\"https:\/\/studio-zebre.com\/site\/wp-content\/uploads\/2024\/08\/0019_23-11-0716-09STUDIO_M17512_WEB-1-1024x683.jpg\" alt=\"\" class=\"wp-image-2755\" style=\"width:300px\" srcset=\"https:\/\/studio-zebre.com\/site\/wp-content\/uploads\/2024\/08\/0019_23-11-0716-09STUDIO_M17512_WEB-1-1024x683.jpg 1024w, https:\/\/studio-zebre.com\/site\/wp-content\/uploads\/2024\/08\/0019_23-11-0716-09STUDIO_M17512_WEB-1-300x200.jpg 300w, https:\/\/studio-zebre.com\/site\/wp-content\/uploads\/2024\/08\/0019_23-11-0716-09STUDIO_M17512_WEB-1.jpg 1600w\" sizes=\"auto, (max-width: 1024px) 100vw, 1024px\" \/><button\n\t\t\tclass=\"lightbox-trigger\"\n\t\t\ttype=\"button\"\n\t\t\taria-haspopup=\"dialog\"\n\t\t\taria-label=\"Agrandir\"\n\t\t\tdata-wp-init=\"callbacks.initTriggerButton\"\n\t\t\tdata-wp-on-async--click=\"actions.showLightbox\"\n\t\t\tdata-wp-style--right=\"state.imageButtonRight\"\n\t\t\tdata-wp-style--top=\"state.imageButtonTop\"\n\t\t>\n\t\t\t<svg xmlns=\"http:\/\/www.w3.org\/2000\/svg\" width=\"12\" height=\"12\" fill=\"none\" viewBox=\"0 0 12 12\">\n\t\t\t\t<path fill=\"#fff\" d=\"M2 0a2 2 0 0 0-2 2v2h1.5V2a.5.5 0 0 1 .5-.5h2V0H2Zm2 10.5H2a.5.5 0 0 1-.5-.5V8H0v2a2 2 0 0 0 2 2h2v-1.5ZM8 12v-1.5h2a.5.5 0 0 0 .5-.5V8H12v2a2 2 0 0 1-2 2H8Zm2-12a2 2 0 0 1 2 2v2h-1.5V2a.5.5 0 0 0-.5-.5H8V0h2Z\" \/>\n\t\t\t<\/svg>\n\t\t<\/button><\/figure>\n\n\n\n<figure data-wp-context=\"{&quot;imageId&quot;:&quot;69e07589498d6&quot;}\" data-wp-interactive=\"core\/image\" class=\"wp-block-image aligncenter size-large is-resized wp-lightbox-container\"><img loading=\"lazy\" decoding=\"async\" width=\"1024\" height=\"683\" data-wp-class--hide=\"state.isContentHidden\" data-wp-class--show=\"state.isContentVisible\" data-wp-init=\"callbacks.setButtonStyles\" data-wp-on-async--click=\"actions.showLightbox\" data-wp-on-async--load=\"callbacks.setButtonStyles\" data-wp-on-async-window--resize=\"callbacks.setButtonStyles\" src=\"https:\/\/studio-zebre.com\/site\/wp-content\/uploads\/2024\/08\/0031_23-11-0717-05STUDIO_M17524_WEB-1024x683.jpg\" alt=\"\" class=\"wp-image-2989\" style=\"width:300px\" srcset=\"https:\/\/studio-zebre.com\/site\/wp-content\/uploads\/2024\/08\/0031_23-11-0717-05STUDIO_M17524_WEB-1024x683.jpg 1024w, https:\/\/studio-zebre.com\/site\/wp-content\/uploads\/2024\/08\/0031_23-11-0717-05STUDIO_M17524_WEB-300x200.jpg 300w, https:\/\/studio-zebre.com\/site\/wp-content\/uploads\/2024\/08\/0031_23-11-0717-05STUDIO_M17524_WEB-1536x1024.jpg 1536w, https:\/\/studio-zebre.com\/site\/wp-content\/uploads\/2024\/08\/0031_23-11-0717-05STUDIO_M17524_WEB-600x400.jpg 600w, https:\/\/studio-zebre.com\/site\/wp-content\/uploads\/2024\/08\/0031_23-11-0717-05STUDIO_M17524_WEB-1200x800.jpg 1200w, https:\/\/studio-zebre.com\/site\/wp-content\/uploads\/2024\/08\/0031_23-11-0717-05STUDIO_M17524_WEB.jpg 1600w\" sizes=\"auto, (max-width: 1024px) 100vw, 1024px\" \/><button\n\t\t\tclass=\"lightbox-trigger\"\n\t\t\ttype=\"button\"\n\t\t\taria-haspopup=\"dialog\"\n\t\t\taria-label=\"Agrandir\"\n\t\t\tdata-wp-init=\"callbacks.initTriggerButton\"\n\t\t\tdata-wp-on-async--click=\"actions.showLightbox\"\n\t\t\tdata-wp-style--right=\"state.imageButtonRight\"\n\t\t\tdata-wp-style--top=\"state.imageButtonTop\"\n\t\t>\n\t\t\t<svg xmlns=\"http:\/\/www.w3.org\/2000\/svg\" width=\"12\" height=\"12\" fill=\"none\" viewBox=\"0 0 12 12\">\n\t\t\t\t<path fill=\"#fff\" d=\"M2 0a2 2 0 0 0-2 2v2h1.5V2a.5.5 0 0 1 .5-.5h2V0H2Zm2 10.5H2a.5.5 0 0 1-.5-.5V8H0v2a2 2 0 0 0 2 2h2v-1.5ZM8 12v-1.5h2a.5.5 0 0 0 .5-.5V8H12v2a2 2 0 0 1-2 2H8Zm2-12a2 2 0 0 1 2 2v2h-1.5V2a.5.5 0 0 0-.5-.5H8V0h2Z\" \/>\n\t\t\t<\/svg>\n\t\t<\/button><\/figure>\n<\/div>\n<\/div>\n\n\n\n<p><\/p>\n","protected":false},"excerpt":{"rendered":"<p>ENREGISTRER UNE BATTERIE PROCHAINE FORMATION :Aucune date pr\u00e9vue, contactez nous pour organiser cela ! Public : musiciens et techniciens.Lieu : Studio Le Z\u00e8bre 68 rue des Granges 25000 Besan\u00e7on.Parking \u00e0 proximit\u00e9 : La Rodia, Saint Paul.Formateur : Flavien Van LanduytPrix : 170\u20ac, paiement avant le 30 novembre.Horaire : de 09h \u00e0 13h et de 14h &hellip; <\/p>\n<p class=\"link-more\"><a href=\"https:\/\/studio-zebre.com\/site\/enregistrer-une-batterie\/\" class=\"more-link\">Lire la suite de<span class=\"screen-reader-text\">\u00ab\u00a0ENREGISTRER UNE BATTERIE\u00a0\u00bb<\/span><\/a><\/p>\n","protected":false},"author":1,"featured_media":4273,"parent":0,"menu_order":0,"comment_status":"closed","ping_status":"closed","template":"","meta":{"footnotes":""},"class_list":["post-4226","page","type-page","status-publish","has-post-thumbnail","hentry"],"yoast_head":"<!-- This site is optimized with the Yoast SEO plugin v27.4 - https:\/\/yoast.com\/product\/yoast-seo-wordpress\/ -->\n<title>ENREGISTRER UNE BATTERIE - Studio Le Z\u00e8bre<\/title>\n<meta name=\"description\" content=\"Studio Le Z\u00e8bre, Besan\u00e7on, enregistrement, mixage, mastering\" \/>\n<meta name=\"robots\" content=\"index, follow, max-snippet:-1, max-image-preview:large, max-video-preview:-1\" \/>\n<link rel=\"canonical\" href=\"https:\/\/studio-zebre.com\/site\/enregistrer-une-batterie\/\" \/>\n<meta property=\"og:locale\" content=\"fr_FR\" \/>\n<meta property=\"og:type\" content=\"article\" \/>\n<meta property=\"og:title\" content=\"ENREGISTRER UNE BATTERIE - Studio Le Z\u00e8bre\" \/>\n<meta property=\"og:description\" content=\"Studio Le Z\u00e8bre, Besan\u00e7on, enregistrement, mixage, mastering\" \/>\n<meta property=\"og:url\" content=\"https:\/\/studio-zebre.com\/site\/enregistrer-une-batterie\/\" \/>\n<meta property=\"og:site_name\" content=\"Studio Le Z\u00e8bre\" \/>\n<meta property=\"article:publisher\" content=\"https:\/\/www.facebook.com\/studiolezebre\" \/>\n<meta property=\"article:modified_time\" content=\"2026-02-17T12:51:43+00:00\" \/>\n<meta property=\"og:image\" content=\"https:\/\/studio-zebre.com\/site\/wp-content\/uploads\/2026\/02\/LE_ZEBRE_DRUM-BANIERE.png\" \/>\n\t<meta property=\"og:image:width\" content=\"1080\" \/>\n\t<meta property=\"og:image:height\" content=\"508\" \/>\n\t<meta property=\"og:image:type\" content=\"image\/png\" \/>\n<meta name=\"twitter:label1\" content=\"Dur\u00e9e de lecture estim\u00e9e\" \/>\n\t<meta name=\"twitter:data1\" content=\"3 minutes\" \/>\n<script type=\"application\/ld+json\" class=\"yoast-schema-graph\">{\"@context\":\"https:\\\/\\\/schema.org\",\"@graph\":[{\"@type\":\"WebPage\",\"@id\":\"https:\\\/\\\/studio-zebre.com\\\/site\\\/enregistrer-une-batterie\\\/\",\"url\":\"https:\\\/\\\/studio-zebre.com\\\/site\\\/enregistrer-une-batterie\\\/\",\"name\":\"ENREGISTRER UNE BATTERIE - Studio Le Z\u00e8bre\",\"isPartOf\":{\"@id\":\"https:\\\/\\\/studio-zebre.com\\\/site\\\/#website\"},\"primaryImageOfPage\":{\"@id\":\"https:\\\/\\\/studio-zebre.com\\\/site\\\/enregistrer-une-batterie\\\/#primaryimage\"},\"image\":{\"@id\":\"https:\\\/\\\/studio-zebre.com\\\/site\\\/enregistrer-une-batterie\\\/#primaryimage\"},\"thumbnailUrl\":\"https:\\\/\\\/studio-zebre.com\\\/site\\\/wp-content\\\/uploads\\\/2026\\\/02\\\/LE_ZEBRE_DRUM-BANIERE.png\",\"datePublished\":\"2026-02-16T10:53:51+00:00\",\"dateModified\":\"2026-02-17T12:51:43+00:00\",\"description\":\"Studio Le Z\u00e8bre, Besan\u00e7on, enregistrement, mixage, mastering\",\"breadcrumb\":{\"@id\":\"https:\\\/\\\/studio-zebre.com\\\/site\\\/enregistrer-une-batterie\\\/#breadcrumb\"},\"inLanguage\":\"fr-FR\",\"potentialAction\":[{\"@type\":\"ReadAction\",\"target\":[\"https:\\\/\\\/studio-zebre.com\\\/site\\\/enregistrer-une-batterie\\\/\"]}]},{\"@type\":\"ImageObject\",\"inLanguage\":\"fr-FR\",\"@id\":\"https:\\\/\\\/studio-zebre.com\\\/site\\\/enregistrer-une-batterie\\\/#primaryimage\",\"url\":\"https:\\\/\\\/studio-zebre.com\\\/site\\\/wp-content\\\/uploads\\\/2026\\\/02\\\/LE_ZEBRE_DRUM-BANIERE.png\",\"contentUrl\":\"https:\\\/\\\/studio-zebre.com\\\/site\\\/wp-content\\\/uploads\\\/2026\\\/02\\\/LE_ZEBRE_DRUM-BANIERE.png\",\"width\":1080,\"height\":508},{\"@type\":\"BreadcrumbList\",\"@id\":\"https:\\\/\\\/studio-zebre.com\\\/site\\\/enregistrer-une-batterie\\\/#breadcrumb\",\"itemListElement\":[{\"@type\":\"ListItem\",\"position\":1,\"name\":\"Home\",\"item\":\"https:\\\/\\\/studio-zebre.com\\\/site\\\/\"},{\"@type\":\"ListItem\",\"position\":2,\"name\":\"ENREGISTRER UNE BATTERIE\"}]},{\"@type\":\"WebSite\",\"@id\":\"https:\\\/\\\/studio-zebre.com\\\/site\\\/#website\",\"url\":\"https:\\\/\\\/studio-zebre.com\\\/site\\\/\",\"name\":\"Studio Le Z\u00e8bre\",\"description\":\"Sp\u00e9cialis\u00e9 dans l&#039;enregistrement musical depuis 1999 \u00e0 Besan\u00e7on.\",\"potentialAction\":[{\"@type\":\"SearchAction\",\"target\":{\"@type\":\"EntryPoint\",\"urlTemplate\":\"https:\\\/\\\/studio-zebre.com\\\/site\\\/?s={search_term_string}\"},\"query-input\":{\"@type\":\"PropertyValueSpecification\",\"valueRequired\":true,\"valueName\":\"search_term_string\"}}],\"inLanguage\":\"fr-FR\"}]}<\/script>\n<!-- \/ Yoast SEO plugin. -->","yoast_head_json":{"title":"ENREGISTRER UNE BATTERIE - Studio Le Z\u00e8bre","description":"Studio Le Z\u00e8bre, Besan\u00e7on, enregistrement, mixage, mastering","robots":{"index":"index","follow":"follow","max-snippet":"max-snippet:-1","max-image-preview":"max-image-preview:large","max-video-preview":"max-video-preview:-1"},"canonical":"https:\/\/studio-zebre.com\/site\/enregistrer-une-batterie\/","og_locale":"fr_FR","og_type":"article","og_title":"ENREGISTRER UNE BATTERIE - Studio Le Z\u00e8bre","og_description":"Studio Le Z\u00e8bre, Besan\u00e7on, enregistrement, mixage, mastering","og_url":"https:\/\/studio-zebre.com\/site\/enregistrer-une-batterie\/","og_site_name":"Studio Le Z\u00e8bre","article_publisher":"https:\/\/www.facebook.com\/studiolezebre","article_modified_time":"2026-02-17T12:51:43+00:00","og_image":[{"width":1080,"height":508,"url":"https:\/\/studio-zebre.com\/site\/wp-content\/uploads\/2026\/02\/LE_ZEBRE_DRUM-BANIERE.png","type":"image\/png"}],"twitter_misc":{"Dur\u00e9e de lecture estim\u00e9e":"3 minutes"},"schema":{"@context":"https:\/\/schema.org","@graph":[{"@type":"WebPage","@id":"https:\/\/studio-zebre.com\/site\/enregistrer-une-batterie\/","url":"https:\/\/studio-zebre.com\/site\/enregistrer-une-batterie\/","name":"ENREGISTRER UNE BATTERIE - Studio Le Z\u00e8bre","isPartOf":{"@id":"https:\/\/studio-zebre.com\/site\/#website"},"primaryImageOfPage":{"@id":"https:\/\/studio-zebre.com\/site\/enregistrer-une-batterie\/#primaryimage"},"image":{"@id":"https:\/\/studio-zebre.com\/site\/enregistrer-une-batterie\/#primaryimage"},"thumbnailUrl":"https:\/\/studio-zebre.com\/site\/wp-content\/uploads\/2026\/02\/LE_ZEBRE_DRUM-BANIERE.png","datePublished":"2026-02-16T10:53:51+00:00","dateModified":"2026-02-17T12:51:43+00:00","description":"Studio Le Z\u00e8bre, Besan\u00e7on, enregistrement, mixage, mastering","breadcrumb":{"@id":"https:\/\/studio-zebre.com\/site\/enregistrer-une-batterie\/#breadcrumb"},"inLanguage":"fr-FR","potentialAction":[{"@type":"ReadAction","target":["https:\/\/studio-zebre.com\/site\/enregistrer-une-batterie\/"]}]},{"@type":"ImageObject","inLanguage":"fr-FR","@id":"https:\/\/studio-zebre.com\/site\/enregistrer-une-batterie\/#primaryimage","url":"https:\/\/studio-zebre.com\/site\/wp-content\/uploads\/2026\/02\/LE_ZEBRE_DRUM-BANIERE.png","contentUrl":"https:\/\/studio-zebre.com\/site\/wp-content\/uploads\/2026\/02\/LE_ZEBRE_DRUM-BANIERE.png","width":1080,"height":508},{"@type":"BreadcrumbList","@id":"https:\/\/studio-zebre.com\/site\/enregistrer-une-batterie\/#breadcrumb","itemListElement":[{"@type":"ListItem","position":1,"name":"Home","item":"https:\/\/studio-zebre.com\/site\/"},{"@type":"ListItem","position":2,"name":"ENREGISTRER UNE BATTERIE"}]},{"@type":"WebSite","@id":"https:\/\/studio-zebre.com\/site\/#website","url":"https:\/\/studio-zebre.com\/site\/","name":"Studio Le Z\u00e8bre","description":"Sp\u00e9cialis\u00e9 dans l&#039;enregistrement musical depuis 1999 \u00e0 Besan\u00e7on.","potentialAction":[{"@type":"SearchAction","target":{"@type":"EntryPoint","urlTemplate":"https:\/\/studio-zebre.com\/site\/?s={search_term_string}"},"query-input":{"@type":"PropertyValueSpecification","valueRequired":true,"valueName":"search_term_string"}}],"inLanguage":"fr-FR"}]}},"featured_media_urls":{"thumbnail":["https:\/\/studio-zebre.com\/site\/wp-content\/uploads\/2026\/02\/LE_ZEBRE_DRUM-BANIERE-150x150.png",150,150,true],"medium":["https:\/\/studio-zebre.com\/site\/wp-content\/uploads\/2026\/02\/LE_ZEBRE_DRUM-BANIERE-300x141.png",300,141,true],"medium_large":["https:\/\/studio-zebre.com\/site\/wp-content\/uploads\/2026\/02\/LE_ZEBRE_DRUM-BANIERE.png",768,361,false],"large":["https:\/\/studio-zebre.com\/site\/wp-content\/uploads\/2026\/02\/LE_ZEBRE_DRUM-BANIERE-1024x482.png",950,447,true],"1536x1536":["https:\/\/studio-zebre.com\/site\/wp-content\/uploads\/2026\/02\/LE_ZEBRE_DRUM-BANIERE.png",1080,508,false],"2048x2048":["https:\/\/studio-zebre.com\/site\/wp-content\/uploads\/2026\/02\/LE_ZEBRE_DRUM-BANIERE.png",1080,508,false],"inspiro-featured-image":["https:\/\/studio-zebre.com\/site\/wp-content\/uploads\/2026\/02\/LE_ZEBRE_DRUM-BANIERE.png",1080,508,false],"inspiro-loop":["https:\/\/studio-zebre.com\/site\/wp-content\/uploads\/2026\/02\/LE_ZEBRE_DRUM-BANIERE-950x320.png",950,320,true],"inspiro-loop@2x":["https:\/\/studio-zebre.com\/site\/wp-content\/uploads\/2026\/02\/LE_ZEBRE_DRUM-BANIERE.png",1080,508,false],"portfolio_item-thumbnail":["https:\/\/studio-zebre.com\/site\/wp-content\/uploads\/2026\/02\/LE_ZEBRE_DRUM-BANIERE-600x400.png",600,400,true],"portfolio_item-thumbnail@2x":["https:\/\/studio-zebre.com\/site\/wp-content\/uploads\/2026\/02\/LE_ZEBRE_DRUM-BANIERE.png",1080,508,false],"portfolio_item-masonry":["https:\/\/studio-zebre.com\/site\/wp-content\/uploads\/2026\/02\/LE_ZEBRE_DRUM-BANIERE-600x282.png",600,282,true],"portfolio_item-masonry@2x":["https:\/\/studio-zebre.com\/site\/wp-content\/uploads\/2026\/02\/LE_ZEBRE_DRUM-BANIERE.png",1080,508,false],"portfolio_item-thumbnail_cinema":["https:\/\/studio-zebre.com\/site\/wp-content\/uploads\/2026\/02\/LE_ZEBRE_DRUM-BANIERE-800x335.png",800,335,true],"portfolio_item-thumbnail_portrait":["https:\/\/studio-zebre.com\/site\/wp-content\/uploads\/2026\/02\/LE_ZEBRE_DRUM-BANIERE-600x508.png",600,508,true],"portfolio_item-thumbnail_portrait@2x":["https:\/\/studio-zebre.com\/site\/wp-content\/uploads\/2026\/02\/LE_ZEBRE_DRUM-BANIERE.png",1080,508,false],"portfolio_item-thumbnail_square":["https:\/\/studio-zebre.com\/site\/wp-content\/uploads\/2026\/02\/LE_ZEBRE_DRUM-BANIERE-800x508.png",800,508,true]},"_links":{"self":[{"href":"https:\/\/studio-zebre.com\/site\/wp-json\/wp\/v2\/pages\/4226","targetHints":{"allow":["GET"]}}],"collection":[{"href":"https:\/\/studio-zebre.com\/site\/wp-json\/wp\/v2\/pages"}],"about":[{"href":"https:\/\/studio-zebre.com\/site\/wp-json\/wp\/v2\/types\/page"}],"author":[{"embeddable":true,"href":"https:\/\/studio-zebre.com\/site\/wp-json\/wp\/v2\/users\/1"}],"replies":[{"embeddable":true,"href":"https:\/\/studio-zebre.com\/site\/wp-json\/wp\/v2\/comments?post=4226"}],"version-history":[{"count":7,"href":"https:\/\/studio-zebre.com\/site\/wp-json\/wp\/v2\/pages\/4226\/revisions"}],"predecessor-version":[{"id":4236,"href":"https:\/\/studio-zebre.com\/site\/wp-json\/wp\/v2\/pages\/4226\/revisions\/4236"}],"wp:featuredmedia":[{"embeddable":true,"href":"https:\/\/studio-zebre.com\/site\/wp-json\/wp\/v2\/media\/4273"}],"wp:attachment":[{"href":"https:\/\/studio-zebre.com\/site\/wp-json\/wp\/v2\/media?parent=4226"}],"curies":[{"name":"wp","href":"https:\/\/api.w.org\/{rel}","templated":true}]}}