{"id":4245,"date":"2026-02-16T13:11:32","date_gmt":"2026-02-16T11:11:32","guid":{"rendered":"https:\/\/studio-zebre.com\/site\/?page_id=4245"},"modified":"2026-03-01T18:49:37","modified_gmt":"2026-03-01T16:49:37","slug":"enregistrer-une-guitare-electrique","status":"publish","type":"page","link":"https:\/\/studio-zebre.com\/site\/enregistrer-une-guitare-electrique\/","title":{"rendered":"ENREGISTRER UNE GUITARE ELECTRIQUE"},"content":{"rendered":"\n<h2 class=\"wp-block-heading\"><strong>ENREGISTRER UNE GUITARE ELECTRIQUE<\/strong><\/h2>\n\n\n\n<p><strong>PROCHAINE FORMATION :<\/strong> <br \/>&#8211;<strong>Les<\/strong> <strong>25 et 26 avril 2026<\/strong><br \/>&#8211;<strong>Les 9 et 10 mai 2026<\/strong><br \/><br \/>&gt;&gt;&gt; <a href=\"https:\/\/studio-zebre.com\/site\/inscription-formation\/\"><strong>INSCRIPTION ICI<\/strong><\/a> &lt;&lt;&lt;<\/p>\n\n\n\n<div class=\"wp-block-columns is-layout-flex wp-container-core-columns-is-layout-28f84493 wp-block-columns-is-layout-flex\">\n<div class=\"wp-block-column is-layout-flow wp-block-column-is-layout-flow\">\n<p><strong>Public :<\/strong> musiciens et techniciens.<br \/><strong>Lieu :<\/strong> Studio Le Z\u00e8bre 68 rue des Granges 25000 Besan\u00e7on.<br \/><strong>Parking \u00e0 proximit\u00e9<\/strong> : <a href=\"https:\/\/maps.app.goo.gl\/et7CY2krZAgt7pXM9\" target=\"_blank\" rel=\"noreferrer noopener\">La Rodia<\/a>, <a href=\"https:\/\/maps.app.goo.gl\/3Lmc1hb8H38ZDhMc9\" target=\"_blank\" rel=\"noreferrer noopener\">Saint Paul<\/a>.<br \/><strong>Formateur :<\/strong> <a href=\"https:\/\/credits.muso.ai\/profile\/79278f9e-7636-4913-af7a-c924135774b7\" target=\"_blank\" rel=\"noreferrer noopener\">Flavien Van Landuyt<\/a><br \/><strong>Prix :<\/strong> 170\u20ac, paiement avant le 31 mars.<br \/><strong>Horaire :<\/strong> de 09h \u00e0 13h et de 14h \u00e0 18h.<br \/>Possibilit\u00e9 de manger sur place (repas non compris), de nombreux \u00e9tablissements aux alentours proposent des plats \u00e0 emporter.<\/p>\n\n\n\n<div style=\"height:13px\" aria-hidden=\"true\" class=\"wp-block-spacer\"><\/div>\n\n\n\n<p class=\"has-medium-font-size\"><strong>Contenu de la formation<\/strong><\/p>\n\n\n\n<p><strong>JOUR 1<\/strong><br \/>Accueil et pr\u00e9sentation (30m)<br \/><br \/><strong>1. La pr\u00e9production : l\u2019intention musicale<\/strong> (2h)<br \/>\u2013 \u00c9coute&nbsp;<br \/>\u2013 D\u00e9finition du projet<br \/>\u2013 Mise en perspective du son<br \/>\u2013 Monophonie ou st\u00e9r\u00e9ophonie ?<br \/>\u2013 Enonc\u00e9 des options techniques<\/p>\n\n\n\n<p><strong>2. Le son de la guitare \u00e0 l\u2019ampli<\/strong> (2h)<br \/>\u2013 Fondamentale de l&rsquo;instrument et de son \u00e9lectronique<br \/>\u2013 Les p\u00e9dales d\u2019effets<br \/>\u2013 Saturation vs. Distorsion, les lampes et les transistors<br \/>\u2013 L\u2019Amplificateur et ses haut-parleurs<br \/>\u2013 l\u2019Imp\u00e9dance<\/p>\n\n\n\n<p><strong>3. Pr\u00e9parer la session<\/strong> <strong>d\u2019enregistrement<\/strong> (1h)<br \/>\u2013 Informatique (gestion des fichiers et bonnes habitudes \u00e0 prendre)<br \/>\u2013 Cheminement du signal<br \/>\u2013 Le gain staging<br \/>\u2013 Traitement du signal<br \/>\u2013 Les bonnes habitudes : marqueurs, punch in, etc<br \/>\u2013 Le clic<br \/>\u2013 Casque ou jeu aux enceintes ?<\/p>\n\n\n\n<p><strong>4. Capter un ampli guitare<\/strong> (2h)<br \/>\u2013 Les diff\u00e9rents types de microphones<br \/>\u2013 les bo\u00eetiers de direct (D.I)<br \/>\u2013 Les placements possibles et leur couplage<br \/>\u2013 Le son de la pi\u00e8ce<br \/>\u2013 La phase et l\u2019alignement temporel<br \/><\/p>\n\n\n\n<p><strong>JOUR 2<\/strong><br \/>Accueil + Q\/R acquis de la veille (1h)<br \/><br \/><strong>5. La production : Enregistrement et Montage<\/strong> (3h)<br \/>\u2013 Gestion des prises<br \/>\u2013 Produire son morceau : doublages, prise \u00e0 deux amplis<br \/>\u2013 Effets de postproduction<br \/>\u2013 Montage<\/p>\n\n\n\n<p><strong>6. La basse \u00e9lectrique  <\/strong>(3h)<br \/>&#8211; Le m\u00eame processus s&rsquo;applique t&rsquo;il ?<br \/>&#8211; Mise en application<\/p>\n<\/div>\n\n\n\n<div class=\"wp-block-column is-layout-flow wp-block-column-is-layout-flow\">\n<figure data-wp-context=\"{&quot;imageId&quot;:&quot;69e0761c36daf&quot;}\" data-wp-interactive=\"core\/image\" class=\"wp-block-image aligncenter size-large is-resized wp-lightbox-container\"><img loading=\"lazy\" decoding=\"async\" width=\"819\" height=\"1024\" data-wp-class--hide=\"state.isContentHidden\" data-wp-class--show=\"state.isContentVisible\" data-wp-init=\"callbacks.setButtonStyles\" data-wp-on-async--click=\"actions.showLightbox\" data-wp-on-async--load=\"callbacks.setButtonStyles\" data-wp-on-async-window--resize=\"callbacks.setButtonStyles\" src=\"https:\/\/studio-zebre.com\/site\/wp-content\/uploads\/2026\/02\/LE_ZEBRE_GTE_WEB-819x1024.png\" alt=\"\" class=\"wp-image-4278\" style=\"width:300px\" srcset=\"https:\/\/studio-zebre.com\/site\/wp-content\/uploads\/2026\/02\/LE_ZEBRE_GTE_WEB-819x1024.png 819w, https:\/\/studio-zebre.com\/site\/wp-content\/uploads\/2026\/02\/LE_ZEBRE_GTE_WEB-240x300.png 240w, https:\/\/studio-zebre.com\/site\/wp-content\/uploads\/2026\/02\/LE_ZEBRE_GTE_WEB.png 1080w\" sizes=\"auto, (max-width: 819px) 100vw, 819px\" \/><button\n\t\t\tclass=\"lightbox-trigger\"\n\t\t\ttype=\"button\"\n\t\t\taria-haspopup=\"dialog\"\n\t\t\taria-label=\"Agrandir\"\n\t\t\tdata-wp-init=\"callbacks.initTriggerButton\"\n\t\t\tdata-wp-on-async--click=\"actions.showLightbox\"\n\t\t\tdata-wp-style--right=\"state.imageButtonRight\"\n\t\t\tdata-wp-style--top=\"state.imageButtonTop\"\n\t\t>\n\t\t\t<svg xmlns=\"http:\/\/www.w3.org\/2000\/svg\" width=\"12\" height=\"12\" fill=\"none\" viewBox=\"0 0 12 12\">\n\t\t\t\t<path fill=\"#fff\" d=\"M2 0a2 2 0 0 0-2 2v2h1.5V2a.5.5 0 0 1 .5-.5h2V0H2Zm2 10.5H2a.5.5 0 0 1-.5-.5V8H0v2a2 2 0 0 0 2 2h2v-1.5ZM8 12v-1.5h2a.5.5 0 0 0 .5-.5V8H12v2a2 2 0 0 1-2 2H8Zm2-12a2 2 0 0 1 2 2v2h-1.5V2a.5.5 0 0 0-.5-.5H8V0h2Z\" \/>\n\t\t\t<\/svg>\n\t\t<\/button><figcaption class=\"wp-element-caption\"><a href=\"https:\/\/drive.google.com\/open?id=1x5nPabwJvwYnBCyIMmVacBHinOGdri-o&amp;usp=drive_fs\" type=\"link\" id=\"https:\/\/drive.google.com\/open?id=1jmFj5aT2U8s1CCvuujiwLieD4lBe63dx&amp;usp=drive_fs\" target=\"_blank\" rel=\"noreferrer noopener\">T\u00e9l\u00e9charger le fly ici<\/a><\/figcaption><\/figure>\n\n\n\n<figure data-wp-context=\"{&quot;imageId&quot;:&quot;69e0761c372e4&quot;}\" data-wp-interactive=\"core\/image\" class=\"wp-block-image aligncenter size-large is-resized wp-lightbox-container\"><img loading=\"lazy\" decoding=\"async\" width=\"1024\" height=\"683\" data-wp-class--hide=\"state.isContentHidden\" data-wp-class--show=\"state.isContentVisible\" data-wp-init=\"callbacks.setButtonStyles\" data-wp-on-async--click=\"actions.showLightbox\" data-wp-on-async--load=\"callbacks.setButtonStyles\" data-wp-on-async-window--resize=\"callbacks.setButtonStyles\" src=\"https:\/\/studio-zebre.com\/site\/wp-content\/uploads\/2024\/08\/0022_23-11-0716-16STUDIO_M17527_WEB-1024x683.jpg\" alt=\"\" class=\"wp-image-2759\" style=\"width:300px\" srcset=\"https:\/\/studio-zebre.com\/site\/wp-content\/uploads\/2024\/08\/0022_23-11-0716-16STUDIO_M17527_WEB-1024x683.jpg 1024w, https:\/\/studio-zebre.com\/site\/wp-content\/uploads\/2024\/08\/0022_23-11-0716-16STUDIO_M17527_WEB-300x200.jpg 300w, https:\/\/studio-zebre.com\/site\/wp-content\/uploads\/2024\/08\/0022_23-11-0716-16STUDIO_M17527_WEB.jpg 1600w\" sizes=\"auto, (max-width: 1024px) 100vw, 1024px\" \/><button\n\t\t\tclass=\"lightbox-trigger\"\n\t\t\ttype=\"button\"\n\t\t\taria-haspopup=\"dialog\"\n\t\t\taria-label=\"Agrandir\"\n\t\t\tdata-wp-init=\"callbacks.initTriggerButton\"\n\t\t\tdata-wp-on-async--click=\"actions.showLightbox\"\n\t\t\tdata-wp-style--right=\"state.imageButtonRight\"\n\t\t\tdata-wp-style--top=\"state.imageButtonTop\"\n\t\t>\n\t\t\t<svg xmlns=\"http:\/\/www.w3.org\/2000\/svg\" width=\"12\" height=\"12\" fill=\"none\" viewBox=\"0 0 12 12\">\n\t\t\t\t<path fill=\"#fff\" d=\"M2 0a2 2 0 0 0-2 2v2h1.5V2a.5.5 0 0 1 .5-.5h2V0H2Zm2 10.5H2a.5.5 0 0 1-.5-.5V8H0v2a2 2 0 0 0 2 2h2v-1.5ZM8 12v-1.5h2a.5.5 0 0 0 .5-.5V8H12v2a2 2 0 0 1-2 2H8Zm2-12a2 2 0 0 1 2 2v2h-1.5V2a.5.5 0 0 0-.5-.5H8V0h2Z\" \/>\n\t\t\t<\/svg>\n\t\t<\/button><\/figure>\n\n\n\n<figure data-wp-context=\"{&quot;imageId&quot;:&quot;69e0761c3775a&quot;}\" data-wp-interactive=\"core\/image\" class=\"wp-block-image aligncenter size-large is-resized wp-lightbox-container\"><img loading=\"lazy\" decoding=\"async\" width=\"683\" height=\"1024\" data-wp-class--hide=\"state.isContentHidden\" data-wp-class--show=\"state.isContentVisible\" data-wp-init=\"callbacks.setButtonStyles\" data-wp-on-async--click=\"actions.showLightbox\" data-wp-on-async--load=\"callbacks.setButtonStyles\" data-wp-on-async-window--resize=\"callbacks.setButtonStyles\" src=\"https:\/\/studio-zebre.com\/site\/wp-content\/uploads\/2026\/02\/0013_23-11-0715-26STUDIO_M17505_WEB-683x1024.jpg\" alt=\"\" class=\"wp-image-4265\" style=\"width:300px\" srcset=\"https:\/\/studio-zebre.com\/site\/wp-content\/uploads\/2026\/02\/0013_23-11-0715-26STUDIO_M17505_WEB-683x1024.jpg 683w, https:\/\/studio-zebre.com\/site\/wp-content\/uploads\/2026\/02\/0013_23-11-0715-26STUDIO_M17505_WEB-200x300.jpg 200w, https:\/\/studio-zebre.com\/site\/wp-content\/uploads\/2026\/02\/0013_23-11-0715-26STUDIO_M17505_WEB.jpg 1280w\" sizes=\"auto, (max-width: 683px) 100vw, 683px\" \/><button\n\t\t\tclass=\"lightbox-trigger\"\n\t\t\ttype=\"button\"\n\t\t\taria-haspopup=\"dialog\"\n\t\t\taria-label=\"Agrandir\"\n\t\t\tdata-wp-init=\"callbacks.initTriggerButton\"\n\t\t\tdata-wp-on-async--click=\"actions.showLightbox\"\n\t\t\tdata-wp-style--right=\"state.imageButtonRight\"\n\t\t\tdata-wp-style--top=\"state.imageButtonTop\"\n\t\t>\n\t\t\t<svg xmlns=\"http:\/\/www.w3.org\/2000\/svg\" width=\"12\" height=\"12\" fill=\"none\" viewBox=\"0 0 12 12\">\n\t\t\t\t<path fill=\"#fff\" d=\"M2 0a2 2 0 0 0-2 2v2h1.5V2a.5.5 0 0 1 .5-.5h2V0H2Zm2 10.5H2a.5.5 0 0 1-.5-.5V8H0v2a2 2 0 0 0 2 2h2v-1.5ZM8 12v-1.5h2a.5.5 0 0 0 .5-.5V8H12v2a2 2 0 0 1-2 2H8Zm2-12a2 2 0 0 1 2 2v2h-1.5V2a.5.5 0 0 0-.5-.5H8V0h2Z\" \/>\n\t\t\t<\/svg>\n\t\t<\/button><\/figure>\n\n\n\n<figure data-wp-context=\"{&quot;imageId&quot;:&quot;69e0761c37bf3&quot;}\" data-wp-interactive=\"core\/image\" class=\"wp-block-image aligncenter size-large is-resized wp-lightbox-container\"><img loading=\"lazy\" decoding=\"async\" width=\"1024\" height=\"683\" data-wp-class--hide=\"state.isContentHidden\" data-wp-class--show=\"state.isContentVisible\" data-wp-init=\"callbacks.setButtonStyles\" data-wp-on-async--click=\"actions.showLightbox\" data-wp-on-async--load=\"callbacks.setButtonStyles\" data-wp-on-async-window--resize=\"callbacks.setButtonStyles\" src=\"https:\/\/studio-zebre.com\/site\/wp-content\/uploads\/2024\/08\/0019_23-11-0716-09STUDIO_M17512_WEB-1-1024x683.jpg\" alt=\"\" class=\"wp-image-2755\" style=\"width:300px\" srcset=\"https:\/\/studio-zebre.com\/site\/wp-content\/uploads\/2024\/08\/0019_23-11-0716-09STUDIO_M17512_WEB-1-1024x683.jpg 1024w, https:\/\/studio-zebre.com\/site\/wp-content\/uploads\/2024\/08\/0019_23-11-0716-09STUDIO_M17512_WEB-1-300x200.jpg 300w, https:\/\/studio-zebre.com\/site\/wp-content\/uploads\/2024\/08\/0019_23-11-0716-09STUDIO_M17512_WEB-1.jpg 1600w\" sizes=\"auto, (max-width: 1024px) 100vw, 1024px\" \/><button\n\t\t\tclass=\"lightbox-trigger\"\n\t\t\ttype=\"button\"\n\t\t\taria-haspopup=\"dialog\"\n\t\t\taria-label=\"Agrandir\"\n\t\t\tdata-wp-init=\"callbacks.initTriggerButton\"\n\t\t\tdata-wp-on-async--click=\"actions.showLightbox\"\n\t\t\tdata-wp-style--right=\"state.imageButtonRight\"\n\t\t\tdata-wp-style--top=\"state.imageButtonTop\"\n\t\t>\n\t\t\t<svg xmlns=\"http:\/\/www.w3.org\/2000\/svg\" width=\"12\" height=\"12\" fill=\"none\" viewBox=\"0 0 12 12\">\n\t\t\t\t<path fill=\"#fff\" d=\"M2 0a2 2 0 0 0-2 2v2h1.5V2a.5.5 0 0 1 .5-.5h2V0H2Zm2 10.5H2a.5.5 0 0 1-.5-.5V8H0v2a2 2 0 0 0 2 2h2v-1.5ZM8 12v-1.5h2a.5.5 0 0 0 .5-.5V8H12v2a2 2 0 0 1-2 2H8Zm2-12a2 2 0 0 1 2 2v2h-1.5V2a.5.5 0 0 0-.5-.5H8V0h2Z\" \/>\n\t\t\t<\/svg>\n\t\t<\/button><\/figure>\n\n\n\n<figure data-wp-context=\"{&quot;imageId&quot;:&quot;69e0761c380f7&quot;}\" data-wp-interactive=\"core\/image\" class=\"wp-block-image aligncenter size-large is-resized wp-lightbox-container\"><img loading=\"lazy\" decoding=\"async\" width=\"1024\" height=\"683\" data-wp-class--hide=\"state.isContentHidden\" data-wp-class--show=\"state.isContentVisible\" data-wp-init=\"callbacks.setButtonStyles\" data-wp-on-async--click=\"actions.showLightbox\" data-wp-on-async--load=\"callbacks.setButtonStyles\" data-wp-on-async-window--resize=\"callbacks.setButtonStyles\" src=\"https:\/\/studio-zebre.com\/site\/wp-content\/uploads\/2024\/08\/0031_23-11-0717-05STUDIO_M17524_WEB-1024x683.jpg\" alt=\"\" class=\"wp-image-2989\" style=\"width:300px\" srcset=\"https:\/\/studio-zebre.com\/site\/wp-content\/uploads\/2024\/08\/0031_23-11-0717-05STUDIO_M17524_WEB-1024x683.jpg 1024w, https:\/\/studio-zebre.com\/site\/wp-content\/uploads\/2024\/08\/0031_23-11-0717-05STUDIO_M17524_WEB-300x200.jpg 300w, https:\/\/studio-zebre.com\/site\/wp-content\/uploads\/2024\/08\/0031_23-11-0717-05STUDIO_M17524_WEB-1536x1024.jpg 1536w, https:\/\/studio-zebre.com\/site\/wp-content\/uploads\/2024\/08\/0031_23-11-0717-05STUDIO_M17524_WEB-600x400.jpg 600w, https:\/\/studio-zebre.com\/site\/wp-content\/uploads\/2024\/08\/0031_23-11-0717-05STUDIO_M17524_WEB-1200x800.jpg 1200w, https:\/\/studio-zebre.com\/site\/wp-content\/uploads\/2024\/08\/0031_23-11-0717-05STUDIO_M17524_WEB.jpg 1600w\" sizes=\"auto, (max-width: 1024px) 100vw, 1024px\" \/><button\n\t\t\tclass=\"lightbox-trigger\"\n\t\t\ttype=\"button\"\n\t\t\taria-haspopup=\"dialog\"\n\t\t\taria-label=\"Agrandir\"\n\t\t\tdata-wp-init=\"callbacks.initTriggerButton\"\n\t\t\tdata-wp-on-async--click=\"actions.showLightbox\"\n\t\t\tdata-wp-style--right=\"state.imageButtonRight\"\n\t\t\tdata-wp-style--top=\"state.imageButtonTop\"\n\t\t>\n\t\t\t<svg xmlns=\"http:\/\/www.w3.org\/2000\/svg\" width=\"12\" height=\"12\" fill=\"none\" viewBox=\"0 0 12 12\">\n\t\t\t\t<path fill=\"#fff\" d=\"M2 0a2 2 0 0 0-2 2v2h1.5V2a.5.5 0 0 1 .5-.5h2V0H2Zm2 10.5H2a.5.5 0 0 1-.5-.5V8H0v2a2 2 0 0 0 2 2h2v-1.5ZM8 12v-1.5h2a.5.5 0 0 0 .5-.5V8H12v2a2 2 0 0 1-2 2H8Zm2-12a2 2 0 0 1 2 2v2h-1.5V2a.5.5 0 0 0-.5-.5H8V0h2Z\" \/>\n\t\t\t<\/svg>\n\t\t<\/button><\/figure>\n<\/div>\n<\/div>\n","protected":false},"excerpt":{"rendered":"<p>ENREGISTRER UNE GUITARE ELECTRIQUE PROCHAINE FORMATION : &#8211;Les 25 et 26 avril 2026&#8211;Les 9 et 10 mai 2026 &gt;&gt;&gt; INSCRIPTION ICI &lt;&lt;&lt; Public : musiciens et techniciens.Lieu : Studio Le Z\u00e8bre 68 rue des Granges 25000 Besan\u00e7on.Parking \u00e0 proximit\u00e9 : La Rodia, Saint Paul.Formateur : Flavien Van LanduytPrix : 170\u20ac, paiement avant le 31 mars.Horaire &hellip; <\/p>\n<p class=\"link-more\"><a href=\"https:\/\/studio-zebre.com\/site\/enregistrer-une-guitare-electrique\/\" class=\"more-link\">Lire la suite de<span class=\"screen-reader-text\">\u00ab\u00a0ENREGISTRER UNE GUITARE ELECTRIQUE\u00a0\u00bb<\/span><\/a><\/p>\n","protected":false},"author":1,"featured_media":4272,"parent":0,"menu_order":0,"comment_status":"closed","ping_status":"closed","template":"","meta":{"footnotes":""},"class_list":["post-4245","page","type-page","status-publish","has-post-thumbnail","hentry"],"yoast_head":"<!-- This site is optimized with the Yoast SEO plugin v27.4 - https:\/\/yoast.com\/product\/yoast-seo-wordpress\/ -->\n<title>ENREGISTRER UNE GUITARE ELECTRIQUE - Studio Le Z\u00e8bre<\/title>\n<meta name=\"description\" content=\"Studio Le Z\u00e8bre, Besan\u00e7on, enregistrement, mixage, mastering\" \/>\n<meta name=\"robots\" content=\"index, follow, max-snippet:-1, max-image-preview:large, max-video-preview:-1\" \/>\n<link rel=\"canonical\" href=\"https:\/\/studio-zebre.com\/site\/enregistrer-une-guitare-electrique\/\" \/>\n<meta property=\"og:locale\" content=\"fr_FR\" \/>\n<meta property=\"og:type\" content=\"article\" \/>\n<meta property=\"og:title\" content=\"ENREGISTRER UNE GUITARE ELECTRIQUE - Studio Le Z\u00e8bre\" \/>\n<meta property=\"og:description\" content=\"Studio Le Z\u00e8bre, Besan\u00e7on, enregistrement, mixage, mastering\" \/>\n<meta property=\"og:url\" content=\"https:\/\/studio-zebre.com\/site\/enregistrer-une-guitare-electrique\/\" \/>\n<meta property=\"og:site_name\" content=\"Studio Le Z\u00e8bre\" \/>\n<meta property=\"article:publisher\" content=\"https:\/\/www.facebook.com\/studiolezebre\" \/>\n<meta property=\"article:modified_time\" content=\"2026-03-01T16:49:37+00:00\" \/>\n<meta property=\"og:image\" content=\"https:\/\/studio-zebre.com\/site\/wp-content\/uploads\/2026\/02\/LE_ZEBRE_GTE_BANIERE.png\" \/>\n\t<meta property=\"og:image:width\" content=\"1240\" \/>\n\t<meta property=\"og:image:height\" content=\"582\" \/>\n\t<meta property=\"og:image:type\" content=\"image\/png\" \/>\n<meta name=\"twitter:label1\" content=\"Dur\u00e9e de lecture estim\u00e9e\" \/>\n\t<meta name=\"twitter:data1\" content=\"3 minutes\" \/>\n<script type=\"application\/ld+json\" class=\"yoast-schema-graph\">{\"@context\":\"https:\\\/\\\/schema.org\",\"@graph\":[{\"@type\":\"WebPage\",\"@id\":\"https:\\\/\\\/studio-zebre.com\\\/site\\\/enregistrer-une-guitare-electrique\\\/\",\"url\":\"https:\\\/\\\/studio-zebre.com\\\/site\\\/enregistrer-une-guitare-electrique\\\/\",\"name\":\"ENREGISTRER UNE GUITARE ELECTRIQUE - Studio Le Z\u00e8bre\",\"isPartOf\":{\"@id\":\"https:\\\/\\\/studio-zebre.com\\\/site\\\/#website\"},\"primaryImageOfPage\":{\"@id\":\"https:\\\/\\\/studio-zebre.com\\\/site\\\/enregistrer-une-guitare-electrique\\\/#primaryimage\"},\"image\":{\"@id\":\"https:\\\/\\\/studio-zebre.com\\\/site\\\/enregistrer-une-guitare-electrique\\\/#primaryimage\"},\"thumbnailUrl\":\"https:\\\/\\\/studio-zebre.com\\\/site\\\/wp-content\\\/uploads\\\/2026\\\/02\\\/LE_ZEBRE_GTE_BANIERE.png\",\"datePublished\":\"2026-02-16T11:11:32+00:00\",\"dateModified\":\"2026-03-01T16:49:37+00:00\",\"description\":\"Studio Le Z\u00e8bre, Besan\u00e7on, enregistrement, mixage, mastering\",\"breadcrumb\":{\"@id\":\"https:\\\/\\\/studio-zebre.com\\\/site\\\/enregistrer-une-guitare-electrique\\\/#breadcrumb\"},\"inLanguage\":\"fr-FR\",\"potentialAction\":[{\"@type\":\"ReadAction\",\"target\":[\"https:\\\/\\\/studio-zebre.com\\\/site\\\/enregistrer-une-guitare-electrique\\\/\"]}]},{\"@type\":\"ImageObject\",\"inLanguage\":\"fr-FR\",\"@id\":\"https:\\\/\\\/studio-zebre.com\\\/site\\\/enregistrer-une-guitare-electrique\\\/#primaryimage\",\"url\":\"https:\\\/\\\/studio-zebre.com\\\/site\\\/wp-content\\\/uploads\\\/2026\\\/02\\\/LE_ZEBRE_GTE_BANIERE.png\",\"contentUrl\":\"https:\\\/\\\/studio-zebre.com\\\/site\\\/wp-content\\\/uploads\\\/2026\\\/02\\\/LE_ZEBRE_GTE_BANIERE.png\",\"width\":1240,\"height\":582},{\"@type\":\"BreadcrumbList\",\"@id\":\"https:\\\/\\\/studio-zebre.com\\\/site\\\/enregistrer-une-guitare-electrique\\\/#breadcrumb\",\"itemListElement\":[{\"@type\":\"ListItem\",\"position\":1,\"name\":\"Home\",\"item\":\"https:\\\/\\\/studio-zebre.com\\\/site\\\/\"},{\"@type\":\"ListItem\",\"position\":2,\"name\":\"ENREGISTRER UNE GUITARE ELECTRIQUE\"}]},{\"@type\":\"WebSite\",\"@id\":\"https:\\\/\\\/studio-zebre.com\\\/site\\\/#website\",\"url\":\"https:\\\/\\\/studio-zebre.com\\\/site\\\/\",\"name\":\"Studio Le Z\u00e8bre\",\"description\":\"Sp\u00e9cialis\u00e9 dans l&#039;enregistrement musical depuis 1999 \u00e0 Besan\u00e7on.\",\"potentialAction\":[{\"@type\":\"SearchAction\",\"target\":{\"@type\":\"EntryPoint\",\"urlTemplate\":\"https:\\\/\\\/studio-zebre.com\\\/site\\\/?s={search_term_string}\"},\"query-input\":{\"@type\":\"PropertyValueSpecification\",\"valueRequired\":true,\"valueName\":\"search_term_string\"}}],\"inLanguage\":\"fr-FR\"}]}<\/script>\n<!-- \/ Yoast SEO plugin. -->","yoast_head_json":{"title":"ENREGISTRER UNE GUITARE ELECTRIQUE - Studio Le Z\u00e8bre","description":"Studio Le Z\u00e8bre, Besan\u00e7on, enregistrement, mixage, mastering","robots":{"index":"index","follow":"follow","max-snippet":"max-snippet:-1","max-image-preview":"max-image-preview:large","max-video-preview":"max-video-preview:-1"},"canonical":"https:\/\/studio-zebre.com\/site\/enregistrer-une-guitare-electrique\/","og_locale":"fr_FR","og_type":"article","og_title":"ENREGISTRER UNE GUITARE ELECTRIQUE - Studio Le Z\u00e8bre","og_description":"Studio Le Z\u00e8bre, Besan\u00e7on, enregistrement, mixage, mastering","og_url":"https:\/\/studio-zebre.com\/site\/enregistrer-une-guitare-electrique\/","og_site_name":"Studio Le Z\u00e8bre","article_publisher":"https:\/\/www.facebook.com\/studiolezebre","article_modified_time":"2026-03-01T16:49:37+00:00","og_image":[{"width":1240,"height":582,"url":"https:\/\/studio-zebre.com\/site\/wp-content\/uploads\/2026\/02\/LE_ZEBRE_GTE_BANIERE.png","type":"image\/png"}],"twitter_misc":{"Dur\u00e9e de lecture estim\u00e9e":"3 minutes"},"schema":{"@context":"https:\/\/schema.org","@graph":[{"@type":"WebPage","@id":"https:\/\/studio-zebre.com\/site\/enregistrer-une-guitare-electrique\/","url":"https:\/\/studio-zebre.com\/site\/enregistrer-une-guitare-electrique\/","name":"ENREGISTRER UNE GUITARE ELECTRIQUE - Studio Le Z\u00e8bre","isPartOf":{"@id":"https:\/\/studio-zebre.com\/site\/#website"},"primaryImageOfPage":{"@id":"https:\/\/studio-zebre.com\/site\/enregistrer-une-guitare-electrique\/#primaryimage"},"image":{"@id":"https:\/\/studio-zebre.com\/site\/enregistrer-une-guitare-electrique\/#primaryimage"},"thumbnailUrl":"https:\/\/studio-zebre.com\/site\/wp-content\/uploads\/2026\/02\/LE_ZEBRE_GTE_BANIERE.png","datePublished":"2026-02-16T11:11:32+00:00","dateModified":"2026-03-01T16:49:37+00:00","description":"Studio Le Z\u00e8bre, Besan\u00e7on, enregistrement, mixage, mastering","breadcrumb":{"@id":"https:\/\/studio-zebre.com\/site\/enregistrer-une-guitare-electrique\/#breadcrumb"},"inLanguage":"fr-FR","potentialAction":[{"@type":"ReadAction","target":["https:\/\/studio-zebre.com\/site\/enregistrer-une-guitare-electrique\/"]}]},{"@type":"ImageObject","inLanguage":"fr-FR","@id":"https:\/\/studio-zebre.com\/site\/enregistrer-une-guitare-electrique\/#primaryimage","url":"https:\/\/studio-zebre.com\/site\/wp-content\/uploads\/2026\/02\/LE_ZEBRE_GTE_BANIERE.png","contentUrl":"https:\/\/studio-zebre.com\/site\/wp-content\/uploads\/2026\/02\/LE_ZEBRE_GTE_BANIERE.png","width":1240,"height":582},{"@type":"BreadcrumbList","@id":"https:\/\/studio-zebre.com\/site\/enregistrer-une-guitare-electrique\/#breadcrumb","itemListElement":[{"@type":"ListItem","position":1,"name":"Home","item":"https:\/\/studio-zebre.com\/site\/"},{"@type":"ListItem","position":2,"name":"ENREGISTRER UNE GUITARE ELECTRIQUE"}]},{"@type":"WebSite","@id":"https:\/\/studio-zebre.com\/site\/#website","url":"https:\/\/studio-zebre.com\/site\/","name":"Studio Le Z\u00e8bre","description":"Sp\u00e9cialis\u00e9 dans l&#039;enregistrement musical depuis 1999 \u00e0 Besan\u00e7on.","potentialAction":[{"@type":"SearchAction","target":{"@type":"EntryPoint","urlTemplate":"https:\/\/studio-zebre.com\/site\/?s={search_term_string}"},"query-input":{"@type":"PropertyValueSpecification","valueRequired":true,"valueName":"search_term_string"}}],"inLanguage":"fr-FR"}]}},"featured_media_urls":{"thumbnail":["https:\/\/studio-zebre.com\/site\/wp-content\/uploads\/2026\/02\/LE_ZEBRE_GTE_BANIERE-150x150.png",150,150,true],"medium":["https:\/\/studio-zebre.com\/site\/wp-content\/uploads\/2026\/02\/LE_ZEBRE_GTE_BANIERE-300x141.png",300,141,true],"medium_large":["https:\/\/studio-zebre.com\/site\/wp-content\/uploads\/2026\/02\/LE_ZEBRE_GTE_BANIERE.png",768,360,false],"large":["https:\/\/studio-zebre.com\/site\/wp-content\/uploads\/2026\/02\/LE_ZEBRE_GTE_BANIERE-1024x481.png",950,446,true],"1536x1536":["https:\/\/studio-zebre.com\/site\/wp-content\/uploads\/2026\/02\/LE_ZEBRE_GTE_BANIERE.png",1240,582,false],"2048x2048":["https:\/\/studio-zebre.com\/site\/wp-content\/uploads\/2026\/02\/LE_ZEBRE_GTE_BANIERE.png",1240,582,false],"inspiro-featured-image":["https:\/\/studio-zebre.com\/site\/wp-content\/uploads\/2026\/02\/LE_ZEBRE_GTE_BANIERE.png",1240,582,false],"inspiro-loop":["https:\/\/studio-zebre.com\/site\/wp-content\/uploads\/2026\/02\/LE_ZEBRE_GTE_BANIERE-950x320.png",950,320,true],"inspiro-loop@2x":["https:\/\/studio-zebre.com\/site\/wp-content\/uploads\/2026\/02\/LE_ZEBRE_GTE_BANIERE.png",1240,582,false],"portfolio_item-thumbnail":["https:\/\/studio-zebre.com\/site\/wp-content\/uploads\/2026\/02\/LE_ZEBRE_GTE_BANIERE-600x400.png",600,400,true],"portfolio_item-thumbnail@2x":["https:\/\/studio-zebre.com\/site\/wp-content\/uploads\/2026\/02\/LE_ZEBRE_GTE_BANIERE-1200x582.png",1200,582,true],"portfolio_item-masonry":["https:\/\/studio-zebre.com\/site\/wp-content\/uploads\/2026\/02\/LE_ZEBRE_GTE_BANIERE-600x282.png",600,282,true],"portfolio_item-masonry@2x":["https:\/\/studio-zebre.com\/site\/wp-content\/uploads\/2026\/02\/LE_ZEBRE_GTE_BANIERE-1200x563.png",1200,563,true],"portfolio_item-thumbnail_cinema":["https:\/\/studio-zebre.com\/site\/wp-content\/uploads\/2026\/02\/LE_ZEBRE_GTE_BANIERE-800x335.png",800,335,true],"portfolio_item-thumbnail_portrait":["https:\/\/studio-zebre.com\/site\/wp-content\/uploads\/2026\/02\/LE_ZEBRE_GTE_BANIERE-600x582.png",600,582,true],"portfolio_item-thumbnail_portrait@2x":["https:\/\/studio-zebre.com\/site\/wp-content\/uploads\/2026\/02\/LE_ZEBRE_GTE_BANIERE-1200x582.png",1200,582,true],"portfolio_item-thumbnail_square":["https:\/\/studio-zebre.com\/site\/wp-content\/uploads\/2026\/02\/LE_ZEBRE_GTE_BANIERE-800x582.png",800,582,true]},"_links":{"self":[{"href":"https:\/\/studio-zebre.com\/site\/wp-json\/wp\/v2\/pages\/4245","targetHints":{"allow":["GET"]}}],"collection":[{"href":"https:\/\/studio-zebre.com\/site\/wp-json\/wp\/v2\/pages"}],"about":[{"href":"https:\/\/studio-zebre.com\/site\/wp-json\/wp\/v2\/types\/page"}],"author":[{"embeddable":true,"href":"https:\/\/studio-zebre.com\/site\/wp-json\/wp\/v2\/users\/1"}],"replies":[{"embeddable":true,"href":"https:\/\/studio-zebre.com\/site\/wp-json\/wp\/v2\/comments?post=4245"}],"version-history":[{"count":14,"href":"https:\/\/studio-zebre.com\/site\/wp-json\/wp\/v2\/pages\/4245\/revisions"}],"predecessor-version":[{"id":4298,"href":"https:\/\/studio-zebre.com\/site\/wp-json\/wp\/v2\/pages\/4245\/revisions\/4298"}],"wp:featuredmedia":[{"embeddable":true,"href":"https:\/\/studio-zebre.com\/site\/wp-json\/wp\/v2\/media\/4272"}],"wp:attachment":[{"href":"https:\/\/studio-zebre.com\/site\/wp-json\/wp\/v2\/media?parent=4245"}],"curies":[{"name":"wp","href":"https:\/\/api.w.org\/{rel}","templated":true}]}}